{"id":828,"date":"2024-10-29T07:53:53","date_gmt":"2024-10-29T07:53:53","guid":{"rendered":"https:\/\/boya-machinery.com\/?post_type=product&#038;p=828"},"modified":"2025-04-07T08:01:41","modified_gmt":"2025-04-07T08:01:41","slug":"maquina-automatica-de-bordes-de-cinta","status":"publish","type":"product","link":"https:\/\/boya-machinery.com\/es\/product\/automatic-tape-edge-machine\/","title":{"rendered":"Mejor fabricante de m\u00e1quina autom\u00e1tica de bordes de cinta"},"content":{"rendered":"<p><strong>M\u00e1quina autom\u00e1tica de bordes de cinta<\/strong><\/p>\n<p style=\"font-weight: 100;\">Adopta cabezales de costura 300UB5<\/p>\n<p style=\"font-weight: 100;\">Velocidad de costura: 2800RPM<\/p>\n<p style=\"font-weight: 100;\">Min. y Max. Altura del colch\u00f3n: 50 a 450MM<\/p>\n<p style=\"font-weight: 100;\">Capacidad: 16 - 20 unidades\/hora<\/p>\n<p style=\"font-weight: 100;\">Banda transportadora antiest\u00e1tica.<\/p>\n<p style=\"font-weight: 100;\">El radio ajustable de las esquinas ofrece un c\u00f3modo encintado de las esquinas<\/p>\n<p style=\"font-weight: 100;\">Sistema de encintado de esquinas param\u00e9trico totalmente autom\u00e1tico<\/p>\n<p style=\"font-weight: 100;\">Fatiga m\u00ednima del operador<\/p>\n<p style=\"font-weight: 100;\">Tama\u00f1o de la mesa de trabajo: 4020MM*2050MM<\/p>","protected":false},"excerpt":{"rendered":"<p>https:\/\/youtu.be\/lBseJY4QSr4<\/p>\n<p>https:\/\/youtu.be\/gl59iJSf5W4<\/p>\n<p>Agilice el proceso de fabricaci\u00f3n de colchones con la m\u00e1quina autom\u00e1tica de bordes de cinta, dise\u00f1ada para ofrecer precisi\u00f3n, velocidad y fiabilidad.<\/p>\n<p style=\"font-weight: 100;\">La m\u00e1quina autom\u00e1tica de bordes de cinta reduce el tiempo de formaci\u00f3n y la intensidad de trabajo del operario, limita el riesgo del operario y reduce la exigencia de habilidades del operario. La mesa con cinta motorizada y el brazo de radio giran el colch\u00f3n para que el operario pueda permanecer inm\u00f3vil. El mecanismo de brazo abatible voltea y alinea el colch\u00f3n cuando el segundo lado est\u00e1 listo para el encintado.<\/p>\n<p style=\"font-weight: 100;\">\u00a0Colch\u00f3n cinta borde m\u00e1quina caracter\u00edsticas como abajo:<\/p>\n<p>Dise\u00f1o inteligente para aumentar la productividad incluso en colchones de gama alta y baja<\/p>\n<p>El operario permanece inm\u00f3vil, lo que le permite concentrarse en un acabado de calidad en lugar de maniobrar alrededor de la mesa.<\/p>\n<p>Una vez finalizado el canteado de un lado, empuje autom\u00e1ticamente el colch\u00f3n hasta una posici\u00f3n adecuada y, a continuaci\u00f3n, voltee el colch\u00f3n<\/p>\n<p>Empuja autom\u00e1ticamente el colch\u00f3n a la posici\u00f3n de cosido despu\u00e9s de darle la vuelta<\/p>\n<p>Los variadores de velocidad reducen autom\u00e1ticamente la velocidad en las curvas<\/p>\n<p>El cabezal de costura es ajustable en altura e inclinaci\u00f3n<\/p>\n<p>El exclusivo dise\u00f1o gira y voltea el colch\u00f3n autom\u00e1ticamente<\/p>\n<p>La m\u00e1quina ha aumentado la esquina estructura suplementaria para colchones pesados<\/p>","protected":false},"featured_media":830,"comment_status":"open","ping_status":"closed","template":"","meta":{"rank_math_lock_modified_date":false},"product_cat":[22],"product_tag":[],"class_list":{"0":"post-828","1":"product","2":"type-product","3":"status-publish","4":"has-post-thumbnail","6":"product_cat-tape-edge-machine","8":"first","9":"instock","10":"shipping-taxable","11":"product-type-simple"},"jetpack_sharing_enabled":true,"_links":{"self":[{"href":"https:\/\/boya-machinery.com\/es\/wp-json\/wp\/v2\/product\/828","targetHints":{"allow":["GET"]}}],"collection":[{"href":"https:\/\/boya-machinery.com\/es\/wp-json\/wp\/v2\/product"}],"about":[{"href":"https:\/\/boya-machinery.com\/es\/wp-json\/wp\/v2\/types\/product"}],"replies":[{"embeddable":true,"href":"https:\/\/boya-machinery.com\/es\/wp-json\/wp\/v2\/comments?post=828"}],"wp:featuredmedia":[{"embeddable":true,"href":"https:\/\/boya-machinery.com\/es\/wp-json\/wp\/v2\/media\/830"}],"wp:attachment":[{"href":"https:\/\/boya-machinery.com\/es\/wp-json\/wp\/v2\/media?parent=828"}],"wp:term":[{"taxonomy":"product_cat","embeddable":true,"href":"https:\/\/boya-machinery.com\/es\/wp-json\/wp\/v2\/product_cat?post=828"},{"taxonomy":"product_tag","embeddable":true,"href":"https:\/\/boya-machinery.com\/es\/wp-json\/wp\/v2\/product_tag?post=828"}],"curies":[{"name":"wp","href":"https:\/\/api.w.org\/{rel}","templated":true}]}}