{"id":833,"date":"2024-10-29T07:55:22","date_gmt":"2024-10-29T07:55:22","guid":{"rendered":"https:\/\/boya-machinery.com\/?post_type=product&#038;p=833"},"modified":"2025-04-09T02:32:45","modified_gmt":"2025-04-09T02:32:45","slug":"tape-edge-machine-for-mattress","status":"publish","type":"product","link":"https:\/\/boya-machinery.com\/es\/product\/tape-edge-machine-for-mattress\/","title":{"rendered":"La mejor m\u00e1quina de bordes de cinta para la producci\u00f3n de colchones"},"content":{"rendered":"<p><strong>M\u00e1quina de bordes de cinta para colchones<\/strong><\/p>\n<p style=\"font-weight: 100;\">Cabezal de costura: 300UB5 cabezales de costura<\/p>\n<p style=\"font-weight: 100;\">Velocidad de costura: 2800RPM<\/p>\n<p style=\"font-weight: 100;\">Min. y Max. Altura del colch\u00f3n: 80 a 450MM<\/p>\n<p style=\"font-weight: 100;\">Capacidad: 16 - 20 unidades\/hora<\/p>\n<p style=\"font-weight: 100;\">Banda transportadora antiest\u00e1tica.<\/p>\n<p style=\"font-weight: 100;\">El radio ajustable de las esquinas ofrece un c\u00f3modo encintado de las esquinas<\/p>\n<p style=\"font-weight: 100;\">Sistema de encintado de esquinas param\u00e9trico totalmente autom\u00e1tico<\/p>\n<p style=\"font-weight: 100;\">Fatiga m\u00ednima del operador<\/p>\n<p style=\"font-weight: 100;\">Tama\u00f1o de la mesa de trabajo: 4020MM*2050MM<\/p>","protected":false},"excerpt":{"rendered":"<p>https:\/\/youtu.be\/noTW5wVcf5s<\/p>\n<p>https:\/\/youtu.be\/EaB2tZXpIqE<\/p>\n<p>https:\/\/youtu.be\/GRa_RfUPFXk<\/p>\n<p>Perfecta para la fabricaci\u00f3n a gran escala o la producci\u00f3n de colchones a medida, la m\u00e1quina de bordes de cinta para colchones es imprescindible para las empresas que desean mantenerse a la cabeza en un mercado competitivo.<\/p>\n<p style=\"font-weight: 100;\">Reduce el tiempo de formaci\u00f3n, limita el riesgo de los empleados y deshabilita la operaci\u00f3n del borde de la cinta.<\/p>\n<p>Alinea y cose autom\u00e1ticamente los bordes del colch\u00f3n con una precisi\u00f3n impecable<\/p>\n<p>Cabezal de costura ajustable en altura para mayor comodidad y adaptabilidad del operario<\/p>\n<p style=\"font-weight: 100;\">La mesa con correas motorizadas y el brazo de radio giran el colch\u00f3n para que el operario pueda permanecer inm\u00f3vil.<\/p>\n<p style=\"font-weight: 100;\">El mecanismo de brazo abatible da la vuelta al colch\u00f3n cuando la segunda cara est\u00e1 lista para el encintado.<\/p>\n<p style=\"font-weight: 100;\">\u00a0Dise\u00f1o inteligente para aumentar la productividad incluso en colchones de gama alta<\/p>\n<p>El operario permanece inm\u00f3vil, lo que le permite concentrarse en un acabado de calidad en lugar de maniobrar alrededor de la mesa.<\/p>\n<p>Accionamientos de velocidad variable que reducen autom\u00e1ticamente la velocidad en las curvas y rango de velocidad seleccionable<\/p>\n<p>El cabezal de costura es ajustable en altura e inclinaci\u00f3n<\/p>\n<p>El dise\u00f1o \u00fanico gira y voltea el colch\u00f3n autom\u00e1ticamente m\u00e1quina ha aumentado la esquina estructura suplementaria para colchones pesados.<\/p>","protected":false},"featured_media":1709,"comment_status":"open","ping_status":"closed","template":"","meta":{"rank_math_lock_modified_date":false},"product_cat":[22],"product_tag":[],"class_list":{"0":"post-833","1":"product","2":"type-product","3":"status-publish","4":"has-post-thumbnail","6":"product_cat-tape-edge-machine","8":"first","9":"instock","10":"shipping-taxable","11":"product-type-simple"},"jetpack_sharing_enabled":true,"_links":{"self":[{"href":"https:\/\/boya-machinery.com\/es\/wp-json\/wp\/v2\/product\/833","targetHints":{"allow":["GET"]}}],"collection":[{"href":"https:\/\/boya-machinery.com\/es\/wp-json\/wp\/v2\/product"}],"about":[{"href":"https:\/\/boya-machinery.com\/es\/wp-json\/wp\/v2\/types\/product"}],"replies":[{"embeddable":true,"href":"https:\/\/boya-machinery.com\/es\/wp-json\/wp\/v2\/comments?post=833"}],"wp:featuredmedia":[{"embeddable":true,"href":"https:\/\/boya-machinery.com\/es\/wp-json\/wp\/v2\/media\/1709"}],"wp:attachment":[{"href":"https:\/\/boya-machinery.com\/es\/wp-json\/wp\/v2\/media?parent=833"}],"wp:term":[{"taxonomy":"product_cat","embeddable":true,"href":"https:\/\/boya-machinery.com\/es\/wp-json\/wp\/v2\/product_cat?post=833"},{"taxonomy":"product_tag","embeddable":true,"href":"https:\/\/boya-machinery.com\/es\/wp-json\/wp\/v2\/product_tag?post=833"}],"curies":[{"name":"wp","href":"https:\/\/api.w.org\/{rel}","templated":true}]}}