{"id":834,"date":"2024-10-29T07:56:35","date_gmt":"2024-10-29T07:56:35","guid":{"rendered":"https:\/\/boya-machinery.com\/?post_type=product&#038;p=834"},"modified":"2025-09-26T01:15:40","modified_gmt":"2025-09-26T01:15:40","slug":"tape-edge-mattress-machine","status":"publish","type":"product","link":"https:\/\/boya-machinery.com\/es\/product\/tape-edge-mattress-machine\/","title":{"rendered":"Cinta adhesiva para colchones barata"},"content":{"rendered":"<p><strong>M\u00e1quina para colchones con bordes de cinta<\/strong><\/p>\n<p style=\"font-weight: 100;\">Cabezal de costura: Cabezales de costura 300U<\/p>\n<p style=\"font-weight: 100;\">Velocidad de costura: 2800RPM<\/p>\n<p style=\"font-weight: 100;\">Min. y Max. Altura del colch\u00f3n: 50M a 350M O 50M a 400M<\/p>\n<p style=\"font-weight: 100;\">Capacidad: 16 - 20 unidades\/hora<\/p>\n<p style=\"font-weight: 100;\">Banda transportadora antiest\u00e1tica.<\/p>\n<p style=\"font-weight: 100;\">El radio ajustable de las esquinas ofrece un c\u00f3modo encintado de las esquinas<\/p>\n<p style=\"font-weight: 100;\">Sistema de encintado de esquinas param\u00e9trico totalmente autom\u00e1tico<\/p>\n<p style=\"font-weight: 100;\">Fatiga m\u00ednima del operador<\/p>\n<p style=\"font-weight: 100;\">Tama\u00f1o de la mesa de trabajo: 3750MM*2050MM 4020MM*2050MM<\/p>","protected":false},"excerpt":{"rendered":"<p>https:\/\/youtu.be\/jdpHr5m5ezQ<\/p>\n<p>https:\/\/youtu.be\/nlWSNRwRZ08<\/p>\n<p>&nbsp;<\/p>\n<p style=\"font-weight: 100;\">Esta m\u00e1quina de colchones con borde de cinta reduce el tiempo de formaci\u00f3n, limita el riesgo de los empleados y deshabilita la operaci\u00f3n de borde de cinta.<\/p>\n<p style=\"font-weight: 100;\">La mesa con correas motorizadas y el brazo de radio giran el colch\u00f3n para que el operario pueda permanecer inm\u00f3vil.<\/p>\n<p style=\"font-weight: 100;\">El mecanismo de brazo abatible da la vuelta al colch\u00f3n cuando la segunda cara est\u00e1 lista para el encintado.<\/p>\n<p style=\"font-weight: 100;\">Dise\u00f1o inteligente para aumentar la productividad incluso en los colchones de gama alta.<\/p>\n<p>El operario permanece inm\u00f3vil, lo que le permite concentrarse en un acabado de calidad en lugar de maniobrar alrededor de la mesa.<\/p>\n<p>Accionamientos de velocidad variable que reducen autom\u00e1ticamente la velocidad en las curvas y rango de velocidad seleccionable<\/p>\n<p>El cabezal de costura es ajustable en altura e inclinaci\u00f3n<\/p>\n<p>La m\u00e1quina de colchones Tape edge de dise\u00f1o \u00fanico gira y voltea el colch\u00f3n autom\u00e1ticamente<\/p>\n<p>Eficiencia superior: Automatiza los procesos de acabado de bordes, aumentando significativamente la velocidad de producci\u00f3n.<\/p>\n<p>Funciones personalizables: Se adapta a diversos requisitos de producci\u00f3n con ajustes regulables<\/p>\n<p>Calidad uniforme: Consigue resultados uniformes en todos los productos, impulsando la reputaci\u00f3n de la marca.<\/p>\n<p>Acabado de colchones de espuma, colchones de muelles internos y dise\u00f1os h\u00edbridos<\/p>\n<p>Perfecto para colchones a medida o l\u00edneas de producci\u00f3n est\u00e1ndar<\/p>\n<p>Garantiza un ribeteado de calidad profesional para las marcas de colchones de gama alta<\/p>","protected":false},"featured_media":835,"comment_status":"open","ping_status":"closed","template":"","meta":{"rank_math_lock_modified_date":false},"product_cat":[22],"product_tag":[],"class_list":{"0":"post-834","1":"product","2":"type-product","3":"status-publish","4":"has-post-thumbnail","6":"product_cat-tape-edge-machine","8":"first","9":"instock","10":"shipping-taxable","11":"product-type-simple"},"jetpack_sharing_enabled":true,"_links":{"self":[{"href":"https:\/\/boya-machinery.com\/es\/wp-json\/wp\/v2\/product\/834","targetHints":{"allow":["GET"]}}],"collection":[{"href":"https:\/\/boya-machinery.com\/es\/wp-json\/wp\/v2\/product"}],"about":[{"href":"https:\/\/boya-machinery.com\/es\/wp-json\/wp\/v2\/types\/product"}],"replies":[{"embeddable":true,"href":"https:\/\/boya-machinery.com\/es\/wp-json\/wp\/v2\/comments?post=834"}],"wp:featuredmedia":[{"embeddable":true,"href":"https:\/\/boya-machinery.com\/es\/wp-json\/wp\/v2\/media\/835"}],"wp:attachment":[{"href":"https:\/\/boya-machinery.com\/es\/wp-json\/wp\/v2\/media?parent=834"}],"wp:term":[{"taxonomy":"product_cat","embeddable":true,"href":"https:\/\/boya-machinery.com\/es\/wp-json\/wp\/v2\/product_cat?post=834"},{"taxonomy":"product_tag","embeddable":true,"href":"https:\/\/boya-machinery.com\/es\/wp-json\/wp\/v2\/product_tag?post=834"}],"curies":[{"name":"wp","href":"https:\/\/api.w.org\/{rel}","templated":true}]}}