{"id":836,"date":"2024-10-29T07:58:05","date_gmt":"2024-10-29T07:58:05","guid":{"rendered":"https:\/\/boya-machinery.com\/?post_type=product&#038;p=836"},"modified":"2025-04-09T02:57:09","modified_gmt":"2025-04-09T02:57:09","slug":"tape-edge-machines","status":"publish","type":"product","link":"https:\/\/boya-machinery.com\/es\/product\/tape-edge-machines\/","title":{"rendered":"M\u00e1quinas populares del borde de la cinta de China"},"content":{"rendered":"<p><strong>Canteadoras<\/strong><\/p>\n<p>Ralentizaci\u00f3n autom\u00e1tica en curva: s\u00ed<\/p>\n<p>Cabezal de costura: Puntada de cadeneta<\/p>\n<p>\u00c1ngulo de funcionamiento del cabezal: 35-55<\/p>\n<p>\u00c1rea de costura del grosor del colch\u00f3n: 10-480 mm<\/p>\n<p>Elevaci\u00f3n de la mesa de trabajo: El\u00e9ctrico<\/p>\n<p>Tama\u00f1o de la mesa de trabajo: 1600*2050mm<\/p>\n<p>Velocidad del cabezal de cosido: 3000r\/min<\/p>\n<p>Tipo de motor: motor monof\u00e1sico\/trif\u00e1sico<\/p>\n<p>Potencia total: 1,12 kW<\/p>","protected":false},"excerpt":{"rendered":"<p>https:\/\/youtu.be\/u2prC2N7aaQ<\/p>\n<p>https:\/\/youtu.be\/48BwGqL11Gk<\/p>\n<p>Una m\u00e1quina de bordes de cinta para colchones es un equipo esencial dise\u00f1ado para dar el toque final a los colchones cosiendo el borde de cinta alrededor del per\u00edmetro del colch\u00f3n.<\/p>\n<p style=\"font-weight: 100;\">Esta m\u00e1quina se utiliza principalmente para ribetear paneles de colchones, sacos de dormir y sof\u00e1s.<\/p>\n<p style=\"font-weight: 100;\">La mesa se apoya en un cojinete independiente de alta resistencia y una mesa elevadora el\u00e9ctrica hace que la mesa trabaje de forma estable.<\/p>\n<p style=\"font-weight: 100;\">Una columna de alimentaci\u00f3n oculta en el interior hace que la m\u00e1quina no tenga requisitos especiales de espacio de instalaci\u00f3n.<\/p>\n<p>Para esta m\u00e1quina del borde de la cinta, tenemos dos opciones para la tabla, una es acero inoxidable y una es baquelita, el cliente puede elegir basado en su demanda<\/p>\n<p>El tablero de baquelita es resistente a la humedad cuando llueve.<\/p>\n<p>Con una altura de mesa ajustable, la m\u00e1quina se adapta a diferentes grosores de colch\u00f3n<\/p>\n<p>Construida para ser eficiente, la m\u00e1quina funciona a altas velocidades (2800rpm), otras son de 1400rpm, ideal para fabricantes de colchones que buscan mantener una alta tasa de producci\u00f3n sin comprometer la calidad de la costura de los bordes.<\/p>\n<p>Las m\u00e1quinas de bordes de cinta act\u00faan como una uni\u00f3n segura que impide que las capas se desplacen, ayudando a los colchones a mantener su forma y prolongando su vida \u00fatil.<\/p>\n<pre id=\"tw-target-text\" class=\"tw-data-text tw-text-large tw-ta\" dir=\"ltr\" data-placeholder=\"Translation\" data-ved=\"2ahUKEwjX5rPcmbiJAxUT2AIHHeVkGaQQ3ewLegQICRAU\" aria-label=\"Texto traducido: A prueba de humedad\"><\/pre>","protected":false},"featured_media":1712,"comment_status":"open","ping_status":"closed","template":"","meta":{"rank_math_lock_modified_date":false},"product_cat":[22],"product_tag":[],"class_list":{"0":"post-836","1":"product","2":"type-product","3":"status-publish","4":"has-post-thumbnail","6":"product_cat-tape-edge-machine","8":"first","9":"instock","10":"shipping-taxable","11":"product-type-simple"},"jetpack_sharing_enabled":true,"_links":{"self":[{"href":"https:\/\/boya-machinery.com\/es\/wp-json\/wp\/v2\/product\/836","targetHints":{"allow":["GET"]}}],"collection":[{"href":"https:\/\/boya-machinery.com\/es\/wp-json\/wp\/v2\/product"}],"about":[{"href":"https:\/\/boya-machinery.com\/es\/wp-json\/wp\/v2\/types\/product"}],"replies":[{"embeddable":true,"href":"https:\/\/boya-machinery.com\/es\/wp-json\/wp\/v2\/comments?post=836"}],"wp:featuredmedia":[{"embeddable":true,"href":"https:\/\/boya-machinery.com\/es\/wp-json\/wp\/v2\/media\/1712"}],"wp:attachment":[{"href":"https:\/\/boya-machinery.com\/es\/wp-json\/wp\/v2\/media?parent=836"}],"wp:term":[{"taxonomy":"product_cat","embeddable":true,"href":"https:\/\/boya-machinery.com\/es\/wp-json\/wp\/v2\/product_cat?post=836"},{"taxonomy":"product_tag","embeddable":true,"href":"https:\/\/boya-machinery.com\/es\/wp-json\/wp\/v2\/product_tag?post=836"}],"curies":[{"name":"wp","href":"https:\/\/api.w.org\/{rel}","templated":true}]}}