{"id":837,"date":"2024-10-29T07:59:43","date_gmt":"2024-10-29T07:59:43","guid":{"rendered":"https:\/\/boya-machinery.com\/?post_type=product&#038;p=837"},"modified":"2025-03-25T01:08:56","modified_gmt":"2025-03-25T01:08:56","slug":"mattress-smart-sewing-machine","status":"publish","type":"product","link":"https:\/\/boya-machinery.com\/es\/product\/mattress-smart-sewing-machine\/","title":{"rendered":"M\u00e1quina de coser inteligente con colch\u00f3n \u00fanico"},"content":{"rendered":"<p><strong>M\u00e1quina de coser inteligente para colchones<\/strong><\/p>\n<p style=\"font-weight: 100;\">Cabezal de costura: cabezal de boca peque\u00f1a<\/p>\n<p style=\"font-weight: 100;\">Ancho de rebordeado: 4MM<\/p>\n<p style=\"font-weight: 100;\">Paso de aguja\uff1a3,7MM<\/p>\n<p style=\"font-weight: 100;\">Prensatelas\uff1a7MM<\/p>\n<p style=\"font-weight: 100;\">Max. Velocidad:3000RPM<\/p>\n<p style=\"font-weight: 100;\">Potencia del motor:550W<\/p>","protected":false},"excerpt":{"rendered":"<p>https:\/\/youtu.be\/0r_pc6AZrc8<\/p>\n<p style=\"font-weight: 100;\">Esta m\u00e1quina de coser inteligente colch\u00f3n se utiliza principalmente para coser la apertura de espuma o cubierta de l\u00e1tex<\/p>\n<p style=\"font-weight: 100;\">El equipo adopta una m\u00e1quina de coser overlock de boca peque\u00f1a Pegasus y una mesa de transporte automatizada, el operario puede terminar la costura lineal de la abertura de la funda de espuma o l\u00e1tex sin moverse. Una vez finalizada la costura, el transporte puede enviar el colch\u00f3n al siguiente proceso.<\/p>\n<p style=\"font-weight: 100;\">Dise\u00f1o automatizado de la mesa de transporte, reduce la dificultad del operario para mover el colch\u00f3n antes y despu\u00e9s de coser.<\/p>\n<p style=\"font-weight: 100;\">La posici\u00f3n de funcionamiento fija ayuda al operario a concentrarse en la calidad<\/p>\n<p style=\"font-weight: 100;\">Velocidad de costura y transporte regulables<\/p>\n<p style=\"font-weight: 100;\">Altura y \u00e1ngulo del cabezal de costura ajustables<\/p>","protected":false},"featured_media":838,"comment_status":"open","ping_status":"closed","template":"","meta":{"rank_math_lock_modified_date":false},"product_cat":[23],"product_tag":[],"class_list":{"0":"post-837","1":"product","2":"type-product","3":"status-publish","4":"has-post-thumbnail","6":"product_cat-smart-sewing-machine","8":"first","9":"instock","10":"shipping-taxable","11":"product-type-simple"},"jetpack_sharing_enabled":true,"_links":{"self":[{"href":"https:\/\/boya-machinery.com\/es\/wp-json\/wp\/v2\/product\/837","targetHints":{"allow":["GET"]}}],"collection":[{"href":"https:\/\/boya-machinery.com\/es\/wp-json\/wp\/v2\/product"}],"about":[{"href":"https:\/\/boya-machinery.com\/es\/wp-json\/wp\/v2\/types\/product"}],"replies":[{"embeddable":true,"href":"https:\/\/boya-machinery.com\/es\/wp-json\/wp\/v2\/comments?post=837"}],"wp:featuredmedia":[{"embeddable":true,"href":"https:\/\/boya-machinery.com\/es\/wp-json\/wp\/v2\/media\/838"}],"wp:attachment":[{"href":"https:\/\/boya-machinery.com\/es\/wp-json\/wp\/v2\/media?parent=837"}],"wp:term":[{"taxonomy":"product_cat","embeddable":true,"href":"https:\/\/boya-machinery.com\/es\/wp-json\/wp\/v2\/product_cat?post=837"},{"taxonomy":"product_tag","embeddable":true,"href":"https:\/\/boya-machinery.com\/es\/wp-json\/wp\/v2\/product_tag?post=837"}],"curies":[{"name":"wp","href":"https:\/\/api.w.org\/{rel}","templated":true}]}}