{"id":853,"date":"2024-10-29T08:11:35","date_gmt":"2024-10-29T08:11:35","guid":{"rendered":"https:\/\/boya-machinery.com\/?post_type=product&#038;p=853"},"modified":"2025-03-25T01:37:23","modified_gmt":"2025-03-25T01:37:23","slug":"automatic-flanging-mattress-machine","status":"publish","type":"product","link":"https:\/\/boya-machinery.com\/es\/product\/automatic-flanging-mattress-machine\/","title":{"rendered":"La mejor m\u00e1quina autom\u00e1tica para rebordear colchones"},"content":{"rendered":"<p><strong>M\u00e1quina autom\u00e1tica para rebordear colchones<\/strong><\/p>\n<p>Velocidad m\u00e1xima de cosido: 4000RPM<\/p>\n<p>Grosor de las bridas: 10-90 mm<\/p>\n<p>Ancho de rebordeado: 25 mm y 30 mm opcionales<\/p>\n<p>Altura del prensatelas: 19 mm<\/p>\n<p>&nbsp;<\/p>","protected":false},"excerpt":{"rendered":"<p>https:\/\/youtu.be\/PNdbfQCfhys<\/p>\n<p style=\"font-weight: 100;\">AFG-009 m\u00e1quina de rebordear (cabezal alternativo) con un sistema de control PLC, puede rebordear autom\u00e1ticamente el material para obtener el panel de tama\u00f1o y forma.<\/p>\n<p style=\"font-weight: 100;\">Mientras tanto, junto con una m\u00e1quina de acolchar, un operario puede manejar varios equipos al mismo tiempo, reduciendo los costes de mano de obra y aumentando la producci\u00f3n.<\/p>\n<p style=\"font-weight: 100;\">Brazo giratorio autom\u00e1tico<\/p>\n<p style=\"font-weight: 100;\">Costura autom\u00e1tica (brida)<\/p>\n<p style=\"font-weight: 100;\">Hilo de corte autom\u00e1tico y tela no tejida<\/p>\n<p style=\"font-weight: 100;\">Sistema de control PLC con interfaz de pantalla t\u00e1ctil<\/p>\n<p style=\"font-weight: 100;\">Tama\u00f1o y radio de las esquinas uniformes<\/p>","protected":false},"featured_media":1703,"comment_status":"open","ping_status":"closed","template":"","meta":{"rank_math_lock_modified_date":false},"product_cat":[23],"product_tag":[],"class_list":{"0":"post-853","1":"product","2":"type-product","3":"status-publish","4":"has-post-thumbnail","6":"product_cat-smart-sewing-machine","8":"first","9":"instock","10":"shipping-taxable","11":"product-type-simple"},"jetpack_sharing_enabled":true,"_links":{"self":[{"href":"https:\/\/boya-machinery.com\/es\/wp-json\/wp\/v2\/product\/853","targetHints":{"allow":["GET"]}}],"collection":[{"href":"https:\/\/boya-machinery.com\/es\/wp-json\/wp\/v2\/product"}],"about":[{"href":"https:\/\/boya-machinery.com\/es\/wp-json\/wp\/v2\/types\/product"}],"replies":[{"embeddable":true,"href":"https:\/\/boya-machinery.com\/es\/wp-json\/wp\/v2\/comments?post=853"}],"wp:featuredmedia":[{"embeddable":true,"href":"https:\/\/boya-machinery.com\/es\/wp-json\/wp\/v2\/media\/1703"}],"wp:attachment":[{"href":"https:\/\/boya-machinery.com\/es\/wp-json\/wp\/v2\/media?parent=853"}],"wp:term":[{"taxonomy":"product_cat","embeddable":true,"href":"https:\/\/boya-machinery.com\/es\/wp-json\/wp\/v2\/product_cat?post=853"},{"taxonomy":"product_tag","embeddable":true,"href":"https:\/\/boya-machinery.com\/es\/wp-json\/wp\/v2\/product_tag?post=853"}],"curies":[{"name":"wp","href":"https:\/\/api.w.org\/{rel}","templated":true}]}}