{"id":854,"date":"2024-10-29T08:13:07","date_gmt":"2024-10-29T08:13:07","guid":{"rendered":"https:\/\/boya-machinery.com\/?post_type=product&#038;p=854"},"modified":"2025-03-25T00:47:37","modified_gmt":"2025-03-25T00:47:37","slug":"automatic-mattress-flanging-machine","status":"publish","type":"product","link":"https:\/\/boya-machinery.com\/es\/product\/automatic-mattress-flanging-machine\/","title":{"rendered":"M\u00e1quina autom\u00e1tica para rebordear colchones Profit"},"content":{"rendered":"<p><strong>Rebordeadora autom\u00e1tica de colchones<\/strong><\/p>\n<p style=\"font-weight: 100;\">Tama\u00f1o de la mesa de trabajo de la m\u00e1quina: 415*202.5*80CM<\/p>\n<p style=\"font-weight: 100;\">Tama\u00f1o total de la m\u00e1quina: 415*260CM<\/p>\n<p style=\"font-weight: 100;\">Tama\u00f1o del embalaje de la m\u00e1quina\uff1a425*215*100cm y 100*100*100CM<\/p>\n<p style=\"font-weight: 100;\">N.W: 350KG G.W: 420kG<\/p>\n<p style=\"font-weight: 100;\">Tensi\u00f3n: 220V 1Fase 50\/60Hz<\/p>\n<p style=\"font-weight: 100;\">Potencia: 2,2 kW<\/p>","protected":false},"excerpt":{"rendered":"<p>https:\/\/youtube.com\/shorts\/nW7fQysgHFA<\/p>\n<p>Rebordeadora autom\u00e1tica de colchones dise\u00f1ada para ofrecer durabilidad, versatilidad y un funcionamiento sencillo, esta m\u00e1quina garantiza un acabado impecable de los bordes con una calidad constante, lo que aumenta la productividad y mejora el aspecto de sus colchones.<\/p>\n<p>Esta m\u00e1quina autom\u00e1tica para rebordear colchones est\u00e1 equipada con una intuitiva interfaz de pantalla t\u00e1ctil que facilita su manejo<\/p>\n<p>El potente motor permite coser a alta velocidad, reduciendo el tiempo de producci\u00f3n y manteniendo una calidad superior<\/p>\n<p style=\"font-weight: 100;\">SFG-008 es una m\u00e1quina de entrega autom\u00e1tica de material, transportada con una m\u00e1quina de rebordeado de esquina de giro auxiliar, con un cabezal de cosido de material grueso PEGASUS&amp; JUKI modificado, esta m\u00e1quina es f\u00e1cil de manejar, reduce el tiempo de formaci\u00f3n, mejora la eficiencia de trabajo y asegura la calidad del producto.<\/p>\n<p style=\"font-weight: 100;\">El transportador ayuda al cabezal de cosido a alimentar el material de forma sincronizada, reduce la carga del cabezal de cosido y prolonga la vida \u00fatil del cabezal de cosido.<\/p>\n<p style=\"font-weight: 100;\">Esta m\u00e1quina de coser inteligente al rebordear material extra grueso, el transportador con rebordeadora de material grueso entrega el material de forma sincronizada, girando autom\u00e1ticamente una esquina, reduciendo la fatiga del operario y reduciendo el tiempo de formaci\u00f3n.<\/p>\n<p style=\"font-weight: 100;\">Doblar la esquina autom\u00e1ticamente<\/p>\n<p style=\"font-weight: 100;\">Reduce la carga de trabajo, prolonga la vida \u00fatil del cabezal<\/p>\n<p style=\"font-weight: 100;\">El transportador entrega el material en l\u00ednea recta, creando un panel del mismo tama\u00f1o<\/p>\n<p style=\"font-weight: 100;\">Mejorar la eficacia<\/p>\n<p>Los controles sencillos y las funciones automatizadas lo hacen accesible para operadores de todos los niveles.<\/p>","protected":false},"featured_media":1702,"comment_status":"open","ping_status":"closed","template":"","meta":{"rank_math_lock_modified_date":false},"product_cat":[23],"product_tag":[],"class_list":{"0":"post-854","1":"product","2":"type-product","3":"status-publish","4":"has-post-thumbnail","6":"product_cat-smart-sewing-machine","8":"first","9":"instock","10":"shipping-taxable","11":"product-type-simple"},"jetpack_sharing_enabled":true,"_links":{"self":[{"href":"https:\/\/boya-machinery.com\/es\/wp-json\/wp\/v2\/product\/854","targetHints":{"allow":["GET"]}}],"collection":[{"href":"https:\/\/boya-machinery.com\/es\/wp-json\/wp\/v2\/product"}],"about":[{"href":"https:\/\/boya-machinery.com\/es\/wp-json\/wp\/v2\/types\/product"}],"replies":[{"embeddable":true,"href":"https:\/\/boya-machinery.com\/es\/wp-json\/wp\/v2\/comments?post=854"}],"wp:featuredmedia":[{"embeddable":true,"href":"https:\/\/boya-machinery.com\/es\/wp-json\/wp\/v2\/media\/1702"}],"wp:attachment":[{"href":"https:\/\/boya-machinery.com\/es\/wp-json\/wp\/v2\/media?parent=854"}],"wp:term":[{"taxonomy":"product_cat","embeddable":true,"href":"https:\/\/boya-machinery.com\/es\/wp-json\/wp\/v2\/product_cat?post=854"},{"taxonomy":"product_tag","embeddable":true,"href":"https:\/\/boya-machinery.com\/es\/wp-json\/wp\/v2\/product_tag?post=854"}],"curies":[{"name":"wp","href":"https:\/\/api.w.org\/{rel}","templated":true}]}}