{"id":856,"date":"2024-10-29T08:14:25","date_gmt":"2024-10-29T08:14:25","guid":{"rendered":"https:\/\/boya-machinery.com\/?post_type=product&#038;p=856"},"modified":"2025-03-25T01:05:26","modified_gmt":"2025-03-25T01:05:26","slug":"mattress-sewing-machine","status":"publish","type":"product","link":"https:\/\/boya-machinery.com\/es\/product\/mattress-sewing-machine\/","title":{"rendered":"La mejor m\u00e1quina de coser colchones de China"},"content":{"rendered":"<p><strong>M\u00e1quina de coser colchones<\/strong><\/p>\n<p style=\"font-weight: 100;\">Cabeza: PEGASUS cabeza de boca peque\u00f1a<\/p>\n<p style=\"font-weight: 100;\">Ancho de rebordeado: 4MM<\/p>\n<p style=\"font-weight: 100;\">Puntada de aguja\uff1a3.7MM<\/p>\n<p style=\"font-weight: 100;\">Prensatelas\uff1a7MM<\/p>\n<p style=\"font-weight: 100;\">Max. Velocidad:3000RPM<\/p>\n<p style=\"font-weight: 100;\">Potencia del motor:550W<\/p>","protected":false},"excerpt":{"rendered":"<p>https:\/\/youtu.be\/V-FkNP8mfqE<\/p>\n<p style=\"font-weight: 100;\">Esta m\u00e1quina de coser colchones se utiliza principalmente para coser la abertura de la funda de espuma o l\u00e1tex<\/p>\n<p style=\"font-weight: 100;\">Esta m\u00e1quina adopta una m\u00e1quina de coser de boca peque\u00f1a, con material de prensado autom\u00e1tico, cosiendo la abertura de la cubierta de espuma o l\u00e1tex con puntada lineal autom\u00e1ticamente, lo que puede hacer que la espuma o el l\u00e1tex sean m\u00e1s llenos y hermosos despu\u00e9s del sellado.<\/p>\n<p style=\"font-weight: 100;\">Con una mesa transportadora autom\u00e1tica, tras el sellado, el transportador entregar\u00e1 el producto acabado al siguiente proceso.<\/p>\n<p>El dise\u00f1o de transporte autom\u00e1tico reduce la dificultad de movimiento del operario antes y despu\u00e9s de coser<\/p>\n<p>Cabezal de cosido autom\u00e1tico<\/p>\n<p>Prensado autom\u00e1tico de material<\/p>\n<p>Altura del cabezal de costura ajustable<\/p>\n<p>Velocidad de cosido y entrega regulables<\/p>","protected":false},"featured_media":820,"comment_status":"open","ping_status":"closed","template":"","meta":{"rank_math_lock_modified_date":false},"product_cat":[23],"product_tag":[],"class_list":{"0":"post-856","1":"product","2":"type-product","3":"status-publish","4":"has-post-thumbnail","6":"product_cat-smart-sewing-machine","8":"first","9":"instock","10":"shipping-taxable","11":"product-type-simple"},"jetpack_sharing_enabled":true,"_links":{"self":[{"href":"https:\/\/boya-machinery.com\/es\/wp-json\/wp\/v2\/product\/856","targetHints":{"allow":["GET"]}}],"collection":[{"href":"https:\/\/boya-machinery.com\/es\/wp-json\/wp\/v2\/product"}],"about":[{"href":"https:\/\/boya-machinery.com\/es\/wp-json\/wp\/v2\/types\/product"}],"replies":[{"embeddable":true,"href":"https:\/\/boya-machinery.com\/es\/wp-json\/wp\/v2\/comments?post=856"}],"wp:featuredmedia":[{"embeddable":true,"href":"https:\/\/boya-machinery.com\/es\/wp-json\/wp\/v2\/media\/820"}],"wp:attachment":[{"href":"https:\/\/boya-machinery.com\/es\/wp-json\/wp\/v2\/media?parent=856"}],"wp:term":[{"taxonomy":"product_cat","embeddable":true,"href":"https:\/\/boya-machinery.com\/es\/wp-json\/wp\/v2\/product_cat?post=856"},{"taxonomy":"product_tag","embeddable":true,"href":"https:\/\/boya-machinery.com\/es\/wp-json\/wp\/v2\/product_tag?post=856"}],"curies":[{"name":"wp","href":"https:\/\/api.w.org\/{rel}","templated":true}]}}