{"id":857,"date":"2024-10-29T08:15:17","date_gmt":"2024-10-29T08:15:17","guid":{"rendered":"https:\/\/boya-machinery.com\/?post_type=product&#038;p=857"},"modified":"2025-04-07T08:07:31","modified_gmt":"2025-04-07T08:07:31","slug":"mattress-air-table","status":"publish","type":"product","link":"https:\/\/boya-machinery.com\/es\/product\/mattress-air-table\/","title":{"rendered":"Potente mesa de aire para la fabricaci\u00f3n de colchones"},"content":{"rendered":"<p><strong>Colch\u00f3n mesa de aire<\/strong><\/p>\n<p class=\"p\">Material antiest\u00e1tico ign\u00edfugo para la mesa<\/p>\n<p class=\"p\">Superficie lisa y duradera<\/p>\n<p class=\"p\">Armaz\u00f3n de aluminio ensamblado<\/p>\n<p class=\"p\">Tres ventiladores de suministro directo de aire de 250 W (o 370 W)<\/p>\n<p class=\"p\">Flujo de aire ajustable para diferentes tejidos de colch\u00f3n<\/p>\n<p class=\"p\">Tama\u00f1o de la mesa: 3600 * 2050MM<\/p>\n<p class=\"p\">","protected":false},"excerpt":{"rendered":"<p>https:\/\/youtu.be\/r290ih2Wi_U<\/p>\n<p>Esta mesa de colch\u00f3n de aire se utiliza para coser tela de colch\u00f3n y otras operaciones de costura<\/p>\n<p>El ventilador puede obtener gas en un espacio reducido. Por esta caracter\u00edstica, puede ser averagely distribuido a cada orificio de ventilaci\u00f3n.<\/p>\n<p>Con la ayuda del colch\u00f3n de aire del ventilador, la fricci\u00f3n entre la tela y la mesa se reduce significativamente, lo que resulta m\u00e1s c\u00f3modo para el usuario.<\/p>\n<p>Con este nuevo dise\u00f1o, se evitan en gran medida muchos movimientos manuales para la pesada tela del colch\u00f3n. Se consigue el m\u00e1ximo rendimiento.<\/p>","protected":false},"featured_media":810,"comment_status":"open","ping_status":"closed","template":"","meta":{"rank_math_lock_modified_date":false},"product_cat":[23],"product_tag":[],"class_list":{"0":"post-857","1":"product","2":"type-product","3":"status-publish","4":"has-post-thumbnail","6":"product_cat-smart-sewing-machine","8":"first","9":"instock","10":"shipping-taxable","11":"product-type-simple"},"jetpack_sharing_enabled":true,"_links":{"self":[{"href":"https:\/\/boya-machinery.com\/es\/wp-json\/wp\/v2\/product\/857","targetHints":{"allow":["GET"]}}],"collection":[{"href":"https:\/\/boya-machinery.com\/es\/wp-json\/wp\/v2\/product"}],"about":[{"href":"https:\/\/boya-machinery.com\/es\/wp-json\/wp\/v2\/types\/product"}],"replies":[{"embeddable":true,"href":"https:\/\/boya-machinery.com\/es\/wp-json\/wp\/v2\/comments?post=857"}],"wp:featuredmedia":[{"embeddable":true,"href":"https:\/\/boya-machinery.com\/es\/wp-json\/wp\/v2\/media\/810"}],"wp:attachment":[{"href":"https:\/\/boya-machinery.com\/es\/wp-json\/wp\/v2\/media?parent=857"}],"wp:term":[{"taxonomy":"product_cat","embeddable":true,"href":"https:\/\/boya-machinery.com\/es\/wp-json\/wp\/v2\/product_cat?post=857"},{"taxonomy":"product_tag","embeddable":true,"href":"https:\/\/boya-machinery.com\/es\/wp-json\/wp\/v2\/product_tag?post=857"}],"curies":[{"name":"wp","href":"https:\/\/api.w.org\/{rel}","templated":true}]}}