{"id":858,"date":"2024-10-29T08:16:54","date_gmt":"2024-10-29T08:16:54","guid":{"rendered":"https:\/\/boya-machinery.com\/?post_type=product&#038;p=858"},"modified":"2024-11-11T09:28:22","modified_gmt":"2024-11-11T09:28:22","slug":"mattress-label-machine","status":"publish","type":"product","link":"https:\/\/boya-machinery.com\/es\/product\/mattress-label-machine\/","title":{"rendered":"Fabricante de m\u00e1quinas de etiquetado de colchones baratas"},"content":{"rendered":"<p><strong>Etiquetadora de colchones<\/strong><\/p>\n<p>Envergadura\uff1a780mm<\/p>\n<p>Velocidad de costura\uff1a2500s.p.m<\/p>\n<p>Ancho de giro de la aguja\uff1a0 - 10mm<\/p>\n<p>Paso m\u00e1x. de aguja\uff1a6mm<\/p>\n<p>Espesor m\u00e1ximo de cosido\uff1a60mm<\/p>\n<p>Altura de elevaci\u00f3n del prensatelas\uff1a12mm<\/p>\n<p>Potencia del motor\uff1a600W<\/p>\n<p>Presi\u00f3n nominal\uff1a 0,5 - 0,8MPa<\/p>","protected":false},"excerpt":{"rendered":"<p>Estas m\u00e1quinas requieren un posicionamiento y un ajuste manuales, lo que las hace adecuadas para los fabricantes de colchones<\/p>\n<p>La m\u00e1quina de coser etiquetas para colchones es un equipo espec\u00edfico dise\u00f1ado para fijar de forma segura las etiquetas a los colchones, garantizando que permanezcan firmemente en su sitio durante toda la vida \u00fatil del colch\u00f3n.<\/p>\n<p>Las m\u00e1quinas de etiquetado de colchones son esenciales para los fabricantes de colchones, ya que proporcionan una soluci\u00f3n r\u00e1pida, fiable y profesional para la aplicaci\u00f3n de etiquetas.<\/p>\n<p>Con funciones para el etiquetado de colchones, estas m\u00e1quinas mejoran la presentaci\u00f3n de la marca y el aspecto profesional<\/p>\n<p>Esta m\u00e1quina adopta el hilo de enlace, un gancho giratorio grande, la barra de la aguja oscila hacia arriba y hacia abajo simult\u00e1neamente la alimentaci\u00f3n, formando una puntada de bloqueo en zigzag.<\/p>\n<p>El aspecto hermoso, estructura razonable, el uso de un sistema autom\u00e1tico de lubricaci\u00f3n de aceite, por lo que es un funcionamiento suave, de poco ruido, el cuerpo de la aguja de oscilaci\u00f3n razonable, por lo que la m\u00e1quina en zigzag paz sutural convertido libremente hacia arriba y hacia abajo simult\u00e1neamente estructura de alimentaci\u00f3n hace que sea f\u00e1cil de operar, coser buen efecto, hermosas puntadas<\/p>\n<p>Aseg\u00farese de que la m\u00e1quina puede coser los tipos y tama\u00f1os de etiquetas que utiliza; esta m\u00e1quina no puede coser etiquetas redondas o cuadradas de colch\u00f3n.<\/p>\n<p>Una m\u00e1quina de etiquetado de colchones es una herramienta esencial para los fabricantes de colchones, ya que agiliza el proceso de colocaci\u00f3n de etiquetas.<\/p>\n<p>&nbsp;<\/p>","protected":false},"featured_media":821,"comment_status":"open","ping_status":"closed","template":"","meta":{"rank_math_lock_modified_date":false},"product_cat":[25],"product_tag":[],"class_list":{"0":"post-858","1":"product","2":"type-product","3":"status-publish","4":"has-post-thumbnail","6":"product_cat-long-arm-machine","8":"first","9":"instock","10":"shipping-taxable","11":"product-type-simple"},"jetpack_sharing_enabled":true,"_links":{"self":[{"href":"https:\/\/boya-machinery.com\/es\/wp-json\/wp\/v2\/product\/858","targetHints":{"allow":["GET"]}}],"collection":[{"href":"https:\/\/boya-machinery.com\/es\/wp-json\/wp\/v2\/product"}],"about":[{"href":"https:\/\/boya-machinery.com\/es\/wp-json\/wp\/v2\/types\/product"}],"replies":[{"embeddable":true,"href":"https:\/\/boya-machinery.com\/es\/wp-json\/wp\/v2\/comments?post=858"}],"wp:featuredmedia":[{"embeddable":true,"href":"https:\/\/boya-machinery.com\/es\/wp-json\/wp\/v2\/media\/821"}],"wp:attachment":[{"href":"https:\/\/boya-machinery.com\/es\/wp-json\/wp\/v2\/media?parent=858"}],"wp:term":[{"taxonomy":"product_cat","embeddable":true,"href":"https:\/\/boya-machinery.com\/es\/wp-json\/wp\/v2\/product_cat?post=858"},{"taxonomy":"product_tag","embeddable":true,"href":"https:\/\/boya-machinery.com\/es\/wp-json\/wp\/v2\/product_tag?post=858"}],"curies":[{"name":"wp","href":"https:\/\/api.w.org\/{rel}","templated":true}]}}