{"id":859,"date":"2024-10-29T08:18:10","date_gmt":"2024-10-29T08:18:10","guid":{"rendered":"https:\/\/boya-machinery.com\/?post_type=product&#038;p=859"},"modified":"2025-03-19T07:35:41","modified_gmt":"2025-03-19T07:35:41","slug":"mattress-stitch-repair-machine","status":"publish","type":"product","link":"https:\/\/boya-machinery.com\/es\/product\/mattress-stitch-repair-machine\/","title":{"rendered":"Asombrosa m\u00e1quina de reparaci\u00f3n de costuras de colchones"},"content":{"rendered":"<p><strong>M\u00e1quina de reparaci\u00f3n de puntadas de colchones<\/strong><\/p>\n<p>Velocidad de costura: 120 - 1200spm<\/p>\n<p>Espesor m\u00e1ximo de cosido: 80 mm<\/p>\n<p>Altura de elevaci\u00f3n del prensatelas: 32MM(AGUJA 20MM)<\/p>\n<p>Potencia del motor:550W<\/p>\n<p>Presi\u00f3n nominal: 0,5-0,8Mpa<\/p>","protected":false},"excerpt":{"rendered":"<p>https:\/\/youtu.be\/RJqiOwmke7U<\/p>\n<p>La m\u00e1quina de reparaci\u00f3n de costuras de colchones es una m\u00e1quina de coser especializada dise\u00f1ada para reparar de forma r\u00e1pida y eficaz costuras, pespuntes y peque\u00f1os da\u00f1os en colchones.<\/p>\n<p>Esencial para fabricantes de colchones, minoristas y centros de servicio, esta m\u00e1quina permite la reparaci\u00f3n in situ de costuras abiertas, puntadas sueltas y peque\u00f1os desgarros del tejido, garantizando que los colchones mantengan su durabilidad, integridad estructural y atractivo est\u00e9tico.<\/p>\n<p>Esta m\u00e1quina es ideal para empresas que se ocupan de la renovaci\u00f3n o garant\u00eda de colchones, ya que ofrece una soluci\u00f3n rentable y eficaz para prolongar la vida \u00fatil de los colchones y preservar su calidad.<\/p>\n<p>Se utiliza principalmente para coser los apliques de los colchones.<\/p>\n<p>estas m\u00e1quinas ofrecen capacidades de reparaci\u00f3n b\u00e1sicas y requieren ajustes manuales, por lo que son adecuadas para necesidades de reparaci\u00f3n de bajo volumen<\/p>\n<p>Con ejes superior e inferior, as\u00ed como un servomotor de Taiw\u00e1n, esta m\u00e1quina puede localizar autom\u00e1ticamente la aguja.<\/p>\n<p>Equipada con un dispositivo de elevaci\u00f3n del prensatelas, la m\u00e1quina puede lograr un mejor aplique.<\/p>\n<p>Hace que el grueso colch\u00f3n sea m\u00e1s bonito.<\/p>\n<p>Al permitir reparaciones r\u00e1pidas y eficaces, esta m\u00e1quina prolonga la vida \u00fatil de los colchones, minimizando la necesidad de sustituci\u00f3n y reduciendo los residuos.<\/p>\n<p>una m\u00e1quina de reparaci\u00f3n de costuras de colchones es un equipo necesario para fabricantes de colchones, minoristas y centros de servicio, ya que les permite ofrecer reparaciones r\u00e1pidas y de alta calidad que mantienen los est\u00e1ndares del producto y mejoran la satisfacci\u00f3n del cliente.<\/p>","protected":false},"featured_media":811,"comment_status":"open","ping_status":"closed","template":"","meta":{"rank_math_lock_modified_date":false},"product_cat":[25],"product_tag":[],"class_list":{"0":"post-859","1":"product","2":"type-product","3":"status-publish","4":"has-post-thumbnail","6":"product_cat-long-arm-machine","8":"first","9":"instock","10":"shipping-taxable","11":"product-type-simple"},"jetpack_sharing_enabled":true,"_links":{"self":[{"href":"https:\/\/boya-machinery.com\/es\/wp-json\/wp\/v2\/product\/859","targetHints":{"allow":["GET"]}}],"collection":[{"href":"https:\/\/boya-machinery.com\/es\/wp-json\/wp\/v2\/product"}],"about":[{"href":"https:\/\/boya-machinery.com\/es\/wp-json\/wp\/v2\/types\/product"}],"replies":[{"embeddable":true,"href":"https:\/\/boya-machinery.com\/es\/wp-json\/wp\/v2\/comments?post=859"}],"wp:featuredmedia":[{"embeddable":true,"href":"https:\/\/boya-machinery.com\/es\/wp-json\/wp\/v2\/media\/811"}],"wp:attachment":[{"href":"https:\/\/boya-machinery.com\/es\/wp-json\/wp\/v2\/media?parent=859"}],"wp:term":[{"taxonomy":"product_cat","embeddable":true,"href":"https:\/\/boya-machinery.com\/es\/wp-json\/wp\/v2\/product_cat?post=859"},{"taxonomy":"product_tag","embeddable":true,"href":"https:\/\/boya-machinery.com\/es\/wp-json\/wp\/v2\/product_tag?post=859"}],"curies":[{"name":"wp","href":"https:\/\/api.w.org\/{rel}","templated":true}]}}