{"id":860,"date":"2024-10-29T08:20:59","date_gmt":"2024-10-29T08:20:59","guid":{"rendered":"https:\/\/boya-machinery.com\/?post_type=product&#038;p=860"},"modified":"2025-03-19T09:15:16","modified_gmt":"2025-03-19T09:15:16","slug":"mattress-quilting-machine","status":"publish","type":"product","link":"https:\/\/boya-machinery.com\/es\/product\/mattress-quilting-machine\/","title":{"rendered":"Popular m\u00e1quina acolchadora de colchones de alta velocidad"},"content":{"rendered":"<p><strong>Acolchadora de colchones<\/strong><\/p>\n<p>Dimensiones: 5050*1600*2300mm<\/p>\n<p>Anchura de acolchado: 2450 mm<\/p>\n<p>Hileras de agujas: 3<\/p>\n<p>Espacio entre hileras de agujas: 3\u2033+3\u2033<\/p>\n<p>Espacio entre agujas: 25,4 mm<\/p>\n<p>Desplazamiento del eje X 305mm<\/p>\n<p>Grosor del acolchado: menos de 80 mm<\/p>\n<p>Longitud de puntada: 1-12 mm<\/p>\n<p>Velocidad de funcionamiento:  60-230m\/hora<\/p>\n<p>Modelo de aguja: 160\/23<\/p>\n<p>Velocidad de acolchado: 100-1200r\/min<\/p>\n<p>Tensi\u00f3n: 380v\/50hz o 220v\/60hz, trif\u00e1sica<\/p>\n<p>Potencia total: 8 kW<\/p>\n<p>Peso bruto: 5000 kg<\/p>","protected":false},"excerpt":{"rendered":"<p>La m\u00e1quina acolchadora de colchones adapta la nueva barra de agujas de aleaci\u00f3n de aluminio y la placa de prensado se controla mediante un dispositivo de doble oscilaci\u00f3n sin leva que evita la lubricaci\u00f3n y el ensuciamiento del material.<\/p>\n<p>Protecci\u00f3n de seguridad por infrarrojos y funci\u00f3n de detecci\u00f3n de sensor de parada autom\u00e1tica.<\/p>\n<p>Las potentes funciones de combinaci\u00f3n de patrones y acolchado de varias filas (Tack &amp; Jump) le permiten acolchar diferentes patrones en cada fila en colchones de diferentes tama\u00f1os.<\/p>\n<p>M\u00e1quina acolchadora de colchones Adopta la funci\u00f3n internacional avanzada de corte de hilo, reduciendo eficazmente la probabilidad de salto de hilo, m\u00e1s estable.<\/p>\n<p>Utiliza un potente servomotor, puede soportar la m\u00e1quina funcionando m\u00e1s r\u00e1pido que nunca, y su velocidad de funcionamiento puede ser de hasta 1200RPM.<\/p>\n<p>Prueba de rotura de hilo, t\u00e9cnicas avanzadas y pr\u00e1cticas de prueba de rotura de hilo, la m\u00e1quina se detiene autom\u00e1ticamente cuando se rompe el hilo.<\/p>\n<p>Un husillo accionado por un servomotor, puede cambiar la velocidad y la inversi\u00f3n positiva, y cooperar con el software para completar la funci\u00f3n de recorte del hilo de corte.<\/p>\n<p>Cuerpo de m\u00e1quina de alta rigidez alta velocidad de marcha, marcha equilibrada, alta precisi\u00f3n, menor tasa de salto de hilos, patr\u00f3n de puntada perfecto.<\/p>\n<p style=\"font-weight: 100;\">Se utiliza ampliamente para acolchar colchones de alta calidad, colchas, edredones, ropa de cama, fundas de asiento, decoraci\u00f3n, tapicer\u00eda, etc.<\/p>","protected":false},"featured_media":861,"comment_status":"open","ping_status":"closed","template":"","meta":{"rank_math_lock_modified_date":false},"product_cat":[26],"product_tag":[],"class_list":{"0":"post-860","1":"product","2":"type-product","3":"status-publish","4":"has-post-thumbnail","6":"product_cat-quilting-machine","8":"first","9":"instock","10":"shipping-taxable","11":"product-type-simple"},"jetpack_sharing_enabled":true,"_links":{"self":[{"href":"https:\/\/boya-machinery.com\/es\/wp-json\/wp\/v2\/product\/860","targetHints":{"allow":["GET"]}}],"collection":[{"href":"https:\/\/boya-machinery.com\/es\/wp-json\/wp\/v2\/product"}],"about":[{"href":"https:\/\/boya-machinery.com\/es\/wp-json\/wp\/v2\/types\/product"}],"replies":[{"embeddable":true,"href":"https:\/\/boya-machinery.com\/es\/wp-json\/wp\/v2\/comments?post=860"}],"wp:featuredmedia":[{"embeddable":true,"href":"https:\/\/boya-machinery.com\/es\/wp-json\/wp\/v2\/media\/861"}],"wp:attachment":[{"href":"https:\/\/boya-machinery.com\/es\/wp-json\/wp\/v2\/media?parent=860"}],"wp:term":[{"taxonomy":"product_cat","embeddable":true,"href":"https:\/\/boya-machinery.com\/es\/wp-json\/wp\/v2\/product_cat?post=860"},{"taxonomy":"product_tag","embeddable":true,"href":"https:\/\/boya-machinery.com\/es\/wp-json\/wp\/v2\/product_tag?post=860"}],"curies":[{"name":"wp","href":"https:\/\/api.w.org\/{rel}","templated":true}]}}