{"id":862,"date":"2024-10-29T08:23:50","date_gmt":"2024-10-29T08:23:50","guid":{"rendered":"https:\/\/boya-machinery.com\/?post_type=product&#038;p=862"},"modified":"2025-03-19T09:23:59","modified_gmt":"2025-03-19T09:23:59","slug":"multi-needle-quilting-machine","status":"publish","type":"product","link":"https:\/\/boya-machinery.com\/es\/product\/multi-needle-quilting-machine\/","title":{"rendered":"Acolchadoras multiagujas populares de China"},"content":{"rendered":"<p><strong>M\u00e1quina de acolchar con varias agujas<\/strong><\/p>\n<p>Dimensi\u00f3n: 4800*1200*1800mm<\/p>\n<p>Anchura de acolchado: 2450 mm<\/p>\n<p>Hileras de agujas: 3<\/p>\n<p>Espacio entre hileras de agujas: 3\u2033+3\u2033<\/p>\n<p>Espacio entre agujas: 25,4 mm<\/p>\n<p>Desplazamiento del movimiento del eje X: 304,8 mm<\/p>\n<p>Grosor del acolchado: menos de 25 mm<\/p>\n<p>Longitud de puntada: 2-12 mm<\/p>\n<p>Velocidad de funcionamiento: 20-160 m\/hora<\/p>\n<p>Modelo de lanzadera: 10#<\/p>\n<p>Modelo de aguja: 19#<\/p>\n<p>Velocidad de acolchado: 100-1000r\/min<\/p>\n<p>Tensi\u00f3n: 380v\/50hz o 220v\/60hz, trif\u00e1sica<\/p>\n<p>Potencia total: 5,5 kW<\/p>\n<p>Peso bruto: 5000 kg<\/p>","protected":false},"excerpt":{"rendered":"<p>Velocidad ajustada por ordenador y la velocidad puede alcanzar1000r\/min.<\/p>\n<p>Sillines y rodillos accionados por equipos de servoaccionamiento, el husillo adopta el control de conversi\u00f3n de frecuencia.<\/p>\n<p>Sillas de montar que utilizan una m\u00e1quina de acolchar con un dise\u00f1o de alta rigidez. El soporte de tejido separado de las monturas reduce eficazmente la carga de funcionamiento del motor.<\/p>\n<p>El ordenador central adopta el sistema operativo integrado m\u00e1s avanzado y un chip de control de movimiento de desarrollo propio. Velocidad de respuesta r\u00e1pida, larga vida \u00fatil y buena estabilidad.<\/p>\n<p>Esta m\u00e1quina de acolchar de agujas m\u00faltiples adopta un dispositivo de doble embrague, resolviendo eficazmente los problemas de sincronizaci\u00f3n de los rodillos (delantero y trasero).<\/p>\n<p>Se utiliza ampliamente para acolchar prendas de alta calidad, fundas de cama, textiles, zapatos, gorros, bolsos, guantes, sacos de dormir, fundas de asiento, decoraciones de pared, etc.<\/p>\n<p style=\"font-weight: 100;\">\u00a0varilla roscada de importaci\u00f3n precisa y de gran rigidez<\/p>\n<p>Acolchado aleatorio de 360\u00b0 y acolchado independiente y multipanel sin l\u00edmites.<\/p>\n<p>Pruebas avanzadas y pr\u00e1cticas de t\u00e9cnicas de rotura del hilo superior, la m\u00e1quina se para autom\u00e1ticamente cuando se rompe el hilo.<\/p>\n<p>Un sensor de infrarrojos hace que la operaci\u00f3n sea m\u00e1s segura.<\/p>\n<p>Funcionamiento estable, poco ruido, alta precisi\u00f3n, pocas l\u00edneas de rotura, f\u00e1cil manejo.<\/p>\n<p style=\"font-weight: 100;\">El funcionamiento de la barra de agujas adopta una estructura de bastidor de barra de agujas de aleaci\u00f3n de aluminio, no necesita a\u00f1adir lubricante adicional, es fuerte y duradero.<\/p>\n<p style=\"font-weight: 100;\">Se utiliza ampliamente para acolchar prendas de alta calidad, fundas de cama, textiles, zapatos, gorros, bolsos, guantes, sacos de dormir, fundas de asiento Decoraciones murales, etc.<\/p>","protected":false},"featured_media":863,"comment_status":"open","ping_status":"closed","template":"","meta":{"rank_math_lock_modified_date":false},"product_cat":[26],"product_tag":[],"class_list":{"0":"post-862","1":"product","2":"type-product","3":"status-publish","4":"has-post-thumbnail","6":"product_cat-quilting-machine","8":"first","9":"instock","10":"shipping-taxable","11":"product-type-simple"},"jetpack_sharing_enabled":true,"_links":{"self":[{"href":"https:\/\/boya-machinery.com\/es\/wp-json\/wp\/v2\/product\/862","targetHints":{"allow":["GET"]}}],"collection":[{"href":"https:\/\/boya-machinery.com\/es\/wp-json\/wp\/v2\/product"}],"about":[{"href":"https:\/\/boya-machinery.com\/es\/wp-json\/wp\/v2\/types\/product"}],"replies":[{"embeddable":true,"href":"https:\/\/boya-machinery.com\/es\/wp-json\/wp\/v2\/comments?post=862"}],"wp:featuredmedia":[{"embeddable":true,"href":"https:\/\/boya-machinery.com\/es\/wp-json\/wp\/v2\/media\/863"}],"wp:attachment":[{"href":"https:\/\/boya-machinery.com\/es\/wp-json\/wp\/v2\/media?parent=862"}],"wp:term":[{"taxonomy":"product_cat","embeddable":true,"href":"https:\/\/boya-machinery.com\/es\/wp-json\/wp\/v2\/product_cat?post=862"},{"taxonomy":"product_tag","embeddable":true,"href":"https:\/\/boya-machinery.com\/es\/wp-json\/wp\/v2\/product_tag?post=862"}],"curies":[{"name":"wp","href":"https:\/\/api.w.org\/{rel}","templated":true}]}}