{"id":864,"date":"2024-10-29T08:43:48","date_gmt":"2024-10-29T08:43:48","guid":{"rendered":"https:\/\/boya-machinery.com\/?post_type=product&#038;p=864"},"modified":"2025-03-19T07:05:07","modified_gmt":"2025-03-19T07:05:07","slug":"border-tape-sewing-machine","status":"publish","type":"product","link":"https:\/\/boya-machinery.com\/es\/product\/border-tape-sewing-machine\/","title":{"rendered":"Popular m\u00e1quina de coser de cinta para bordes de colchones"},"content":{"rendered":"<div><strong>M\u00e1quina de coser de cinta de borde<\/strong><\/div>\n<div>Puntada: 2-5 mm<\/div>\n<div>Velocidad de costura: 4-6m\/min<\/div>\n<div>Ancho del tejido del borde del colch\u00f3n: 80-380 mm<\/div>\n<div>Ancho de la cremallera: 32mm y tambi\u00e9n se aceptan personalizadas<\/div>\n<div>Aguja autom\u00e1tica: 12\/18mm y tambi\u00e9n acepta personalizaci\u00f3n<\/div>\n<div>Ancho del borde del tejido 3D: 85 mm y tambi\u00e9n se acepta personalizado<\/div>\n<div>Contactos: 25 y 33<\/div>\n<div>Paso: 6,25 y 4,7 mm<\/div>\n<div>Rango de costura: 152,4 mm<\/div>\n<div>Anchura de la tela no tejida: 85 mm y tambi\u00e9n se acepta la personalizaci\u00f3n<\/div>\n<div>Potencia: 0,98 kW<\/div>\n<div>Dimensi\u00f3n: 4.11*1.45*1.47m<\/div>\n<div>Alimentaci\u00f3n el\u00e9ctrica: 1 fase 220v 50-60hz<\/div>\n<div>Peso: 400 kg<\/div>","protected":false},"excerpt":{"rendered":"<p>https:\/\/www.youtube.com\/embed\/dkTTUeKWD2M<\/p>\n<p>La m\u00e1quina de coser cintas de bordes para colchones es una herramienta esencial para la fabricaci\u00f3n moderna de colchones, dise\u00f1ada para ofrecer un cosido preciso y duradero de las cintas de bordes.<\/p>\n<p>Esta m\u00e1quina vers\u00e1til y de alto rendimiento garantiza un acabado profesional, ayud\u00e1ndole a crear colchones de primera calidad que cumplen las normas del sector<\/p>\n<p>Dise\u00f1ada para ofrecer eficacia y fiabilidad, es la elecci\u00f3n perfecta para los fabricantes que buscan agilizar la producci\u00f3n y mejorar la calidad del producto.<\/p>\n<p>Consigue un cosido seguro y uniforme de las cintas de los bordes para obtener un aspecto pulido<\/p>\n<p>M\u00e1quina de coser de cinta para bordes compatible con diversos materiales, lo que garantiza una adaptabilidad sin fisuras<\/p>\n<p>Se adapta a una gran variedad de dise\u00f1os y tama\u00f1os de bordes de colch\u00f3n<\/p>\n<p>Funcionamiento totalmente autom\u00e1tico<\/p>\n<p>Cabezal de costura de punto de cadeneta (Jap\u00f3n)<\/p>\n<p>La cinta de contraste puede llevar impreso el logotipo del fabricante o del cliente<\/p>\n<p>Dispositivo de tir\u00f3n sincronizado para tejido liso<\/p>\n<p>Dispositivo de detecci\u00f3n de rotura de hilo, parada autom\u00e1tica por agotamiento de material<\/p>\n<p>Motor de localizaci\u00f3n electr\u00f3nica<\/p>\n<p>Tama\u00f1o ajustable del material<\/p>\n<p>Posicionamiento flexible de las fijaciones para lograr una variedad de estilos diferentes, funcionamiento sencillo<\/p>","protected":false},"featured_media":1674,"comment_status":"open","ping_status":"closed","template":"","meta":{"rank_math_lock_modified_date":false},"product_cat":[24],"product_tag":[],"class_list":{"0":"post-864","1":"product","2":"type-product","3":"status-publish","4":"has-post-thumbnail","6":"product_cat-mattress-border-machine","8":"first","9":"instock","10":"shipping-taxable","11":"product-type-simple"},"jetpack_sharing_enabled":true,"_links":{"self":[{"href":"https:\/\/boya-machinery.com\/es\/wp-json\/wp\/v2\/product\/864","targetHints":{"allow":["GET"]}}],"collection":[{"href":"https:\/\/boya-machinery.com\/es\/wp-json\/wp\/v2\/product"}],"about":[{"href":"https:\/\/boya-machinery.com\/es\/wp-json\/wp\/v2\/types\/product"}],"replies":[{"embeddable":true,"href":"https:\/\/boya-machinery.com\/es\/wp-json\/wp\/v2\/comments?post=864"}],"wp:featuredmedia":[{"embeddable":true,"href":"https:\/\/boya-machinery.com\/es\/wp-json\/wp\/v2\/media\/1674"}],"wp:attachment":[{"href":"https:\/\/boya-machinery.com\/es\/wp-json\/wp\/v2\/media?parent=864"}],"wp:term":[{"taxonomy":"product_cat","embeddable":true,"href":"https:\/\/boya-machinery.com\/es\/wp-json\/wp\/v2\/product_cat?post=864"},{"taxonomy":"product_tag","embeddable":true,"href":"https:\/\/boya-machinery.com\/es\/wp-json\/wp\/v2\/product_tag?post=864"}],"curies":[{"name":"wp","href":"https:\/\/api.w.org\/{rel}","templated":true}]}}