{"id":865,"date":"2024-10-29T08:45:30","date_gmt":"2024-10-29T08:45:30","guid":{"rendered":"https:\/\/boya-machinery.com\/?post_type=product&#038;p=865"},"modified":"2025-03-19T07:33:03","modified_gmt":"2025-03-19T07:33:03","slug":"border-sewing-machine","status":"publish","type":"product","link":"https:\/\/boya-machinery.com\/es\/product\/border-sewing-machine\/","title":{"rendered":"M\u00e1quina de coser de bordes productiva para colchones"},"content":{"rendered":"<p><strong>M\u00e1quina de coser de bordes<\/strong><\/p>\n<p>Modo de rebordeado: un lado y dos lados disponibles<\/p>\n<p>Ancho de rebordeado: 6,0 mm<\/p>\n<p>Ancho de la tela de aplicaci\u00f3n: 50-500mm(aceptar ajustable)<\/p>\n<p>Velocidad de rebordeado: 10-3000 vueltas\/min<\/p>\n<p>Espesor m\u00e1x. del reborde: inferior a 20 mm para tejido de capullo de esponja de densidad media<\/p>\n<p>Paso de la aguja: 5 mm<\/p>\n<p>Elevaci\u00f3n m\u00e1x. del prensatelas: 8 mm<\/p>\n<p>Presi\u00f3n nominal del aire: 0,8Mpa<\/p>\n<p>Potencia: 1,5 kW<\/p>","protected":false},"excerpt":{"rendered":"<p>https:\/\/youtu.be\/KTdb31Gbt9c<\/p>\n<p>&nbsp;<\/p>\n<p>Esta m\u00e1quina de coser de bordes se utiliza para crear bordes serrados duraderos y de alta calidad en paneles de colchones, garantizando costuras resistentes que soportan el uso regular.<\/p>\n<p>Las m\u00e1quinas de doble costura, equipadas con agujas dobles y avanzados mecanismos de cosido, proporcionan un borde limpio y reforzado en ambos lados del tejido, mejorando la integridad estructural y la calidad est\u00e9tica de los colchones.<\/p>\n<p style=\"font-weight: 100;\">Esta m\u00e1quina se utiliza principalmente para paneles de bordes de colchones de doble fusi\u00f3n. Dispone de dos cabezales superiores e inferiores independientes.<\/p>\n<p style=\"font-weight: 100;\">Con control de conversi\u00f3n de frecuencia variable y funci\u00f3n de accionamiento simult\u00e1neo, alimentaci\u00f3n de rodillo de poliuretano accionado por motor, la m\u00e1quina de rebordear tambi\u00e9n permite el tensado del tejido y el enrollado ajustable. Puede cortar tejidos excesivos autom\u00e1ticamente.<\/p>\n<p style=\"font-weight: 100;\">La m\u00e1quina rebordeadora sincr\u00f3nica de doble cabezal tambi\u00e9n est\u00e1 equipada con un colector de residuos, un detector de rotura de roscas y un dispositivo de parada autom\u00e1tica de empalmes de material. Se trata de una nueva m\u00e1quina rebordeadora inteligente.<\/p>\n<p>Para esta m\u00e1quina de coser de bordes, adoptamos un cabezal de costura PEGASUS de Jap\u00f3n, el modelo de cabezal de costura es superior e inferior, en comparaci\u00f3n con otro fabricante, que adoptan modelos de cabezal de costura izquierdo y derecho que el cabezal de costura siempre sale con problemas de acuerdo con algunos comentarios de los clientes<\/p>","protected":false},"featured_media":818,"comment_status":"open","ping_status":"closed","template":"","meta":{"rank_math_lock_modified_date":false},"product_cat":[24],"product_tag":[],"class_list":{"0":"post-865","1":"product","2":"type-product","3":"status-publish","4":"has-post-thumbnail","6":"product_cat-mattress-border-machine","8":"first","9":"instock","10":"shipping-taxable","11":"product-type-simple"},"jetpack_sharing_enabled":true,"_links":{"self":[{"href":"https:\/\/boya-machinery.com\/es\/wp-json\/wp\/v2\/product\/865","targetHints":{"allow":["GET"]}}],"collection":[{"href":"https:\/\/boya-machinery.com\/es\/wp-json\/wp\/v2\/product"}],"about":[{"href":"https:\/\/boya-machinery.com\/es\/wp-json\/wp\/v2\/types\/product"}],"replies":[{"embeddable":true,"href":"https:\/\/boya-machinery.com\/es\/wp-json\/wp\/v2\/comments?post=865"}],"wp:featuredmedia":[{"embeddable":true,"href":"https:\/\/boya-machinery.com\/es\/wp-json\/wp\/v2\/media\/818"}],"wp:attachment":[{"href":"https:\/\/boya-machinery.com\/es\/wp-json\/wp\/v2\/media?parent=865"}],"wp:term":[{"taxonomy":"product_cat","embeddable":true,"href":"https:\/\/boya-machinery.com\/es\/wp-json\/wp\/v2\/product_cat?post=865"},{"taxonomy":"product_tag","embeddable":true,"href":"https:\/\/boya-machinery.com\/es\/wp-json\/wp\/v2\/product_tag?post=865"}],"curies":[{"name":"wp","href":"https:\/\/api.w.org\/{rel}","templated":true}]}}