{"id":1667,"date":"2025-03-18T08:05:22","date_gmt":"2025-03-18T08:05:22","guid":{"rendered":"https:\/\/boya-machinery.com\/?post_type=product&#038;p=1667"},"modified":"2025-04-07T03:22:50","modified_gmt":"2025-04-07T03:22:50","slug":"mattress-handle-sewing-machine","status":"publish","type":"product","link":"https:\/\/boya-machinery.com\/fr\/product\/mattress-handle-sewing-machine\/","title":{"rendered":"Machine \u00e0 coudre populaire pour poign\u00e9es de matelas"},"content":{"rendered":"<p><strong>Machine \u00e0 coudre pour poign\u00e9es de matelas<\/strong><\/p>\n<p>Mod\u00e8le : BY-CTF2<br \/>\nVitesse de couture : 4-6M\/MIN<br \/>\nLargeur du tissu de la bordure du matelas : 75MM<br \/>\nLargeur de la poign\u00e9e : 50-55MM<br \/>\nNombre d'aiguilles : 12<br \/>\nEpaisseur de couture : 6MM<br \/>\nPuissance : 0,85 W<br \/>\nAlimentation \u00e9lectrique : 1 PHASE 220V 50-60HZ<\/p>","protected":false},"excerpt":{"rendered":"<p>https:\/\/youtu.be\/znlEPdP99Ic<\/p>\n<p>Fonctionnement enti\u00e8rement automatique<\/p>\n<p>T\u00eate de couture \u00e0 point de cha\u00eenette<\/p>\n<p>Dispositif de d\u00e9tection de rupture de fil<\/p>\n<p>Moteur de localisation \u00e9lectronique<\/p>\n<p>Taille r\u00e9glable du mat\u00e9riau<\/p>\n<p>L'appareil a pour fonction de mesurer et de couper<\/p>","protected":false},"featured_media":1670,"comment_status":"open","ping_status":"closed","template":"","meta":{"rank_math_lock_modified_date":false},"product_cat":[24],"product_tag":[],"class_list":{"0":"post-1667","1":"product","2":"type-product","3":"status-publish","4":"has-post-thumbnail","6":"product_cat-mattress-border-machine","8":"first","9":"instock","10":"shipping-taxable","11":"product-type-simple"},"jetpack_sharing_enabled":true,"_links":{"self":[{"href":"https:\/\/boya-machinery.com\/fr\/wp-json\/wp\/v2\/product\/1667","targetHints":{"allow":["GET"]}}],"collection":[{"href":"https:\/\/boya-machinery.com\/fr\/wp-json\/wp\/v2\/product"}],"about":[{"href":"https:\/\/boya-machinery.com\/fr\/wp-json\/wp\/v2\/types\/product"}],"replies":[{"embeddable":true,"href":"https:\/\/boya-machinery.com\/fr\/wp-json\/wp\/v2\/comments?post=1667"}],"wp:featuredmedia":[{"embeddable":true,"href":"https:\/\/boya-machinery.com\/fr\/wp-json\/wp\/v2\/media\/1670"}],"wp:attachment":[{"href":"https:\/\/boya-machinery.com\/fr\/wp-json\/wp\/v2\/media?parent=1667"}],"wp:term":[{"taxonomy":"product_cat","embeddable":true,"href":"https:\/\/boya-machinery.com\/fr\/wp-json\/wp\/v2\/product_cat?post=1667"},{"taxonomy":"product_tag","embeddable":true,"href":"https:\/\/boya-machinery.com\/fr\/wp-json\/wp\/v2\/product_tag?post=1667"}],"curies":[{"name":"wp","href":"https:\/\/api.w.org\/{rel}","templated":true}]}}