{"id":1672,"date":"2025-03-19T06:50:54","date_gmt":"2025-03-19T06:50:54","guid":{"rendered":"https:\/\/boya-machinery.com\/?post_type=product&#038;p=1672"},"modified":"2025-03-24T09:24:01","modified_gmt":"2025-03-24T09:24:01","slug":"creative-mattress-handle-stitch-machine","status":"publish","type":"product","link":"https:\/\/boya-machinery.com\/fr\/product\/creative-mattress-handle-stitch-machine\/","title":{"rendered":"Machine \u00e0 coudre cr\u00e9ative pour poign\u00e9es de matelas"},"content":{"rendered":"<p><strong>Machine \u00e0 piquer les poign\u00e9es de matelas<\/strong><\/p>\n<p>Mod\u00e8le BY-HS-2210<br \/>\nForme de t\u00eate Navette<br \/>\nZone de couture 220*100MM<br \/>\nLargeur de la bordure 80-450MM<br \/>\n\u00c9paisseur de la bordure 5-25MM<br \/>\nEpaisseur de la poign\u00e9e 2-6MM<br \/>\nVitesse maximale 2500RPM<\/p>","protected":false},"excerpt":{"rendered":"<p>https:\/\/youtube.com\/shorts\/Szxty_Rj0f8<\/p>\n<p>La machine \u00e0 coudre pour poign\u00e9es de matelas plie manuellement les deux extr\u00e9mit\u00e9s de la poign\u00e9e et est utilis\u00e9e pour coudre la poign\u00e9e du matelas sur un seul c\u00f4t\u00e9. Elle est facile \u00e0 utiliser, se positionne avec pr\u00e9cision et cr\u00e9e de beaux motifs de couture. Le style de couture peut \u00eatre diff\u00e9rent selon les exigences du produit.<\/p>","protected":false},"featured_media":1673,"comment_status":"open","ping_status":"closed","template":"","meta":{"rank_math_lock_modified_date":false},"product_cat":[24],"product_tag":[],"class_list":{"0":"post-1672","1":"product","2":"type-product","3":"status-publish","4":"has-post-thumbnail","6":"product_cat-mattress-border-machine","8":"first","9":"instock","10":"shipping-taxable","11":"product-type-simple"},"jetpack_sharing_enabled":true,"_links":{"self":[{"href":"https:\/\/boya-machinery.com\/fr\/wp-json\/wp\/v2\/product\/1672","targetHints":{"allow":["GET"]}}],"collection":[{"href":"https:\/\/boya-machinery.com\/fr\/wp-json\/wp\/v2\/product"}],"about":[{"href":"https:\/\/boya-machinery.com\/fr\/wp-json\/wp\/v2\/types\/product"}],"replies":[{"embeddable":true,"href":"https:\/\/boya-machinery.com\/fr\/wp-json\/wp\/v2\/comments?post=1672"}],"wp:featuredmedia":[{"embeddable":true,"href":"https:\/\/boya-machinery.com\/fr\/wp-json\/wp\/v2\/media\/1673"}],"wp:attachment":[{"href":"https:\/\/boya-machinery.com\/fr\/wp-json\/wp\/v2\/media?parent=1672"}],"wp:term":[{"taxonomy":"product_cat","embeddable":true,"href":"https:\/\/boya-machinery.com\/fr\/wp-json\/wp\/v2\/product_cat?post=1672"},{"taxonomy":"product_tag","embeddable":true,"href":"https:\/\/boya-machinery.com\/fr\/wp-json\/wp\/v2\/product_tag?post=1672"}],"curies":[{"name":"wp","href":"https:\/\/api.w.org\/{rel}","templated":true}]}}