{"id":1675,"date":"2025-03-19T07:07:39","date_gmt":"2025-03-19T07:07:39","guid":{"rendered":"https:\/\/boya-machinery.com\/?post_type=product&#038;p=1675"},"modified":"2025-03-21T07:21:52","modified_gmt":"2025-03-21T07:21:52","slug":"mattress-handle-attaching-machine","status":"publish","type":"product","link":"https:\/\/boya-machinery.com\/fr\/product\/mattress-handle-attaching-machine\/","title":{"rendered":"Machine cr\u00e9ative de fixation des poign\u00e9es de matelas"},"content":{"rendered":"<p><strong><b>M<\/b><\/strong><strong><b>attress <\/b><\/strong><strong><b>H<\/b><\/strong><strong><b>andle <\/b><\/strong><strong><b>Attachement<\/b><\/strong><strong><b>\u00a0<\/b><\/strong><strong><b>M<\/b><\/strong><strong><b>machine<\/b><\/strong><\/p>\n<p>Mod\u00e8le BY-HS-7040<br \/>\nNavette de t\u00eate<br \/>\nMax. Plage de couture 700*400MM<br \/>\nLargeur de la bordure 80-450MM<br \/>\n\u00c9paisseur de la bordure 5-25MM<br \/>\nEpaisseur de la poign\u00e9e 2-6MM<br \/>\nVitesse max. Vitesse 2500RPM<\/p>","protected":false},"excerpt":{"rendered":"<p>La machine \u00e0 fixer les poign\u00e9es de matelas extra-longues est principalement utilis\u00e9e pour fixer les poign\u00e9es extra-longues sur le bord du matelas. Le motif et la taille peuvent \u00eatre ajust\u00e9s selon les besoins.<\/p>\n<p>Commande par \u00e9cran tactile, fonctionnement simple<\/p>\n<p>R\u00e9duction automatique du nombre de fils<\/p>\n<p>Le motif de couture peut \u00eatre personnalis\u00e9<\/p>","protected":false},"featured_media":1676,"comment_status":"open","ping_status":"closed","template":"","meta":{"rank_math_lock_modified_date":false},"product_cat":[24],"product_tag":[],"class_list":{"0":"post-1675","1":"product","2":"type-product","3":"status-publish","4":"has-post-thumbnail","6":"product_cat-mattress-border-machine","8":"first","9":"instock","10":"shipping-taxable","11":"product-type-simple"},"jetpack_sharing_enabled":true,"_links":{"self":[{"href":"https:\/\/boya-machinery.com\/fr\/wp-json\/wp\/v2\/product\/1675","targetHints":{"allow":["GET"]}}],"collection":[{"href":"https:\/\/boya-machinery.com\/fr\/wp-json\/wp\/v2\/product"}],"about":[{"href":"https:\/\/boya-machinery.com\/fr\/wp-json\/wp\/v2\/types\/product"}],"replies":[{"embeddable":true,"href":"https:\/\/boya-machinery.com\/fr\/wp-json\/wp\/v2\/comments?post=1675"}],"wp:featuredmedia":[{"embeddable":true,"href":"https:\/\/boya-machinery.com\/fr\/wp-json\/wp\/v2\/media\/1676"}],"wp:attachment":[{"href":"https:\/\/boya-machinery.com\/fr\/wp-json\/wp\/v2\/media?parent=1675"}],"wp:term":[{"taxonomy":"product_cat","embeddable":true,"href":"https:\/\/boya-machinery.com\/fr\/wp-json\/wp\/v2\/product_cat?post=1675"},{"taxonomy":"product_tag","embeddable":true,"href":"https:\/\/boya-machinery.com\/fr\/wp-json\/wp\/v2\/product_tag?post=1675"}],"curies":[{"name":"wp","href":"https:\/\/api.w.org\/{rel}","templated":true}]}}