{"id":1677,"date":"2025-03-19T07:41:53","date_gmt":"2025-03-19T07:41:53","guid":{"rendered":"https:\/\/boya-machinery.com\/?post_type=product&#038;p=1677"},"modified":"2025-09-26T01:23:07","modified_gmt":"2025-09-26T01:23:07","slug":"mattress-ruffler-machine","status":"publish","type":"product","link":"https:\/\/boya-machinery.com\/fr\/product\/mattress-ruffler-machine\/","title":{"rendered":"Machine cr\u00e9ative \u00e0 d\u00e9froisser les matelas"},"content":{"rendered":"<p><strong>Machine \u00e0 d\u00e9froisser les matelas<\/strong><\/p>\n<p>Mod\u00e8le BY-R-001<br \/>\nLargeur des brides Standard : 80-200MM<br \/>\nLargeur de bridage du point : 120-300MM<br \/>\n\u00c9paisseur de la bride 5-15MM<br \/>\nVitesse maximale 3000RPM<br \/>\nPuissance totale 550W<\/p>","protected":false},"excerpt":{"rendered":"<p>https:\/\/youtu.be\/OR2Gwed46_s<\/p>\n<p>&nbsp;<\/p>\n<p>La machine \u00e0 plisser les matelas est utilis\u00e9e pour plisser les coins du matelas imit\u00e9 \u00e0 double couche. Le nombre de plis peut \u00eatre r\u00e9gl\u00e9 en fonction des besoins. L'\u00e9quipement coud le tissu de base non tiss\u00e9 et la bordure imit\u00e9e \u00e0 double couche en m\u00eame temps, et plisse et coud automatiquement chaque coin selon les besoins. Il r\u00e9duit consid\u00e9rablement la difficult\u00e9 de l'op\u00e9rateur et am\u00e9liore l'efficacit\u00e9 de la production et la qualit\u00e9 du produit !<\/p>","protected":false},"featured_media":1706,"comment_status":"open","ping_status":"closed","template":"","meta":{"rank_math_lock_modified_date":false},"product_cat":[24],"product_tag":[],"class_list":{"0":"post-1677","1":"product","2":"type-product","3":"status-publish","4":"has-post-thumbnail","6":"product_cat-mattress-border-machine","8":"first","9":"instock","10":"shipping-taxable","11":"product-type-simple"},"jetpack_sharing_enabled":true,"_links":{"self":[{"href":"https:\/\/boya-machinery.com\/fr\/wp-json\/wp\/v2\/product\/1677","targetHints":{"allow":["GET"]}}],"collection":[{"href":"https:\/\/boya-machinery.com\/fr\/wp-json\/wp\/v2\/product"}],"about":[{"href":"https:\/\/boya-machinery.com\/fr\/wp-json\/wp\/v2\/types\/product"}],"replies":[{"embeddable":true,"href":"https:\/\/boya-machinery.com\/fr\/wp-json\/wp\/v2\/comments?post=1677"}],"wp:featuredmedia":[{"embeddable":true,"href":"https:\/\/boya-machinery.com\/fr\/wp-json\/wp\/v2\/media\/1706"}],"wp:attachment":[{"href":"https:\/\/boya-machinery.com\/fr\/wp-json\/wp\/v2\/media?parent=1677"}],"wp:term":[{"taxonomy":"product_cat","embeddable":true,"href":"https:\/\/boya-machinery.com\/fr\/wp-json\/wp\/v2\/product_cat?post=1677"},{"taxonomy":"product_tag","embeddable":true,"href":"https:\/\/boya-machinery.com\/fr\/wp-json\/wp\/v2\/product_tag?post=1677"}],"curies":[{"name":"wp","href":"https:\/\/api.w.org\/{rel}","templated":true}]}}