{"id":1679,"date":"2025-03-19T08:02:37","date_gmt":"2025-03-19T08:02:37","guid":{"rendered":"https:\/\/boya-machinery.com\/?post_type=product&#038;p=1679"},"modified":"2025-03-19T08:05:45","modified_gmt":"2025-03-19T08:05:45","slug":"handle-stitch-machine","status":"publish","type":"product","link":"https:\/\/boya-machinery.com\/fr\/product\/handle-stitch-machine\/","title":{"rendered":"Machine \u00e0 coudre \u00e0 poign\u00e9e cr\u00e9ative pour l'industrie du matelas"},"content":{"rendered":"<p><strong>Machine \u00e0 piquer manuelle<\/strong><\/p>\n<p>Mod\u00e8le BY-HS-3020<br \/>\nForme de t\u00eate Navette<br \/>\nZone de couture 300*200MM<br \/>\nLargeur de la bordure 80-450MM<br \/>\n\u00c9paisseur de la bordure 5-25MM<br \/>\nEpaisseur de la poign\u00e9e 2-6MM<br \/>\nVitesse maximale 2500RPM<\/p>","protected":false},"excerpt":{"rendered":"<p>La machine \u00e0 coudre automatique pour poign\u00e9es de matelas peut compl\u00e9ter automatiquement les processus de pliage, d'alimentation, de positionnement et de couture des deux extr\u00e9mit\u00e9s de la poign\u00e9e. Facile \u00e0 utiliser, positionnement pr\u00e9cis. Bel effet de couture en forme de fleurs. Le style de couture peut \u00eatre diff\u00e9rent selon les exigences du produit.<\/p>\n<p>Il peut \u00e9galement \u00eatre utilis\u00e9 pour la couture sur un seul c\u00f4t\u00e9 des poign\u00e9es de matelas.<\/p>","protected":false},"featured_media":1673,"comment_status":"open","ping_status":"closed","template":"","meta":{"rank_math_lock_modified_date":false},"product_cat":[24],"product_tag":[],"class_list":{"0":"post-1679","1":"product","2":"type-product","3":"status-publish","4":"has-post-thumbnail","6":"product_cat-mattress-border-machine","8":"first","9":"instock","10":"shipping-taxable","11":"product-type-simple"},"jetpack_sharing_enabled":true,"_links":{"self":[{"href":"https:\/\/boya-machinery.com\/fr\/wp-json\/wp\/v2\/product\/1679","targetHints":{"allow":["GET"]}}],"collection":[{"href":"https:\/\/boya-machinery.com\/fr\/wp-json\/wp\/v2\/product"}],"about":[{"href":"https:\/\/boya-machinery.com\/fr\/wp-json\/wp\/v2\/types\/product"}],"replies":[{"embeddable":true,"href":"https:\/\/boya-machinery.com\/fr\/wp-json\/wp\/v2\/comments?post=1679"}],"wp:featuredmedia":[{"embeddable":true,"href":"https:\/\/boya-machinery.com\/fr\/wp-json\/wp\/v2\/media\/1673"}],"wp:attachment":[{"href":"https:\/\/boya-machinery.com\/fr\/wp-json\/wp\/v2\/media?parent=1679"}],"wp:term":[{"taxonomy":"product_cat","embeddable":true,"href":"https:\/\/boya-machinery.com\/fr\/wp-json\/wp\/v2\/product_cat?post=1679"},{"taxonomy":"product_tag","embeddable":true,"href":"https:\/\/boya-machinery.com\/fr\/wp-json\/wp\/v2\/product_tag?post=1679"}],"curies":[{"name":"wp","href":"https:\/\/api.w.org\/{rel}","templated":true}]}}