{"id":1680,"date":"2025-03-19T08:07:29","date_gmt":"2025-03-19T08:07:29","guid":{"rendered":"https:\/\/boya-machinery.com\/?post_type=product&#038;p=1680"},"modified":"2025-03-24T09:18:52","modified_gmt":"2025-03-24T09:18:52","slug":"machine-automatique-a-etiqueter-les-matelas","status":"publish","type":"product","link":"https:\/\/boya-machinery.com\/fr\/product\/automatic-mattress-label-machine\/","title":{"rendered":"Puissante machine automatique \u00e0 \u00e9tiqueter les matelas"},"content":{"rendered":"<p><strong>Machine automatique \u00e0 \u00e9tiqueter les matelas<\/strong><\/p>\n<p>Mod\u00e8le LG-3020<br \/>\nNavette de t\u00eate<br \/>\nPlage de couture maximale 300*200MM<br \/>\nEpaisseur de couture 5-25MM<br \/>\nVitesse maximale 2500RPM<\/p>","protected":false},"excerpt":{"rendered":"<p>https:\/\/youtube.com\/shorts\/Szxty_Rj0f8<\/p>\n<p>Principalement utilis\u00e9 pour coudre les \u00e9tiquettes de matelas en courbes ou en lignes droites, il peut coudre automatiquement l'\u00e9tiquette sur le tissu ou la bordure du matelas selon le mod\u00e8le dessin\u00e9.<\/p>\n<p>Commande par \u00e9cran tactile, fonctionnement facile<\/p>\n<p>R\u00e9duction automatique du fil, relevage automatique du pied-de-biche<\/p>\n<p>Le mod\u00e8le de couture peut \u00eatre personnalis\u00e9<\/p>\n<p>&nbsp;<\/p>","protected":false},"featured_media":1681,"comment_status":"open","ping_status":"closed","template":"","meta":{"rank_math_lock_modified_date":false},"product_cat":[25],"product_tag":[],"class_list":{"0":"post-1680","1":"product","2":"type-product","3":"status-publish","4":"has-post-thumbnail","6":"product_cat-long-arm-machine","8":"first","9":"instock","10":"shipping-taxable","11":"product-type-simple"},"jetpack_sharing_enabled":true,"_links":{"self":[{"href":"https:\/\/boya-machinery.com\/fr\/wp-json\/wp\/v2\/product\/1680","targetHints":{"allow":["GET"]}}],"collection":[{"href":"https:\/\/boya-machinery.com\/fr\/wp-json\/wp\/v2\/product"}],"about":[{"href":"https:\/\/boya-machinery.com\/fr\/wp-json\/wp\/v2\/types\/product"}],"replies":[{"embeddable":true,"href":"https:\/\/boya-machinery.com\/fr\/wp-json\/wp\/v2\/comments?post=1680"}],"wp:featuredmedia":[{"embeddable":true,"href":"https:\/\/boya-machinery.com\/fr\/wp-json\/wp\/v2\/media\/1681"}],"wp:attachment":[{"href":"https:\/\/boya-machinery.com\/fr\/wp-json\/wp\/v2\/media?parent=1680"}],"wp:term":[{"taxonomy":"product_cat","embeddable":true,"href":"https:\/\/boya-machinery.com\/fr\/wp-json\/wp\/v2\/product_cat?post=1680"},{"taxonomy":"product_tag","embeddable":true,"href":"https:\/\/boya-machinery.com\/fr\/wp-json\/wp\/v2\/product_tag?post=1680"}],"curies":[{"name":"wp","href":"https:\/\/api.w.org\/{rel}","templated":true}]}}