{"id":1682,"date":"2025-03-19T08:47:55","date_gmt":"2025-03-19T08:47:55","guid":{"rendered":"https:\/\/boya-machinery.com\/?post_type=product&#038;p=1682"},"modified":"2025-03-26T00:10:25","modified_gmt":"2025-03-26T00:10:25","slug":"mattress-hemming-machine","status":"publish","type":"product","link":"https:\/\/boya-machinery.com\/fr\/product\/mattress-hemming-machine\/","title":{"rendered":"Meilleure machine \u00e0 ourler les matelas"},"content":{"rendered":"<p><b>Machine \u00e0 ourler les matelas<\/b><\/p>\n<p>Responsable : Pegasus Japan<\/p>\n<p>Largeur des brides : 15 mm, 25 mm ou 30 mm<\/p>\n<p>\u00c9paisseur de la bride : 10-80 mm<\/p>\n<p>Vitesse maximale : 3000RPM<\/p>\n<p>Puissance du moteur : 550W<\/p>","protected":false},"excerpt":{"rendered":"<p>Bruit r\u00e9duit pour la couture de mat\u00e9riaux fins<\/p>\n<p>Vitesse de couture jusqu'\u00e0 3 000<\/p>\n<p>Conserve une grande longueur de point<\/p>\n<p>Structure d'alimentation synchrone avec d'excellentes performances d'alimentation, m\u00eame les tissus tr\u00e8s \u00e9pais peuvent passer facilement alors qu'ils \u00e9chouent souvent dans d'autres types de machines \u00e0 coudre.<\/p>\n<p>Les tissus \u00e9pais et fins peuvent \u00eatre facilement trait\u00e9s<\/p>\n<p>Syst\u00e8me de refroidissement et de lubrification automatique<\/p>\n<p>Servomoteur de Ta\u00efwan<\/p>","protected":false},"featured_media":1713,"comment_status":"open","ping_status":"closed","template":"","meta":{"rank_math_lock_modified_date":false},"product_cat":[21],"product_tag":[],"class_list":{"0":"post-1682","1":"product","2":"type-product","3":"status-publish","4":"has-post-thumbnail","6":"product_cat-flanging-machine","8":"first","9":"instock","10":"shipping-taxable","11":"product-type-simple"},"jetpack_sharing_enabled":true,"_links":{"self":[{"href":"https:\/\/boya-machinery.com\/fr\/wp-json\/wp\/v2\/product\/1682","targetHints":{"allow":["GET"]}}],"collection":[{"href":"https:\/\/boya-machinery.com\/fr\/wp-json\/wp\/v2\/product"}],"about":[{"href":"https:\/\/boya-machinery.com\/fr\/wp-json\/wp\/v2\/types\/product"}],"replies":[{"embeddable":true,"href":"https:\/\/boya-machinery.com\/fr\/wp-json\/wp\/v2\/comments?post=1682"}],"wp:featuredmedia":[{"embeddable":true,"href":"https:\/\/boya-machinery.com\/fr\/wp-json\/wp\/v2\/media\/1713"}],"wp:attachment":[{"href":"https:\/\/boya-machinery.com\/fr\/wp-json\/wp\/v2\/media?parent=1682"}],"wp:term":[{"taxonomy":"product_cat","embeddable":true,"href":"https:\/\/boya-machinery.com\/fr\/wp-json\/wp\/v2\/product_cat?post=1682"},{"taxonomy":"product_tag","embeddable":true,"href":"https:\/\/boya-machinery.com\/fr\/wp-json\/wp\/v2\/product_tag?post=1682"}],"curies":[{"name":"wp","href":"https:\/\/api.w.org\/{rel}","templated":true}]}}