{"id":1683,"date":"2025-03-19T09:07:42","date_gmt":"2025-03-19T09:07:42","guid":{"rendered":"https:\/\/boya-machinery.com\/?post_type=product&#038;p=1683"},"modified":"2025-03-19T09:31:54","modified_gmt":"2025-03-19T09:31:54","slug":"multi-needle-quilting-machine-2","status":"publish","type":"product","link":"https:\/\/boya-machinery.com\/fr\/product\/multi-needle-quilting-machine-2\/","title":{"rendered":"Machine \u00e0 piquer multi-aiguille puissante pour la production de matelas"},"content":{"rendered":"<p><strong>Machine \u00e0 piquer multi-aiguille<\/strong><\/p>\n<p>Mod\u00e8le \uff1aBY3500A<\/p>\n<p>Dimension (LxWxH)\uff1a5200x1600x2300mm<\/p>\n<p>Largeur de matelassage : 2450 mm<\/p>\n<p>Rangs d'aiguille:3<\/p>\n<p>Espace entre les rangs d'aiguilles : 3\"+3\".<\/p>\n<p>Espace entre les aiguilles : 25,4 mm\/12,7 mm<\/p>\n<p>D\u00e9placement de l'axe X : 305mm(12\u2033)<\/p>\n<p>\u00c9paisseur du matelassage : \u226480mm<\/p>\n<p>Longueur du point : 2-12mm<\/p>\n<p>Vitesse de fonctionnement : 110-330(m\/heure)<\/p>\n<p>Needle model:21#\uff0c22#\uff0c23#\uff0c24#<\/p>\n<p>Vitesse de matelassage : 100-1400RPM<\/p>\n<p>Tension (AC) : 380V\/220V, triphas\u00e9<\/p>\n<p>Puissance totale : 8KW<\/p>\n<p>Poids brut : 5000KGS<\/p>\n<p>Consommation moyenne de gaz :  13,8 (L\/min)<\/p>\n<p>Consommation totale de gaz : 69,5 (L\/h)<\/p>","protected":false},"excerpt":{"rendered":"<p>Le syst\u00e8me unique de lubrification par poches d'huile am\u00e9liore consid\u00e9rablement la dur\u00e9e de vie de la t\u00f4le anti-usure et r\u00e9duit le cycle d'entretien quotidien (structure brevet\u00e9e).<\/p>\n<p>La t\u00f4le r\u00e9sistante \u00e0 l'usure, fabriqu\u00e9e dans un mat\u00e9riau m\u00e9tallique sp\u00e9cial, rend la liaison entre le porte-palette et le porte-palette plus lisse et plus r\u00e9sistante \u00e0 l'usure.<\/p>\n<p>La nouvelle barre en alliage d'aluminium et la plaque de presse sont contr\u00f4l\u00e9es par un double dispositif de pivotement sans came, ce qui \u00e9vite la lubrification et l'encrassement du mat\u00e9riau.<\/p>\n<p>Le rouleau avant adopte la structure synchrone du servomoteur, ce qui rend la production de motifs ind\u00e9pendants plus pr\u00e9cise et plus efficace.<\/p>\n<p>360\u00b0Multi-\u00e9tendue et motifs ind\u00e9pendants, fonction de coupe automatique du fil.<\/p>\n<p>Le \"syst\u00e8me de quilting\" d\u00e9velopp\u00e9 par l'entreprise prend \u00e9galement en charge les fichiers de broderie de quilting au format DST, ce qui facilite l'utilisation de l'appareil.<\/p>\n<p>L'ordinateur h\u00f4te adopte le syst\u00e8me d'exploitation embarqu\u00e9 le plus avanc\u00e9 et la puce de contr\u00f4le de mouvement auto-d\u00e9velopp\u00e9e, ce qui permet une vitesse de r\u00e9ponse rapide, une longue dur\u00e9e de vie et une bonne stabilit\u00e9.<\/p>\n<p>La broche est entra\u00een\u00e9e par un servomoteur, elle est capable de changer la vitesse et l'inversion positive, de coop\u00e9rer avec le logiciel pour compl\u00e9ter la fonction de coupe du fil de la tranche.<\/p>\n<p>La structure de coupe du fil adopte la fonction internationale avanc\u00e9e de coupe du fil de crochet, ce qui peut r\u00e9duire efficacement le risque de saut, am\u00e9liorer l'efficacit\u00e9 de la coupe du fil et rendre la qualit\u00e9 plus stable\u3002.<\/p>\n<p>Protection par infrarouge et fonction de d\u00e9tection automatique du capteur de pas.<\/p>","protected":false},"featured_media":1684,"comment_status":"open","ping_status":"closed","template":"","meta":{"rank_math_lock_modified_date":false},"product_cat":[26],"product_tag":[],"class_list":{"0":"post-1683","1":"product","2":"type-product","3":"status-publish","4":"has-post-thumbnail","6":"product_cat-quilting-machine","8":"first","9":"instock","10":"shipping-taxable","11":"product-type-simple"},"jetpack_sharing_enabled":true,"_links":{"self":[{"href":"https:\/\/boya-machinery.com\/fr\/wp-json\/wp\/v2\/product\/1683","targetHints":{"allow":["GET"]}}],"collection":[{"href":"https:\/\/boya-machinery.com\/fr\/wp-json\/wp\/v2\/product"}],"about":[{"href":"https:\/\/boya-machinery.com\/fr\/wp-json\/wp\/v2\/types\/product"}],"replies":[{"embeddable":true,"href":"https:\/\/boya-machinery.com\/fr\/wp-json\/wp\/v2\/comments?post=1683"}],"wp:featuredmedia":[{"embeddable":true,"href":"https:\/\/boya-machinery.com\/fr\/wp-json\/wp\/v2\/media\/1684"}],"wp:attachment":[{"href":"https:\/\/boya-machinery.com\/fr\/wp-json\/wp\/v2\/media?parent=1683"}],"wp:term":[{"taxonomy":"product_cat","embeddable":true,"href":"https:\/\/boya-machinery.com\/fr\/wp-json\/wp\/v2\/product_cat?post=1683"},{"taxonomy":"product_tag","embeddable":true,"href":"https:\/\/boya-machinery.com\/fr\/wp-json\/wp\/v2\/product_tag?post=1683"}],"curies":[{"name":"wp","href":"https:\/\/api.w.org\/{rel}","templated":true}]}}