{"id":1687,"date":"2025-03-21T06:43:53","date_gmt":"2025-03-21T06:43:53","guid":{"rendered":"https:\/\/boya-machinery.com\/?post_type=product&#038;p=1687"},"modified":"2025-03-21T07:03:37","modified_gmt":"2025-03-21T07:03:37","slug":"cutting-machine","status":"publish","type":"product","link":"https:\/\/boya-machinery.com\/fr\/product\/cutting-machine\/","title":{"rendered":"Machine de d\u00e9coupe puissante pour panneaux de matelas"},"content":{"rendered":"<p><strong>Machine \u00e0 d\u00e9couper<\/strong><\/p>\n<p>Mod\u00e8le BYCM96-C<br \/>\nDimensions de la machine (L*L*H) 3350*850*1760(mm)<br \/>\nLargeur de coupe 2400mm<br \/>\nLongueur de coupe Min 30cm-Infini<br \/>\nVitesse de coupe Coupe verticale 10m\/m, coupe horizontale 5 s\/coupe<br \/>\n\u00c9paisseur de coupe \u226440mm<br \/>\nPoids de la machine 600KGS<br \/>\nPuissance maximale 1,8KW<br \/>\nTension 380V\/50HZ, 220V\/60HZ, 3-Phase<\/p>","protected":false},"excerpt":{"rendered":"<p>Il convient \u00e0 la coupe transversale, \u00e0 la rayure, \u00e0 la coupe et au matelassage des produits textiles domestiques. Il peut \u00eatre utilis\u00e9 avec une machine \u00e0 piquer et un \u00e9quipement de roulage de tissu, mais il peut \u00e9galement \u00eatre utilis\u00e9 seul.<\/p>\n<p>\u00c9cran tactile de 5 pouces, grand \u00e9cran pour une utilisation ais\u00e9e<\/p>\n<p>Les lames de coupe cach\u00e9es sont plus pratiques et plus s\u00fbres<\/p>\n<p>Les commandes \u00e9lectriques pour la longueur et la largeur des coupes transversales rendent les op\u00e9rations plus humaines.<\/p>\n<p>La pression est r\u00e9guli\u00e8re et l'alimentation est nivel\u00e9e. La coupe est plus lisse, en particulier pour la coupe des bords des mat\u00e9riaux plus minces.<\/p>\n<p>Dimension Y avec encodeur pour le comptage de la longueur. Il peut couper la longueur du mat\u00e9riau. La bande transporteuse est utilis\u00e9e pour le d\u00e9chargement m\u00e9canique, ce qui facilite le pliage du mat\u00e9riau et permet d'\u00e9conomiser de l'agent artificiel.<\/p>","protected":false},"featured_media":1688,"comment_status":"open","ping_status":"closed","template":"","meta":{"rank_math_lock_modified_date":false},"product_cat":[26],"product_tag":[],"class_list":{"0":"post-1687","1":"product","2":"type-product","3":"status-publish","4":"has-post-thumbnail","6":"product_cat-quilting-machine","8":"first","9":"instock","10":"shipping-taxable","11":"product-type-simple"},"jetpack_sharing_enabled":true,"_links":{"self":[{"href":"https:\/\/boya-machinery.com\/fr\/wp-json\/wp\/v2\/product\/1687","targetHints":{"allow":["GET"]}}],"collection":[{"href":"https:\/\/boya-machinery.com\/fr\/wp-json\/wp\/v2\/product"}],"about":[{"href":"https:\/\/boya-machinery.com\/fr\/wp-json\/wp\/v2\/types\/product"}],"replies":[{"embeddable":true,"href":"https:\/\/boya-machinery.com\/fr\/wp-json\/wp\/v2\/comments?post=1687"}],"wp:featuredmedia":[{"embeddable":true,"href":"https:\/\/boya-machinery.com\/fr\/wp-json\/wp\/v2\/media\/1688"}],"wp:attachment":[{"href":"https:\/\/boya-machinery.com\/fr\/wp-json\/wp\/v2\/media?parent=1687"}],"wp:term":[{"taxonomy":"product_cat","embeddable":true,"href":"https:\/\/boya-machinery.com\/fr\/wp-json\/wp\/v2\/product_cat?post=1687"},{"taxonomy":"product_tag","embeddable":true,"href":"https:\/\/boya-machinery.com\/fr\/wp-json\/wp\/v2\/product_tag?post=1687"}],"curies":[{"name":"wp","href":"https:\/\/api.w.org\/{rel}","templated":true}]}}