{"id":1689,"date":"2025-03-21T07:15:59","date_gmt":"2025-03-21T07:15:59","guid":{"rendered":"https:\/\/boya-machinery.com\/?post_type=product&#038;p=1689"},"modified":"2025-03-21T07:19:30","modified_gmt":"2025-03-21T07:19:30","slug":"machine-de-reparation-a-bras-long","status":"publish","type":"product","link":"https:\/\/boya-machinery.com\/fr\/product\/long-arm-repair-machine\/","title":{"rendered":"Machine de r\u00e9paration \u00e0 bras long \u00e9tonnante"},"content":{"rendered":"<p><strong>Machine de r\u00e9paration \u00e0 bras long<\/strong><\/p>\n<p>Port\u00e9e de la t\u00eate : 1000mm<\/p>\n<p>Vitesse de couture : 120 - 1200spm<\/p>\n<p>\u00c9paisseur de couture maximale : 80 mm<\/p>\n<p>Hauteur de levage du pied presseur : 32MM(AIGUILLE 20MM)<\/p>\n<p>Puissance du moteur : 550W<\/p>\n<p>Pression nominale : 0,5-0,8Mpa<\/p>","protected":false},"excerpt":{"rendered":"<p>La machine \u00e0 r\u00e9parer \u00e0 bras long est une machine \u00e0 coudre sp\u00e9cialis\u00e9e con\u00e7ue pour r\u00e9parer rapidement et efficacement les coutures, les piq\u00fbres et les dommages mineurs sur les matelas.<\/p>\n<p>Indispensable aux fabricants de matelas, aux d\u00e9taillants et aux centres de service, cette machine permet de r\u00e9parer sur place les coutures ouvertes, les piq\u00fbres l\u00e2ches et les petites d\u00e9chirures du tissu, garantissant ainsi que les matelas conservent leur durabilit\u00e9, leur int\u00e9grit\u00e9 structurelle et leur attrait esth\u00e9tique.<\/p>\n<p>Cette machine est id\u00e9ale pour les entreprises qui s'occupent de la remise \u00e0 neuf ou de la garantie des matelas. Elle offre une solution rentable et efficace pour prolonger la dur\u00e9e de vie des matelas et en pr\u00e9server la qualit\u00e9.<\/p>\n<p>Il est principalement utilis\u00e9 pour coudre l'applique des matelas.<\/p>\n<p>ces machines offrent des capacit\u00e9s de r\u00e9paration de base et n\u00e9cessitent des r\u00e9glages manuels, ce qui les rend adapt\u00e9es aux besoins de r\u00e9paration de faible volume<\/p>\n<p>Avec des arbres sup\u00e9rieur et inf\u00e9rieur ainsi qu'un servomoteur ta\u00efwanais, cette machine peut localiser automatiquement l'aiguille.<\/p>\n<p>\u00c9quip\u00e9e d'un dispositif de levage du pied presseur, la machine permet d'obtenir une meilleure application.<\/p>\n<p>Il rend le matelas \u00e9pais plus beau.<\/p>\n<p>En permettant des r\u00e9parations rapides et efficaces, cette machine prolonge la dur\u00e9e de vie des matelas, en minimisant le besoin de remplacement et en r\u00e9duisant les d\u00e9chets.<\/p>\n<p>une machine \u00e0 r\u00e9parer les points de couture des matelas est un \u00e9quipement n\u00e9cessaire pour les fabricants de matelas, les d\u00e9taillants et les centres de service, leur permettant d'effectuer des r\u00e9parations rapides et de haute qualit\u00e9 qui maintiennent les normes des produits et am\u00e9liorent la satisfaction des clients.<\/p>","protected":false},"featured_media":811,"comment_status":"open","ping_status":"closed","template":"","meta":{"rank_math_lock_modified_date":false},"product_cat":[25],"product_tag":[],"class_list":{"0":"post-1689","1":"product","2":"type-product","3":"status-publish","4":"has-post-thumbnail","6":"product_cat-long-arm-machine","8":"first","9":"instock","10":"shipping-taxable","11":"product-type-simple"},"jetpack_sharing_enabled":true,"_links":{"self":[{"href":"https:\/\/boya-machinery.com\/fr\/wp-json\/wp\/v2\/product\/1689","targetHints":{"allow":["GET"]}}],"collection":[{"href":"https:\/\/boya-machinery.com\/fr\/wp-json\/wp\/v2\/product"}],"about":[{"href":"https:\/\/boya-machinery.com\/fr\/wp-json\/wp\/v2\/types\/product"}],"replies":[{"embeddable":true,"href":"https:\/\/boya-machinery.com\/fr\/wp-json\/wp\/v2\/comments?post=1689"}],"wp:featuredmedia":[{"embeddable":true,"href":"https:\/\/boya-machinery.com\/fr\/wp-json\/wp\/v2\/media\/811"}],"wp:attachment":[{"href":"https:\/\/boya-machinery.com\/fr\/wp-json\/wp\/v2\/media?parent=1689"}],"wp:term":[{"taxonomy":"product_cat","embeddable":true,"href":"https:\/\/boya-machinery.com\/fr\/wp-json\/wp\/v2\/product_cat?post=1689"},{"taxonomy":"product_tag","embeddable":true,"href":"https:\/\/boya-machinery.com\/fr\/wp-json\/wp\/v2\/product_tag?post=1689"}],"curies":[{"name":"wp","href":"https:\/\/api.w.org\/{rel}","templated":true}]}}