{"id":1692,"date":"2025-03-21T08:45:30","date_gmt":"2025-03-21T08:45:30","guid":{"rendered":"https:\/\/boya-machinery.com\/?post_type=product&#038;p=1692"},"modified":"2025-04-09T03:22:29","modified_gmt":"2025-04-09T03:22:29","slug":"flange-machine","status":"publish","type":"product","link":"https:\/\/boya-machinery.com\/fr\/product\/flange-machine\/","title":{"rendered":"Machine \u00e0 border Profit pour surjet de matelas"},"content":{"rendered":"<p><strong>Machine \u00e0 brides<\/strong><\/p>\n<p>Mod\u00e8le SFG-X-6<br \/>\nChef JUKI<br \/>\nLargeur de la bride 25MM<br \/>\n\u00c9paisseur de la bride 10-90MM<br \/>\nVitesse maximale 4500RPM<br \/>\nPuissance totale 750W<\/p>","protected":false},"excerpt":{"rendered":"<p>https:\/\/youtu.be\/ICFKbUbBnvE<\/p>\n<p>Nouvelle presse \u00e0 pied \u00e0 grande lev\u00e9e<\/p>\n<p>Hauteur de levage du pied design jusqu'\u00e0 35 mm<\/p>\n<p>Nouvelle conception de la machine d'entra\u00eenement<\/p>\n<p>La couture du tissu est plus facile et plus performante<\/p>\n<p>Rebord 1-90MM Tissu de matelas extra-\u00e9pais Point d'arr\u00eat disponible<\/p>\n<p>Largeur de la bride 25MM<\/p>\n<p>Vitesse de bordage jusqu'\u00e0 4500 tours\/minute<\/p>\n<p>Servomoteur d'origine ta\u00efwanaise<\/p>\n<p>Lubrification automatique des t\u00eates<\/p>\n<p>Conversion facile pour les tissus \u00e9pais et fins<\/p>","protected":false},"featured_media":1701,"comment_status":"open","ping_status":"closed","template":"","meta":{"rank_math_lock_modified_date":false},"product_cat":[23],"product_tag":[],"class_list":{"0":"post-1692","1":"product","2":"type-product","3":"status-publish","4":"has-post-thumbnail","6":"product_cat-smart-sewing-machine","8":"first","9":"instock","10":"shipping-taxable","11":"product-type-simple"},"jetpack_sharing_enabled":true,"_links":{"self":[{"href":"https:\/\/boya-machinery.com\/fr\/wp-json\/wp\/v2\/product\/1692","targetHints":{"allow":["GET"]}}],"collection":[{"href":"https:\/\/boya-machinery.com\/fr\/wp-json\/wp\/v2\/product"}],"about":[{"href":"https:\/\/boya-machinery.com\/fr\/wp-json\/wp\/v2\/types\/product"}],"replies":[{"embeddable":true,"href":"https:\/\/boya-machinery.com\/fr\/wp-json\/wp\/v2\/comments?post=1692"}],"wp:featuredmedia":[{"embeddable":true,"href":"https:\/\/boya-machinery.com\/fr\/wp-json\/wp\/v2\/media\/1701"}],"wp:attachment":[{"href":"https:\/\/boya-machinery.com\/fr\/wp-json\/wp\/v2\/media?parent=1692"}],"wp:term":[{"taxonomy":"product_cat","embeddable":true,"href":"https:\/\/boya-machinery.com\/fr\/wp-json\/wp\/v2\/product_cat?post=1692"},{"taxonomy":"product_tag","embeddable":true,"href":"https:\/\/boya-machinery.com\/fr\/wp-json\/wp\/v2\/product_tag?post=1692"}],"curies":[{"name":"wp","href":"https:\/\/api.w.org\/{rel}","templated":true}]}}