{"id":1944,"date":"2025-06-04T07:03:38","date_gmt":"2025-06-04T07:03:38","guid":{"rendered":"https:\/\/boya-machinery.com\/?post_type=product&#038;p=1944"},"modified":"2026-01-13T02:25:57","modified_gmt":"2026-01-13T02:25:57","slug":"automatic-flat-tape-edge-machine","status":"publish","type":"product","link":"https:\/\/boya-machinery.com\/fr\/product\/automatic-flat-tape-edge-machine\/","title":{"rendered":"Machine automatique \u00e0 border les rubans plats"},"content":{"rendered":"<p><strong>Machine \u00e0 border les bandes<\/strong><\/p>\n<p>Mod\u00e8le : SPF-300U<\/p>\n<p>T\u00eate : 300UB5<\/p>\n<p>Taille du classeur : 35 ou 38 ou 40 ou 42<\/p>\n<p>Hauteur de levage du pied de presse : 8MM-10MM<\/p>\n<p>Vitesse maximale : 2000RPM<\/p>\n<p>Aiguille : DP*59 23#<\/p>\n<p>Longueur du point : 4-6mm (1 pouce)<\/p>\n<p>Pression atmosph\u00e9rique : 0,6-0,8 MPa<\/p>\n<p>Puissance totale : 2600W<\/p>\n<p>Tension : 220V 1 PHASE 50\/60HZ<\/p>","protected":false},"excerpt":{"rendered":"<p>https:\/\/youtu.be\/N3S9fUcRfiQ<\/p>\n<p>https:\/\/youtu.be\/gu8HomFFgmM<\/p>\n<p>La SPF-300U est une machine \u00e0 bord plat qui transporte automatiquement les tissus de matelas et facilite le retournement des coins \u00e0 l'aide d'une bande transporteuse. Elle est \u00e9quip\u00e9e d'une t\u00eate de machine 300UB. Cette machine \u00e0 bord plat intelligente est facile \u00e0 utiliser, r\u00e9duit le temps de formation de l'op\u00e9rateur, am\u00e9liore consid\u00e9rablement l'efficacit\u00e9 du travail et garantit une qualit\u00e9 \u00e9lev\u00e9e. La bande transporteuse assiste \u00e9galement la t\u00eate de machine dans l'alimentation synchrone, ce qui r\u00e9duit la charge sur la t\u00eate de machine et prolonge sa dur\u00e9e de vie.<\/p>\n<p>Lorsque l'op\u00e9rateur manipule des tissus extr\u00eamement \u00e9pais et lourds, la bande transporteuse achemine simultan\u00e9ment le tissu et tourne automatiquement le coin, ce qui r\u00e9duit consid\u00e9rablement la fatigue de l'op\u00e9rateur et simplifie la formation.<\/p>\n<p>Virage automatique<\/p>\n<p>R\u00e9duit la charge de travail de la t\u00eate de machine et prolonge la dur\u00e9e de vie de la t\u00eate de machine<\/p>\n<p>Contribue \u00e0 am\u00e9liorer la productivit\u00e9 de l'op\u00e9rateur<\/p>","protected":false},"featured_media":1945,"comment_status":"open","ping_status":"closed","template":"","meta":{"rank_math_lock_modified_date":false},"product_cat":[22],"product_tag":[],"class_list":{"0":"post-1944","1":"product","2":"type-product","3":"status-publish","4":"has-post-thumbnail","6":"product_cat-tape-edge-machine","8":"first","9":"instock","10":"shipping-taxable","11":"product-type-simple"},"jetpack_sharing_enabled":true,"_links":{"self":[{"href":"https:\/\/boya-machinery.com\/fr\/wp-json\/wp\/v2\/product\/1944","targetHints":{"allow":["GET"]}}],"collection":[{"href":"https:\/\/boya-machinery.com\/fr\/wp-json\/wp\/v2\/product"}],"about":[{"href":"https:\/\/boya-machinery.com\/fr\/wp-json\/wp\/v2\/types\/product"}],"replies":[{"embeddable":true,"href":"https:\/\/boya-machinery.com\/fr\/wp-json\/wp\/v2\/comments?post=1944"}],"wp:featuredmedia":[{"embeddable":true,"href":"https:\/\/boya-machinery.com\/fr\/wp-json\/wp\/v2\/media\/1945"}],"wp:attachment":[{"href":"https:\/\/boya-machinery.com\/fr\/wp-json\/wp\/v2\/media?parent=1944"}],"wp:term":[{"taxonomy":"product_cat","embeddable":true,"href":"https:\/\/boya-machinery.com\/fr\/wp-json\/wp\/v2\/product_cat?post=1944"},{"taxonomy":"product_tag","embeddable":true,"href":"https:\/\/boya-machinery.com\/fr\/wp-json\/wp\/v2\/product_tag?post=1944"}],"curies":[{"name":"wp","href":"https:\/\/api.w.org\/{rel}","templated":true}]}}