{"id":2113,"date":"2026-01-13T02:23:51","date_gmt":"2026-01-13T02:23:51","guid":{"rendered":"https:\/\/boya-machinery.com\/?post_type=product&#038;p=2113"},"modified":"2026-01-13T02:28:13","modified_gmt":"2026-01-13T02:28:13","slug":"linear-mattress-border-quilting-machine","status":"publish","type":"product","link":"https:\/\/boya-machinery.com\/fr\/product\/linear-mattress-border-quilting-machine\/","title":{"rendered":"Machine \u00e0 coudre lin\u00e9aire pour bordures de matelas avec ruban d\u00e9coratif"},"content":{"rendered":"<p><strong>Machine \u00e0 piquer les bordures de matelas<\/strong><\/p>\n<p>Quantit\u00e9 d'aiguilles : 63<\/p>\n<p>\u00c9paisseur du matelassage : 5-35MM<\/p>\n<p>Largeur de couture : 20-415MM<\/p>\n<p>Vitesse : 900-1600RPM<\/p>\n<p>Pas du point : 2-8MM<\/p>\n<p>Tension : 220V 50\/60HZ 2,2KW<\/p>\n<p>Poids brut : 300KG<\/p>\n<p>Taille du paquet : 124cm*78cm*180cm<\/p>\n<p>Sortie : 4-7.5m\/Min<\/p>","protected":false},"excerpt":{"rendered":"<p>https:\/\/youtu.be\/0rxn7Wexwcg<\/p>\n<p>Machine \u00e0 piquer lin\u00e9aire \u00e0 grande vitesse con\u00e7ue pour une production efficace de bordures lat\u00e9rales de matelas.<\/p>\n<p data-path-to-node=\"3,1,0,0\">Couture polyvalente : Capable de traiter simultan\u00e9ment du tissu, de la mousse, du non-tiss\u00e9 et des rubans d\u00e9coratifs.<\/p>\n<p data-path-to-node=\"3,1,1,0\">Grande capacit\u00e9 : Comprend 63 aiguilles pour des motifs pr\u00e9cis en ligne droite.<\/p>\n<p data-path-to-node=\"3,1,2,0\">Largeur r\u00e9glable : largeur de couture de 20 mm \u00e0 415 mm pour s'adapter \u00e0 diff\u00e9rents mod\u00e8les de bordures.<\/p>\n<p data-path-to-node=\"3,1,3,0\">Vitesse : Fonctionne \u00e0 une vitesse comprise entre 900 et 1600 tours\/minute, avec un d\u00e9bit pouvant atteindre 7,5 m\/min.<\/p>","protected":false},"featured_media":2112,"comment_status":"open","ping_status":"closed","template":"","meta":{"rank_math_lock_modified_date":false},"product_cat":[24],"product_tag":[],"class_list":{"0":"post-2113","1":"product","2":"type-product","3":"status-publish","4":"has-post-thumbnail","6":"product_cat-mattress-border-machine","8":"first","9":"instock","10":"shipping-taxable","11":"product-type-simple"},"jetpack_sharing_enabled":true,"_links":{"self":[{"href":"https:\/\/boya-machinery.com\/fr\/wp-json\/wp\/v2\/product\/2113","targetHints":{"allow":["GET"]}}],"collection":[{"href":"https:\/\/boya-machinery.com\/fr\/wp-json\/wp\/v2\/product"}],"about":[{"href":"https:\/\/boya-machinery.com\/fr\/wp-json\/wp\/v2\/types\/product"}],"replies":[{"embeddable":true,"href":"https:\/\/boya-machinery.com\/fr\/wp-json\/wp\/v2\/comments?post=2113"}],"wp:featuredmedia":[{"embeddable":true,"href":"https:\/\/boya-machinery.com\/fr\/wp-json\/wp\/v2\/media\/2112"}],"wp:attachment":[{"href":"https:\/\/boya-machinery.com\/fr\/wp-json\/wp\/v2\/media?parent=2113"}],"wp:term":[{"taxonomy":"product_cat","embeddable":true,"href":"https:\/\/boya-machinery.com\/fr\/wp-json\/wp\/v2\/product_cat?post=2113"},{"taxonomy":"product_tag","embeddable":true,"href":"https:\/\/boya-machinery.com\/fr\/wp-json\/wp\/v2\/product_tag?post=2113"}],"curies":[{"name":"wp","href":"https:\/\/api.w.org\/{rel}","templated":true}]}}