{"id":790,"date":"2024-10-29T07:13:47","date_gmt":"2024-10-29T07:13:47","guid":{"rendered":"https:\/\/boya-machinery.com\/?post_type=product&#038;p=790"},"modified":"2024-11-11T02:04:03","modified_gmt":"2024-11-11T02:04:03","slug":"mattress-flanging-machine","status":"publish","type":"product","link":"https:\/\/boya-machinery.com\/fr\/product\/mattress-flanging-machine\/","title":{"rendered":"Meilleure machine \u00e0 cintrer les matelas de Chine"},"content":{"rendered":"<p><strong>Machine \u00e0 border les matelas<\/strong><\/p>\n<p style=\"font-weight: 100;\">Responsable : JUKI<\/p>\n<p style=\"font-weight: 100;\">Largeur de la bride : 25MM<\/p>\n<p style=\"font-weight: 100;\">\u00c9paisseur de la bride : 10-90MM<\/p>\n<p style=\"font-weight: 100;\">Vitesse max. Vitesse : 4,500RPM<\/p>\n<p style=\"font-weight: 100;\">Puissance du moteur : 750W<\/p>","protected":false},"excerpt":{"rendered":"<p>Une machine \u00e0 border les matelas est une machine \u00e0 coudre industrielle sp\u00e9cialis\u00e9e utilis\u00e9e dans la fabrication des matelas pour fixer le mat\u00e9riau de la bordure au panneau du matelas par une couture solide et durable.<\/p>\n<p>Pour les matelas haut de gamme, une machine \u00e0 border les matelas est une machine \u00e0 coudre indispensable, car les matelas haut de gamme utilisent toujours des mat\u00e9riaux lourds et, sans machine \u00e0 border, il est tr\u00e8s difficile d'appliquer le ruban adh\u00e9sif.<\/p>\n<p style=\"font-weight: 100;\">La couture du tissu est plus facile et plus performante<\/p>\n<p>Il s'agit d'une marque de machine \u00e0 coudre de renomm\u00e9e mondiale appel\u00e9e \"Juki\", la qualit\u00e9 est toujours assur\u00e9e 8-10 ans<\/p>\n<p style=\"font-weight: 100;\">Nouvelle presse \u00e0 pied \u00e0 dur\u00e9e de vie \u00e9lev\u00e9e<\/p>\n<p style=\"font-weight: 100;\">La hauteur de levage des pieds est de 35 mm. Gr\u00e2ce \u00e0 la hauteur de levage des pieds de la presse, l'op\u00e9rateur peut facilement introduire le mat\u00e9riau dans la machine.<\/p>\n<p style=\"font-weight: 100;\">Nouvelle conception de la machine d'entra\u00eenement<\/p>\n<p style=\"font-weight: 100;\">Le pas de l'aiguille peut \u00eatre ajust\u00e9 en fonction des besoins du client. Le pas standard est fix\u00e9 \u00e0 4,5-6 pouces<\/p>\n<p style=\"font-weight: 100;\">Servomoteur original de Ta\u00efwan<\/p>\n<p style=\"font-weight: 100;\">Lubrification automatique des t\u00eates<\/p>\n<p style=\"font-weight: 100;\">Conversion facile pour les tissus \u00e9pais ou fins<\/p>\n<p>Pour assurer le bon fonctionnement de la machine, v\u00e9rifiez r\u00e9guli\u00e8rement le syst\u00e8me de lubrification et faites le plein si n\u00e9cessaire.<\/p>\n<p>Nettoyer r\u00e9guli\u00e8rement la machine, afin d'\u00e9viter que le mat\u00e9riau ne reste coll\u00e9 \u00e0 la machine et ne retarde la production.<\/p>\n<p>Par rapport \u00e0 d'autres fournisseurs, nous offrons toujours une garantie de deux ans \u00e0 nos clients, car notre qualit\u00e9 peut \u00eatre test\u00e9e par le march\u00e9.<\/p>","protected":false},"featured_media":791,"comment_status":"closed","ping_status":"closed","template":"","meta":{"rank_math_lock_modified_date":false},"product_cat":[21],"product_tag":[],"class_list":{"0":"post-790","1":"product","2":"type-product","3":"status-publish","4":"has-post-thumbnail","6":"product_cat-flanging-machine","8":"first","9":"instock","10":"shipping-taxable","11":"product-type-simple"},"jetpack_sharing_enabled":true,"_links":{"self":[{"href":"https:\/\/boya-machinery.com\/fr\/wp-json\/wp\/v2\/product\/790","targetHints":{"allow":["GET"]}}],"collection":[{"href":"https:\/\/boya-machinery.com\/fr\/wp-json\/wp\/v2\/product"}],"about":[{"href":"https:\/\/boya-machinery.com\/fr\/wp-json\/wp\/v2\/types\/product"}],"replies":[{"embeddable":true,"href":"https:\/\/boya-machinery.com\/fr\/wp-json\/wp\/v2\/comments?post=790"}],"wp:featuredmedia":[{"embeddable":true,"href":"https:\/\/boya-machinery.com\/fr\/wp-json\/wp\/v2\/media\/791"}],"wp:attachment":[{"href":"https:\/\/boya-machinery.com\/fr\/wp-json\/wp\/v2\/media?parent=790"}],"wp:term":[{"taxonomy":"product_cat","embeddable":true,"href":"https:\/\/boya-machinery.com\/fr\/wp-json\/wp\/v2\/product_cat?post=790"},{"taxonomy":"product_tag","embeddable":true,"href":"https:\/\/boya-machinery.com\/fr\/wp-json\/wp\/v2\/product_tag?post=790"}],"curies":[{"name":"wp","href":"https:\/\/api.w.org\/{rel}","templated":true}]}}