{"id":808,"date":"2024-10-29T07:43:07","date_gmt":"2024-10-29T07:43:07","guid":{"rendered":"https:\/\/boya-machinery.com\/?post_type=product&#038;p=808"},"modified":"2025-03-25T09:44:06","modified_gmt":"2025-03-25T09:44:06","slug":"mattress-flanging-machine-manual","status":"publish","type":"product","link":"https:\/\/boya-machinery.com\/fr\/product\/mattress-flanging-machine-manual\/","title":{"rendered":"Perfect mattress flanging machine manual"},"content":{"rendered":"<p><strong>Manuel de la machine \u00e0 border les matelas<\/strong><\/p>\n<p>Responsable : Pegasus Japan<\/p>\n<p>Largeur des brides : 15 mm, 25 mm ou 30 mm<\/p>\n<p>\u00c9paisseur de la bride : 10-90mm<\/p>\n<p>Vitesse maximale : 4000 tr\/min<\/p>\n<p>Puissance du moteur : 750w<\/p>","protected":false},"excerpt":{"rendered":"<p>https:\/\/www.youtube.com\/embed\/HIf6hNVHBGs<\/p>\n<p style=\"font-weight: 100;\">Il s'agit d'une machine \u00e0 border les matelas en tissu \u00e0 grande vitesse, \u00e9quip\u00e9e d'une t\u00eate PEGASUS. Gr\u00e2ce \u00e0 la structure avanc\u00e9e de l'alimentation synchrone et des pieds presseurs, les mat\u00e9riaux tr\u00e8s \u00e9pais peuvent \u00eatre trait\u00e9s facilement tout en conservant des performances stables. Une qualit\u00e9 de couture parfaite peut \u00eatre obtenue.<\/p>\n<p style=\"font-weight: 100;\">Vitesse de couture jusqu'\u00e0 4 000<\/p>\n<p style=\"font-weight: 100;\">Conserve une grande longueur de point<\/p>\n<p style=\"font-weight: 100;\">Structure d'alimentation synchrone avec d'excellentes performances d'alimentation, m\u00eame les tissus tr\u00e8s \u00e9pais peuvent passer facilement alors qu'ils \u00e9chouent souvent dans d'autres types de machines \u00e0 coudre.<\/p>\n<p style=\"font-weight: 100;\">Les tissus \u00e9pais et fins peuvent \u00eatre facilement trait\u00e9s<\/p>\n<p style=\"font-weight: 100;\">Syst\u00e8me de refroidissement et de lubrification automatique<\/p>\n<p style=\"font-weight: 100;\">Les services client\u00e8le de la marque Taiwan Housing servo motor sont r\u00e9partis dans le monde entier. Les clients peuvent trouver facilement une assistance pour les servomoteurs, quel que soit le pays o\u00f9 ils se trouvent.<\/p>\n<p>Ce mod\u00e8le de machine \u00e0 border les matelas est compar\u00e9 au mod\u00e8le de machine \u00e0 border Porter PFM-4000, dont le prix est bas et qui est tr\u00e8s populaire sur le march\u00e9.<\/p>\n<p>Ce manuel de machine \u00e0 border les matelas adapte la t\u00eate de couture originale de la marque japonaise PEGASUS avec ses pi\u00e8ces de rechange de haute qualit\u00e9 qui peuvent garantir l'utilisation de cette machine pendant environ 8-10 ans. PEGASUS est une marque c\u00e9l\u00e8bre dans l'industrie des machines \u00e0 coudre, et de nombreuses t\u00eates de couture contrefaites existent sur le march\u00e9, le client doit v\u00e9rifier qu'il obtient la machine \u00e0 coudre d'origine.<\/p>\n<p>&nbsp;<\/p>\n<p>&nbsp;<\/p>\n<p>&nbsp;<\/p>","protected":false},"featured_media":1711,"comment_status":"open","ping_status":"closed","template":"","meta":{"rank_math_lock_modified_date":false},"product_cat":[21],"product_tag":[],"class_list":{"0":"post-808","1":"product","2":"type-product","3":"status-publish","4":"has-post-thumbnail","6":"product_cat-flanging-machine","8":"first","9":"instock","10":"shipping-taxable","11":"product-type-simple"},"jetpack_sharing_enabled":true,"_links":{"self":[{"href":"https:\/\/boya-machinery.com\/fr\/wp-json\/wp\/v2\/product\/808","targetHints":{"allow":["GET"]}}],"collection":[{"href":"https:\/\/boya-machinery.com\/fr\/wp-json\/wp\/v2\/product"}],"about":[{"href":"https:\/\/boya-machinery.com\/fr\/wp-json\/wp\/v2\/types\/product"}],"replies":[{"embeddable":true,"href":"https:\/\/boya-machinery.com\/fr\/wp-json\/wp\/v2\/comments?post=808"}],"wp:featuredmedia":[{"embeddable":true,"href":"https:\/\/boya-machinery.com\/fr\/wp-json\/wp\/v2\/media\/1711"}],"wp:attachment":[{"href":"https:\/\/boya-machinery.com\/fr\/wp-json\/wp\/v2\/media?parent=808"}],"wp:term":[{"taxonomy":"product_cat","embeddable":true,"href":"https:\/\/boya-machinery.com\/fr\/wp-json\/wp\/v2\/product_cat?post=808"},{"taxonomy":"product_tag","embeddable":true,"href":"https:\/\/boya-machinery.com\/fr\/wp-json\/wp\/v2\/product_tag?post=808"}],"curies":[{"name":"wp","href":"https:\/\/api.w.org\/{rel}","templated":true}]}}