{"id":823,"date":"2024-10-29T07:44:38","date_gmt":"2024-10-29T07:44:38","guid":{"rendered":"https:\/\/boya-machinery.com\/?post_type=product&#038;p=823"},"modified":"2024-11-11T06:56:04","modified_gmt":"2024-11-11T06:56:04","slug":"mattress-flange-machine","status":"publish","type":"product","link":"https:\/\/boya-machinery.com\/fr\/product\/mattress-flange-machine\/","title":{"rendered":"Fabricant priv\u00e9 de machines \u00e0 rebords de matelas"},"content":{"rendered":"<p><strong>Machine \u00e0 rebords de matelas<\/strong><\/p>\n<p>T\u00eate : JUKI 6800<\/p>\n<p>Largeur de la bride : 25MM ou 30MM 25MM ou 30MM<\/p>\n<p>\u00c9paisseur de la bride : 10 - 80MM<\/p>\n<p>Vitesse max. Vitesse : 3000RPM<\/p>\n<p>Puissance du moteur : 550W<\/p>","protected":false},"excerpt":{"rendered":"<p>Une machine \u00e0 border les matelas est une machine \u00e0 coudre sp\u00e9cialis\u00e9e utilis\u00e9e dans l'industrie de la fabrication des matelas pour fixer une bride, ou bande de tissu, aux panneaux de matelas.<\/p>\n<p>Cette bride sert de point d'ancrage permettant aux panneaux sup\u00e9rieur et inf\u00e9rieur du matelas d'\u00eatre solidement fix\u00e9s \u00e0 la bordure du matelas lors de l'assemblage final, cr\u00e9ant ainsi une structure solide et unifi\u00e9e.<\/p>\n<p>Structure d'alimentation synchrone avec d'excellentes performances d'alimentation, m\u00eame les tissus tr\u00e8s \u00e9pais peuvent passer facilement alors qu'ils \u00e9chouent souvent dans d'autres types de machines \u00e0 coudre.<\/p>\n<p>Les tissus \u00e9pais et fins peuvent \u00eatre facilement trait\u00e9s<\/p>\n<p>Syst\u00e8me de refroidissement et de lubrification automatique<\/p>\n<p>Servomoteur de Ta\u00efwan<\/p>\n<p>Ce mod\u00e8le de machine \u00e0 rebords de matelas est un mod\u00e8le exclusif d\u00e9velopp\u00e9 par notre usine, avec son prix comp\u00e9titif et son excellente r\u00e9putation sur le march\u00e9.<\/p>\n<p>Nous utilisons des t\u00eates de couture Juki japonaises qui offrent des machines \u00e0 bride de matelas de haute qualit\u00e9, connues pour leur durabilit\u00e9 et leur efficacit\u00e9 dans les environnements industriels.<\/p>\n<p>Cette machine \u00e0 brides est dot\u00e9e d'une longueur de point et d'une tension r\u00e9glables, ce qui permet aux op\u00e9rateurs de personnaliser les r\u00e9glages en fonction des mat\u00e9riaux sp\u00e9cifiques utilis\u00e9s dans chaque matelas. La longueur de point normale est de 4,5 \u00e0 6 points par pouce.<\/p>\n<p>Les machines \u00e0 brides sont con\u00e7ues pour traiter les matelas \u00e9pais et denses, y compris le tissu matelass\u00e9, la mousse et d'autres mat\u00e9riaux d'ameublement lourds.<\/p>\n<p>&nbsp;<\/p>","protected":false},"featured_media":814,"comment_status":"open","ping_status":"closed","template":"","meta":{"rank_math_lock_modified_date":false},"product_cat":[21],"product_tag":[],"class_list":{"0":"post-823","1":"product","2":"type-product","3":"status-publish","4":"has-post-thumbnail","6":"product_cat-flanging-machine","8":"first","9":"instock","10":"shipping-taxable","11":"product-type-simple"},"jetpack_sharing_enabled":true,"_links":{"self":[{"href":"https:\/\/boya-machinery.com\/fr\/wp-json\/wp\/v2\/product\/823","targetHints":{"allow":["GET"]}}],"collection":[{"href":"https:\/\/boya-machinery.com\/fr\/wp-json\/wp\/v2\/product"}],"about":[{"href":"https:\/\/boya-machinery.com\/fr\/wp-json\/wp\/v2\/types\/product"}],"replies":[{"embeddable":true,"href":"https:\/\/boya-machinery.com\/fr\/wp-json\/wp\/v2\/comments?post=823"}],"wp:featuredmedia":[{"embeddable":true,"href":"https:\/\/boya-machinery.com\/fr\/wp-json\/wp\/v2\/media\/814"}],"wp:attachment":[{"href":"https:\/\/boya-machinery.com\/fr\/wp-json\/wp\/v2\/media?parent=823"}],"wp:term":[{"taxonomy":"product_cat","embeddable":true,"href":"https:\/\/boya-machinery.com\/fr\/wp-json\/wp\/v2\/product_cat?post=823"},{"taxonomy":"product_tag","embeddable":true,"href":"https:\/\/boya-machinery.com\/fr\/wp-json\/wp\/v2\/product_tag?post=823"}],"curies":[{"name":"wp","href":"https:\/\/api.w.org\/{rel}","templated":true}]}}