{"id":824,"date":"2024-10-29T07:46:10","date_gmt":"2024-10-29T07:46:10","guid":{"rendered":"https:\/\/boya-machinery.com\/?post_type=product&#038;p=824"},"modified":"2025-03-25T09:21:34","modified_gmt":"2025-03-25T09:21:34","slug":"mattress-flanging-machine-manufacturers","status":"publish","type":"product","link":"https:\/\/boya-machinery.com\/fr\/product\/mattress-flanging-machine-manufacturers\/","title":{"rendered":"Fabricants de machines \u00e0 cintrer les matelas bon march\u00e9"},"content":{"rendered":"<p><strong>fabricants de machines \u00e0 cintrer les matelas<\/strong><\/p>\n<p>T\u00eate : Kingtex<\/p>\n<p>Largeur de la bride : 25MM ou 30MM<\/p>\n<p>\u00c9paisseur de la bride : 1 - 70MM<\/p>\n<p>Vitesse max. Vitesse : 3000RPM<\/p>\n<p>Puissance du moteur : 550W<\/p>\n<p>Levage du pied de presse\uff1a15MM<\/p>\n<div id=\"gtx-trans\" style=\"position: absolute; left: -3px; top: 48px;\">\n<div class=\"gtx-trans-icon\"><\/div>\n<\/div>","protected":false},"excerpt":{"rendered":"<p>https:\/\/youtu.be\/MfhjTK4IYxk<\/p>\n<p>Nous sommes un fabricant de machines de bordage de matelas avec de nombreuses ann\u00e9es d'exp\u00e9rience et nous offrons des solutions de bordage avanc\u00e9es en mettant l'accent sur l'innovation et l'efficacit\u00e9 \u00e9nerg\u00e9tique.<\/p>\n<p>Sp\u00e9cialis\u00e9e dans les machines durables et \u00e9conomes en \u00e9nergie con\u00e7ues pour les fabricants de matelas<\/p>\n<p>Les bordeuses de matelas sont des \u00e9quipements industriels sp\u00e9cialis\u00e9s con\u00e7us pour le processus de couture des bords dans la production de matelas.<\/p>\n<p>Structure d'alimentation synchrone avec d'excellentes performances d'alimentation, m\u00eame les tissus tr\u00e8s \u00e9pais peuvent passer facilement alors qu'ils \u00e9chouent souvent dans d'autres types de machines \u00e0 coudre.<\/p>\n<p>Fournit des bordeuses robustes assorties de garanties solides et d'un excellent service apr\u00e8s-vente.<\/p>\n<p>Ces machines assurent la pr\u00e9cision, la rapidit\u00e9 et la coh\u00e9rence de la fixation des bordures sur les panneaux de matelas, \u00e9tape essentielle pour garantir la durabilit\u00e9 et l'attrait esth\u00e9tique des produits.<\/p>\n<p>Capacit\u00e9 \u00e0 traiter une vari\u00e9t\u00e9 de tailles et de mat\u00e9riaux de matelas, y compris les matelas en mousse, \u00e0 ressorts et hybrides.<\/p>\n<p>Les tissus \u00e9pais et fins peuvent \u00eatre facilement trait\u00e9s<\/p>\n<p>Syst\u00e8me de refroidissement et de lubrification automatique<\/p>\n<p>Servomoteur de Ta\u00efwan<\/p>\n<p>L'investissement dans une machine \u00e0 border les matelas permet de rationaliser consid\u00e9rablement le processus de production des matelas, d'am\u00e9liorer la qualit\u00e9 des produits et de r\u00e9duire les co\u00fbts d'exploitation.<\/p>\n<p>&nbsp;<\/p>\n<p>&nbsp;<\/p>","protected":false},"featured_media":815,"comment_status":"open","ping_status":"closed","template":"","meta":{"rank_math_lock_modified_date":false},"product_cat":[21],"product_tag":[],"class_list":{"0":"post-824","1":"product","2":"type-product","3":"status-publish","4":"has-post-thumbnail","6":"product_cat-flanging-machine","8":"first","9":"instock","10":"shipping-taxable","11":"product-type-simple"},"jetpack_sharing_enabled":true,"_links":{"self":[{"href":"https:\/\/boya-machinery.com\/fr\/wp-json\/wp\/v2\/product\/824","targetHints":{"allow":["GET"]}}],"collection":[{"href":"https:\/\/boya-machinery.com\/fr\/wp-json\/wp\/v2\/product"}],"about":[{"href":"https:\/\/boya-machinery.com\/fr\/wp-json\/wp\/v2\/types\/product"}],"replies":[{"embeddable":true,"href":"https:\/\/boya-machinery.com\/fr\/wp-json\/wp\/v2\/comments?post=824"}],"wp:featuredmedia":[{"embeddable":true,"href":"https:\/\/boya-machinery.com\/fr\/wp-json\/wp\/v2\/media\/815"}],"wp:attachment":[{"href":"https:\/\/boya-machinery.com\/fr\/wp-json\/wp\/v2\/media?parent=824"}],"wp:term":[{"taxonomy":"product_cat","embeddable":true,"href":"https:\/\/boya-machinery.com\/fr\/wp-json\/wp\/v2\/product_cat?post=824"},{"taxonomy":"product_tag","embeddable":true,"href":"https:\/\/boya-machinery.com\/fr\/wp-json\/wp\/v2\/product_tag?post=824"}],"curies":[{"name":"wp","href":"https:\/\/api.w.org\/{rel}","templated":true}]}}