{"id":825,"date":"2024-10-29T07:47:17","date_gmt":"2024-10-29T07:47:17","guid":{"rendered":"https:\/\/boya-machinery.com\/?post_type=product&#038;p=825"},"modified":"2024-11-13T02:53:33","modified_gmt":"2024-11-13T02:53:33","slug":"mattress-flange-sewing-machine-manual","status":"publish","type":"product","link":"https:\/\/boya-machinery.com\/fr\/product\/mattress-flange-sewing-machine-manual\/","title":{"rendered":"Meilleur manuel de machine \u00e0 coudre \u00e0 bride de matelas"},"content":{"rendered":"<p><strong>Manuel de la machine \u00e0 coudre \u00e0 bride de matelas<\/strong><\/p>\n<p>Responsable : Pegasus Japan<\/p>\n<p>Largeur des brides : 15 mm, 25 mm ou 30 mm<\/p>\n<p>\u00c9paisseur de la bride : 10-80 mm<\/p>\n<p>Vitesse maximale : 3000RPM<\/p>\n<p>Puissance du moteur : 550W<\/p>","protected":false},"excerpt":{"rendered":"<p>Ce mod\u00e8le de machine \u00e0 coudre \u00e0 bride de matelas est connu pour ses capacit\u00e9s \u00e0 grande vitesse et sa durabilit\u00e9. Le manuel comprend des informations compl\u00e8tes sur l'installation, les op\u00e9rations et l'entretien g\u00e9n\u00e9ral.<\/p>\n<p>Le manuel d'utilisation et la liste des pi\u00e8ces d\u00e9tach\u00e9es de cette machine offrent des conseils d\u00e9taill\u00e9s sur son utilisation et son entretien.<\/p>\n<p style=\"font-weight: 100;\">Il s'agit d'une machine \u00e0 coudre \u00e0 grande vitesse pour matelas en tissu, \u00e9quip\u00e9e d'une t\u00eate PEGASUS. Gr\u00e2ce \u00e0 la structure avanc\u00e9e de l'alimentation synchrone et des pieds presseurs, les mat\u00e9riaux tr\u00e8s \u00e9pais peuvent \u00eatre trait\u00e9s facilement tout en conservant des performances stables. Une qualit\u00e9 de couture parfaite peut \u00eatre obtenue.<\/p>\n<p>La largeur la plus courante des brides est de 25 mm, mais certains clients ont \u00e9galement besoin de 15 ou 30 mm. Nous pouvons fournir aux clients des largeurs personnalis\u00e9es en fonction de leur demande.<\/p>\n<p style=\"font-weight: 100;\">Vitesse de couture jusqu'\u00e0 3 000<\/p>\n<p style=\"font-weight: 100;\">Conserve une grande longueur de point<\/p>\n<p style=\"font-weight: 100;\">Structure d'alimentation synchrone avec d'excellentes performances d'alimentation, m\u00eame les tissus tr\u00e8s \u00e9pais peuvent passer facilement alors qu'ils \u00e9chouent souvent dans d'autres types de machines \u00e0 coudre.<\/p>\n<p style=\"font-weight: 100;\">Les tissus \u00e9pais et fins peuvent \u00eatre facilement trait\u00e9s<\/p>\n<p style=\"font-weight: 100;\">Syst\u00e8me de refroidissement et de lubrification automatique<\/p>\n<p style=\"font-weight: 100;\">Servomoteur de Ta\u00efwan<\/p>","protected":false},"featured_media":816,"comment_status":"open","ping_status":"closed","template":"","meta":{"rank_math_lock_modified_date":false},"product_cat":[21],"product_tag":[],"class_list":{"0":"post-825","1":"product","2":"type-product","3":"status-publish","4":"has-post-thumbnail","6":"product_cat-flanging-machine","8":"first","9":"instock","10":"shipping-taxable","11":"product-type-simple"},"jetpack_sharing_enabled":true,"_links":{"self":[{"href":"https:\/\/boya-machinery.com\/fr\/wp-json\/wp\/v2\/product\/825","targetHints":{"allow":["GET"]}}],"collection":[{"href":"https:\/\/boya-machinery.com\/fr\/wp-json\/wp\/v2\/product"}],"about":[{"href":"https:\/\/boya-machinery.com\/fr\/wp-json\/wp\/v2\/types\/product"}],"replies":[{"embeddable":true,"href":"https:\/\/boya-machinery.com\/fr\/wp-json\/wp\/v2\/comments?post=825"}],"wp:featuredmedia":[{"embeddable":true,"href":"https:\/\/boya-machinery.com\/fr\/wp-json\/wp\/v2\/media\/816"}],"wp:attachment":[{"href":"https:\/\/boya-machinery.com\/fr\/wp-json\/wp\/v2\/media?parent=825"}],"wp:term":[{"taxonomy":"product_cat","embeddable":true,"href":"https:\/\/boya-machinery.com\/fr\/wp-json\/wp\/v2\/product_cat?post=825"},{"taxonomy":"product_tag","embeddable":true,"href":"https:\/\/boya-machinery.com\/fr\/wp-json\/wp\/v2\/product_tag?post=825"}],"curies":[{"name":"wp","href":"https:\/\/api.w.org\/{rel}","templated":true}]}}