{"id":826,"date":"2024-10-29T07:48:31","date_gmt":"2024-10-29T07:48:31","guid":{"rendered":"https:\/\/boya-machinery.com\/?post_type=product&#038;p=826"},"modified":"2025-04-08T05:34:03","modified_gmt":"2025-04-08T05:34:03","slug":"flange-machine-mattress","status":"publish","type":"product","link":"https:\/\/boya-machinery.com\/fr\/product\/flange-machine-mattress\/","title":{"rendered":"Matelas cr\u00e9atif pour machine \u00e0 brides"},"content":{"rendered":"<p><strong>Matelas de la machine \u00e0 brides<\/strong><\/p>\n<p>T\u00eate : Juki 6900<\/p>\n<p>Largeur de la bride : 25 mm<\/p>\n<p>\u00c9paisseur de la bride : 10-70 mm<\/p>\n<p>Vitesse maximale : 3000 tr\/min<\/p>\n<p>Moteur : 550W<\/p>","protected":false},"excerpt":{"rendered":"<p>https:\/\/youtu.be\/lJo2Na2FmGQ<\/p>\n<p>Un matelas \u00e0 bride est une machine sp\u00e9cialis\u00e9e utilis\u00e9e dans la production de matelas, en particulier dans l'industrie de la fabrication de matelas.<\/p>\n<p>Il automatise le processus de couture d'une bride (une bande de tissu) autour des bords des panneaux de matelas.<\/p>\n<p>Le rebord sert de renfort et fournit une structure pour fixer les panneaux sup\u00e9rieur et inf\u00e9rieur du matelas aux composants internes, tels que les ressorts ou la mousse.<\/p>\n<p>Souvent utilis\u00e9s avec les machines \u00e0 piquer et les machines \u00e0 border dans les lignes de production de matelas.<\/p>\n<p>Ce mod\u00e8le de machine \u00e0 border (machine \u00e0 border, machine \u00e0 ourler) est vendu depuis plus de dix ans et nous l'am\u00e9liorons toujours \u00e9tape par \u00e9tape en fonction des exigences des clients. Ce mod\u00e8le reste une tendance pour les mat\u00e9riaux \u00e9pais destin\u00e9s \u00e0 l'industrie du matelas.<\/p>\n<p style=\"font-weight: 100;\">Il est utilis\u00e9 pour les matelas et les bordures de tissu trop \u00e9pais. Il permet \u00e9galement de coudre le tissu non tiss\u00e9 avec le bord du matelas.<\/p>\n<p style=\"font-weight: 100;\">T\u00eate de couture JUKI avec aiguille droite \u00e0 double boulon<\/p>\n<p style=\"font-weight: 100;\">T\u00eate avec syst\u00e8me d'alimentation automatique en huile, permettant de lubrifier facilement chaque pi\u00e8ce<\/p>\n<p style=\"font-weight: 100;\">Structure synchrone \u00e0 cinq fils \u00e0 double aiguille, syst\u00e8me d'alimentation en tissu \u00e0 engrenage puissant, assurant la pr\u00e9cision de l'alimentation et une couture parfaite, \u00e9vitant les plis.<\/p>\n<p style=\"font-weight: 100;\">Les tissus \u00e9pais et fins peuvent \u00eatre facilement trait\u00e9s<\/p>\n<p style=\"font-weight: 100;\">\u00a0Servomoteur de Ta\u00efwan<\/p>","protected":false},"featured_media":813,"comment_status":"open","ping_status":"closed","template":"","meta":{"rank_math_lock_modified_date":false},"product_cat":[21],"product_tag":[],"class_list":{"0":"post-826","1":"product","2":"type-product","3":"status-publish","4":"has-post-thumbnail","6":"product_cat-flanging-machine","8":"first","9":"instock","10":"shipping-taxable","11":"product-type-simple"},"jetpack_sharing_enabled":true,"_links":{"self":[{"href":"https:\/\/boya-machinery.com\/fr\/wp-json\/wp\/v2\/product\/826","targetHints":{"allow":["GET"]}}],"collection":[{"href":"https:\/\/boya-machinery.com\/fr\/wp-json\/wp\/v2\/product"}],"about":[{"href":"https:\/\/boya-machinery.com\/fr\/wp-json\/wp\/v2\/types\/product"}],"replies":[{"embeddable":true,"href":"https:\/\/boya-machinery.com\/fr\/wp-json\/wp\/v2\/comments?post=826"}],"wp:featuredmedia":[{"embeddable":true,"href":"https:\/\/boya-machinery.com\/fr\/wp-json\/wp\/v2\/media\/813"}],"wp:attachment":[{"href":"https:\/\/boya-machinery.com\/fr\/wp-json\/wp\/v2\/media?parent=826"}],"wp:term":[{"taxonomy":"product_cat","embeddable":true,"href":"https:\/\/boya-machinery.com\/fr\/wp-json\/wp\/v2\/product_cat?post=826"},{"taxonomy":"product_tag","embeddable":true,"href":"https:\/\/boya-machinery.com\/fr\/wp-json\/wp\/v2\/product_tag?post=826"}],"curies":[{"name":"wp","href":"https:\/\/api.w.org\/{rel}","templated":true}]}}