{"id":827,"date":"2024-10-29T07:51:20","date_gmt":"2024-10-29T07:51:20","guid":{"rendered":"https:\/\/boya-machinery.com\/?post_type=product&#038;p=827"},"modified":"2024-11-13T03:46:12","modified_gmt":"2024-11-13T03:46:12","slug":"mattress-tape-binding-machine","status":"publish","type":"product","link":"https:\/\/boya-machinery.com\/fr\/product\/mattress-tape-binding-machine\/","title":{"rendered":"Fabricant de machines \u00e0 relier les matelas"},"content":{"rendered":"<p><strong>Machine \u00e0 relier les bandes de matelas<\/strong><\/p>\n<p style=\"font-weight: 100;\">Vitesse maximale : 2 500 tr\/min<\/p>\n<p style=\"font-weight: 100;\">Dimensions de la table de travail : 1220 \u00d7 650 mm<\/p>\n<p style=\"font-weight: 100;\">Pression atmosph\u00e9rique : (0,5 - 0,8) Mpa<\/p>\n<p style=\"font-weight: 100;\">Puissance totale : 550W<\/p>\n<p style=\"font-weight: 100;\">Alimentation : 230V, monophas\u00e9<\/p>","protected":false},"excerpt":{"rendered":"<p style=\"font-weight: 100;\">Cette machine \u00e0 bordures est utilis\u00e9e pour les bordures des panneaux de matelas, des sacs de couchage et des tentes.<\/p>\n<p style=\"font-weight: 100;\">Selon la demande actuelle du march\u00e9, nous avons con\u00e7u une nouvelle fonction qui permet de coudre la fermeture \u00e0 glissi\u00e8re et le tissu en m\u00eame temps.<\/p>\n<p style=\"font-weight: 100;\">\u00a0T\u00eate de couture avanc\u00e9e pour le point de cha\u00eenette<\/p>\n<p style=\"font-weight: 100;\">Servomoteur de Ta\u00efwan<\/p>\n<p style=\"font-weight: 100;\">\u00a0\u00c9l\u00e9vateur pneumatique pour presseur<\/p>\n<p style=\"font-weight: 100;\">Performances stables, peu de vibrations, peu de bruit et grande efficacit\u00e9<\/p>","protected":false},"featured_media":822,"comment_status":"open","ping_status":"closed","template":"","meta":{"rank_math_lock_modified_date":false},"product_cat":[22],"product_tag":[],"class_list":{"0":"post-827","1":"product","2":"type-product","3":"status-publish","4":"has-post-thumbnail","6":"product_cat-tape-edge-machine","8":"first","9":"instock","10":"shipping-taxable","11":"product-type-simple"},"jetpack_sharing_enabled":true,"_links":{"self":[{"href":"https:\/\/boya-machinery.com\/fr\/wp-json\/wp\/v2\/product\/827","targetHints":{"allow":["GET"]}}],"collection":[{"href":"https:\/\/boya-machinery.com\/fr\/wp-json\/wp\/v2\/product"}],"about":[{"href":"https:\/\/boya-machinery.com\/fr\/wp-json\/wp\/v2\/types\/product"}],"replies":[{"embeddable":true,"href":"https:\/\/boya-machinery.com\/fr\/wp-json\/wp\/v2\/comments?post=827"}],"wp:featuredmedia":[{"embeddable":true,"href":"https:\/\/boya-machinery.com\/fr\/wp-json\/wp\/v2\/media\/822"}],"wp:attachment":[{"href":"https:\/\/boya-machinery.com\/fr\/wp-json\/wp\/v2\/media?parent=827"}],"wp:term":[{"taxonomy":"product_cat","embeddable":true,"href":"https:\/\/boya-machinery.com\/fr\/wp-json\/wp\/v2\/product_cat?post=827"},{"taxonomy":"product_tag","embeddable":true,"href":"https:\/\/boya-machinery.com\/fr\/wp-json\/wp\/v2\/product_tag?post=827"}],"curies":[{"name":"wp","href":"https:\/\/api.w.org\/{rel}","templated":true}]}}