{"id":828,"date":"2024-10-29T07:53:53","date_gmt":"2024-10-29T07:53:53","guid":{"rendered":"https:\/\/boya-machinery.com\/?post_type=product&#038;p=828"},"modified":"2025-04-07T08:01:41","modified_gmt":"2025-04-07T08:01:41","slug":"machine-automatique-a-border-les-bandes","status":"publish","type":"product","link":"https:\/\/boya-machinery.com\/fr\/product\/automatic-tape-edge-machine\/","title":{"rendered":"Meilleur fabricant de machines automatiques \u00e0 border les bandes"},"content":{"rendered":"<p><strong>Machine automatique \u00e0 border les bandes<\/strong><\/p>\n<p style=\"font-weight: 100;\">Adopter les t\u00eates de couture 300UB5<\/p>\n<p style=\"font-weight: 100;\">Vitesse de couture : 2800RPM<\/p>\n<p style=\"font-weight: 100;\">Hauteur min. et max. Hauteur du matelas : 50 \u00e0 450 mm<\/p>\n<p style=\"font-weight: 100;\">Capacit\u00e9 : 16 - 20 unit\u00e9s\/heure<\/p>\n<p style=\"font-weight: 100;\">Bande transporteuse antistatique.<\/p>\n<p style=\"font-weight: 100;\">Le rayon de courbure r\u00e9glable permet de coller confortablement les angles.<\/p>\n<p style=\"font-weight: 100;\">Syst\u00e8me param\u00e9trique enti\u00e8rement automatique d'habillage des angles<\/p>\n<p style=\"font-weight: 100;\">Fatigue minimale de l'op\u00e9rateur<\/p>\n<p style=\"font-weight: 100;\">Taille de la table de travail : 4020MM*2050MM<\/p>","protected":false},"excerpt":{"rendered":"<p>https:\/\/youtu.be\/lBseJY4QSr4<\/p>\n<p>https:\/\/youtu.be\/gl59iJSf5W4<\/p>\n<p>Rationalisez votre processus de fabrication de matelas gr\u00e2ce \u00e0 la machine automatique \u00e0 ruban adh\u00e9sif, con\u00e7ue pour la pr\u00e9cision, la vitesse et la fiabilit\u00e9.<\/p>\n<p style=\"font-weight: 100;\">La machine automatique de bord de bande r\u00e9duit le temps de formation et l'intensit\u00e9 du travail de l'op\u00e9rateur, limite les risques pour l'op\u00e9rateur et r\u00e9duit les comp\u00e9tences demand\u00e9es \u00e0 l'op\u00e9rateur. La table motoris\u00e9e \u00e0 courroie et le bras articul\u00e9 tournent le matelas de fa\u00e7on \u00e0 ce que l'op\u00e9rateur puisse rester immobile. Le m\u00e9canisme de bras pivotant retourne et aligne le matelas lorsque le deuxi\u00e8me c\u00f4t\u00e9 est pr\u00eat \u00e0 \u00eatre scotch\u00e9.<\/p>\n<p style=\"font-weight: 100;\">\u00a0Les caract\u00e9ristiques de la machine \u00e0 border les matelas sont les suivantes<\/p>\n<p>Conception intelligente pour augmenter la productivit\u00e9, m\u00eame pour les matelas haut et bas de gamme<\/p>\n<p>L'op\u00e9rateur reste immobile, ce qui lui permet de se concentrer sur une finition de qualit\u00e9 plut\u00f4t que de man\u0153uvrer autour de la table.<\/p>\n<p>Lorsque le bordage d'un c\u00f4t\u00e9 est termin\u00e9, poussez automatiquement le matelas dans une position appropri\u00e9e, puis retournez le matelas.<\/p>\n<p>Pousse automatiquement le matelas en position de couture apr\u00e8s l'avoir retourn\u00e9<\/p>\n<p>Les variateurs de vitesse ralentissent automatiquement dans les virages.<\/p>\n<p>La t\u00eate de couture est r\u00e9glable en hauteur et en inclinaison.<\/p>\n<p>La conception unique permet de tourner et de retourner le matelas automatiquement.<\/p>\n<p>La machine a augment\u00e9 la structure suppl\u00e9mentaire du coin pour les matelas lourds.<\/p>","protected":false},"featured_media":830,"comment_status":"open","ping_status":"closed","template":"","meta":{"rank_math_lock_modified_date":false},"product_cat":[22],"product_tag":[],"class_list":{"0":"post-828","1":"product","2":"type-product","3":"status-publish","4":"has-post-thumbnail","6":"product_cat-tape-edge-machine","8":"first","9":"instock","10":"shipping-taxable","11":"product-type-simple"},"jetpack_sharing_enabled":true,"_links":{"self":[{"href":"https:\/\/boya-machinery.com\/fr\/wp-json\/wp\/v2\/product\/828","targetHints":{"allow":["GET"]}}],"collection":[{"href":"https:\/\/boya-machinery.com\/fr\/wp-json\/wp\/v2\/product"}],"about":[{"href":"https:\/\/boya-machinery.com\/fr\/wp-json\/wp\/v2\/types\/product"}],"replies":[{"embeddable":true,"href":"https:\/\/boya-machinery.com\/fr\/wp-json\/wp\/v2\/comments?post=828"}],"wp:featuredmedia":[{"embeddable":true,"href":"https:\/\/boya-machinery.com\/fr\/wp-json\/wp\/v2\/media\/830"}],"wp:attachment":[{"href":"https:\/\/boya-machinery.com\/fr\/wp-json\/wp\/v2\/media?parent=828"}],"wp:term":[{"taxonomy":"product_cat","embeddable":true,"href":"https:\/\/boya-machinery.com\/fr\/wp-json\/wp\/v2\/product_cat?post=828"},{"taxonomy":"product_tag","embeddable":true,"href":"https:\/\/boya-machinery.com\/fr\/wp-json\/wp\/v2\/product_tag?post=828"}],"curies":[{"name":"wp","href":"https:\/\/api.w.org\/{rel}","templated":true}]}}