{"id":833,"date":"2024-10-29T07:55:22","date_gmt":"2024-10-29T07:55:22","guid":{"rendered":"https:\/\/boya-machinery.com\/?post_type=product&#038;p=833"},"modified":"2025-04-09T02:32:45","modified_gmt":"2025-04-09T02:32:45","slug":"tape-edge-machine-for-mattress","status":"publish","type":"product","link":"https:\/\/boya-machinery.com\/fr\/product\/tape-edge-machine-for-mattress\/","title":{"rendered":"Meilleure machine de bord de bande pour la production de matelas"},"content":{"rendered":"<p><strong>Machine \u00e0 border les bandes de matelas<\/strong><\/p>\n<p style=\"font-weight: 100;\">T\u00eate de couture : T\u00eate de couture 300UB5<\/p>\n<p style=\"font-weight: 100;\">Vitesse de couture : 2800RPM<\/p>\n<p style=\"font-weight: 100;\">Hauteur min. et max. Hauteur du matelas : 80 \u00e0 450 mm<\/p>\n<p style=\"font-weight: 100;\">Capacit\u00e9 : 16 - 20 unit\u00e9s\/heure<\/p>\n<p style=\"font-weight: 100;\">Bande transporteuse antistatique.<\/p>\n<p style=\"font-weight: 100;\">Le rayon de courbure r\u00e9glable permet de coller confortablement les angles.<\/p>\n<p style=\"font-weight: 100;\">Syst\u00e8me param\u00e9trique enti\u00e8rement automatique d'habillage des angles<\/p>\n<p style=\"font-weight: 100;\">Fatigue minimale de l'op\u00e9rateur<\/p>\n<p style=\"font-weight: 100;\">Taille de la table de travail : 4020MM*2050MM<\/p>","protected":false},"excerpt":{"rendered":"<p>https:\/\/youtu.be\/noTW5wVcf5s<\/p>\n<p>https:\/\/youtu.be\/EaB2tZXpIqE<\/p>\n<p>https:\/\/youtu.be\/GRa_RfUPFXk<\/p>\n<p>Parfaitement adapt\u00e9e \u00e0 la fabrication \u00e0 grande \u00e9chelle ou \u00e0 la production de matelas sur mesure, la machine \u00e0 border les matelas est un outil indispensable pour les entreprises qui souhaitent rester comp\u00e9titives sur un march\u00e9 concurrentiel.<\/p>\n<p style=\"font-weight: 100;\">R\u00e9duit le temps de formation, limite les risques pour l'employ\u00e9 et d\u00e9qualifie l'op\u00e9ration de bord de bande.<\/p>\n<p>Aligne et coud automatiquement les bords du matelas avec une pr\u00e9cision irr\u00e9prochable<\/p>\n<p>T\u00eate de couture r\u00e9glable en hauteur pour le confort de l'op\u00e9rateur et l'adaptabilit\u00e9<\/p>\n<p style=\"font-weight: 100;\">La table ceintur\u00e9e motoris\u00e9e et le bras articul\u00e9 font pivoter le matelas, ce qui permet \u00e0 l'op\u00e9rateur de rester immobile.<\/p>\n<p style=\"font-weight: 100;\">Le m\u00e9canisme du bras pivotant retourne le matelas lorsque la deuxi\u00e8me face est pr\u00eate \u00e0 \u00eatre tapot\u00e9e.<\/p>\n<p style=\"font-weight: 100;\">\u00a0Une conception intelligente pour augmenter la productivit\u00e9, m\u00eame pour les matelas haut de gamme<\/p>\n<p>L'op\u00e9rateur reste immobile, ce qui lui permet de se concentrer sur une finition de qualit\u00e9 plut\u00f4t que de man\u0153uvrer autour de la table.<\/p>\n<p>Les entra\u00eenements \u00e0 vitesse variable ralentissent automatiquement dans les virages et la plage de vitesse est s\u00e9lectionnable.<\/p>\n<p>La t\u00eate de couture est r\u00e9glable en hauteur et en inclinaison.<\/p>\n<p>La conception unique permet de tourner et de retourner le matelas automatiquement. La machine a augment\u00e9 le coin de la structure suppl\u00e9mentaire pour les matelas lourds.<\/p>","protected":false},"featured_media":1709,"comment_status":"open","ping_status":"closed","template":"","meta":{"rank_math_lock_modified_date":false},"product_cat":[22],"product_tag":[],"class_list":{"0":"post-833","1":"product","2":"type-product","3":"status-publish","4":"has-post-thumbnail","6":"product_cat-tape-edge-machine","8":"first","9":"instock","10":"shipping-taxable","11":"product-type-simple"},"jetpack_sharing_enabled":true,"_links":{"self":[{"href":"https:\/\/boya-machinery.com\/fr\/wp-json\/wp\/v2\/product\/833","targetHints":{"allow":["GET"]}}],"collection":[{"href":"https:\/\/boya-machinery.com\/fr\/wp-json\/wp\/v2\/product"}],"about":[{"href":"https:\/\/boya-machinery.com\/fr\/wp-json\/wp\/v2\/types\/product"}],"replies":[{"embeddable":true,"href":"https:\/\/boya-machinery.com\/fr\/wp-json\/wp\/v2\/comments?post=833"}],"wp:featuredmedia":[{"embeddable":true,"href":"https:\/\/boya-machinery.com\/fr\/wp-json\/wp\/v2\/media\/1709"}],"wp:attachment":[{"href":"https:\/\/boya-machinery.com\/fr\/wp-json\/wp\/v2\/media?parent=833"}],"wp:term":[{"taxonomy":"product_cat","embeddable":true,"href":"https:\/\/boya-machinery.com\/fr\/wp-json\/wp\/v2\/product_cat?post=833"},{"taxonomy":"product_tag","embeddable":true,"href":"https:\/\/boya-machinery.com\/fr\/wp-json\/wp\/v2\/product_tag?post=833"}],"curies":[{"name":"wp","href":"https:\/\/api.w.org\/{rel}","templated":true}]}}