{"id":834,"date":"2024-10-29T07:56:35","date_gmt":"2024-10-29T07:56:35","guid":{"rendered":"https:\/\/boya-machinery.com\/?post_type=product&#038;p=834"},"modified":"2025-09-26T01:15:40","modified_gmt":"2025-09-26T01:15:40","slug":"tape-edge-mattress-machine","status":"publish","type":"product","link":"https:\/\/boya-machinery.com\/fr\/product\/tape-edge-mattress-machine\/","title":{"rendered":"Machine \u00e0 ruban pour matelas bon march\u00e9"},"content":{"rendered":"<p><strong>Machine \u00e0 matelas de bord de bande<\/strong><\/p>\n<p style=\"font-weight: 100;\">T\u00eate de couture : T\u00eates de couture 300U<\/p>\n<p style=\"font-weight: 100;\">Vitesse de couture : 2800RPM<\/p>\n<p style=\"font-weight: 100;\">Hauteur min. et max. du matelas : 50 m \u00e0 350 m ou 50 m \u00e0 400 m Hauteur du matelas : 50M \u00e0 350M ou 50M \u00e0 400M<\/p>\n<p style=\"font-weight: 100;\">Capacit\u00e9 : 16 - 20 unit\u00e9s\/heure<\/p>\n<p style=\"font-weight: 100;\">Bande transporteuse antistatique.<\/p>\n<p style=\"font-weight: 100;\">Le rayon de courbure r\u00e9glable permet de coller confortablement les angles.<\/p>\n<p style=\"font-weight: 100;\">Syst\u00e8me param\u00e9trique enti\u00e8rement automatique d'habillage des angles<\/p>\n<p style=\"font-weight: 100;\">Fatigue minimale de l'op\u00e9rateur<\/p>\n<p style=\"font-weight: 100;\">Taille de la table de travail : 3750MM*2050MM 4020MM*2050MM<\/p>","protected":false},"excerpt":{"rendered":"<p>https:\/\/youtu.be\/jdpHr5m5ezQ<\/p>\n<p>https:\/\/youtu.be\/nlWSNRwRZ08<\/p>\n<p>&nbsp;<\/p>\n<p style=\"font-weight: 100;\">Cette machine \u00e0 matelas \u00e0 ruban r\u00e9duit le temps de formation, limite les risques pour l'employ\u00e9 et d\u00e9qualifie l'op\u00e9ration de rubanage.<\/p>\n<p style=\"font-weight: 100;\">La table ceintur\u00e9e motoris\u00e9e et le bras articul\u00e9 font pivoter le matelas, ce qui permet \u00e0 l'op\u00e9rateur de rester immobile.<\/p>\n<p style=\"font-weight: 100;\">Le m\u00e9canisme du bras pivotant retourne le matelas lorsque la deuxi\u00e8me face est pr\u00eate \u00e0 \u00eatre tapot\u00e9e.<\/p>\n<p style=\"font-weight: 100;\">Une conception intelligente pour augmenter la productivit\u00e9, m\u00eame pour les matelas haut de gamme.<\/p>\n<p>L'op\u00e9rateur reste immobile, ce qui lui permet de se concentrer sur une finition de qualit\u00e9 plut\u00f4t que de man\u0153uvrer autour de la table.<\/p>\n<p>Les entra\u00eenements \u00e0 vitesse variable ralentissent automatiquement dans les virages et la plage de vitesse est s\u00e9lectionnable.<\/p>\n<p>La t\u00eate de couture est r\u00e9glable en hauteur et en inclinaison.<\/p>\n<p>La machine \u00e0 matelas Tape edge, de conception unique, tourne et retourne le matelas automatiquement.<\/p>\n<p>Efficacit\u00e9 sup\u00e9rieure : Automatise les processus de finition des bords, ce qui augmente consid\u00e9rablement la vitesse de production.<\/p>\n<p>Caract\u00e9ristiques personnalisables : S'adapte aux diverses exigences de production gr\u00e2ce \u00e0 des param\u00e8tres r\u00e9glables<\/p>\n<p>Qualit\u00e9 constante : Permet d'obtenir des r\u00e9sultats uniformes pour tous les produits, ce qui renforce la r\u00e9putation de la marque.<\/p>\n<p>Finition des matelas en mousse, des matelas \u00e0 ressorts et des mod\u00e8les hybrides<\/p>\n<p>Parfait pour les matelas sur mesure ou les lignes de production standard<\/p>\n<p>Garantit des bordures de qualit\u00e9 professionnelle pour les marques de matelas haut de gamme<\/p>","protected":false},"featured_media":835,"comment_status":"open","ping_status":"closed","template":"","meta":{"rank_math_lock_modified_date":false},"product_cat":[22],"product_tag":[],"class_list":{"0":"post-834","1":"product","2":"type-product","3":"status-publish","4":"has-post-thumbnail","6":"product_cat-tape-edge-machine","8":"first","9":"instock","10":"shipping-taxable","11":"product-type-simple"},"jetpack_sharing_enabled":true,"_links":{"self":[{"href":"https:\/\/boya-machinery.com\/fr\/wp-json\/wp\/v2\/product\/834","targetHints":{"allow":["GET"]}}],"collection":[{"href":"https:\/\/boya-machinery.com\/fr\/wp-json\/wp\/v2\/product"}],"about":[{"href":"https:\/\/boya-machinery.com\/fr\/wp-json\/wp\/v2\/types\/product"}],"replies":[{"embeddable":true,"href":"https:\/\/boya-machinery.com\/fr\/wp-json\/wp\/v2\/comments?post=834"}],"wp:featuredmedia":[{"embeddable":true,"href":"https:\/\/boya-machinery.com\/fr\/wp-json\/wp\/v2\/media\/835"}],"wp:attachment":[{"href":"https:\/\/boya-machinery.com\/fr\/wp-json\/wp\/v2\/media?parent=834"}],"wp:term":[{"taxonomy":"product_cat","embeddable":true,"href":"https:\/\/boya-machinery.com\/fr\/wp-json\/wp\/v2\/product_cat?post=834"},{"taxonomy":"product_tag","embeddable":true,"href":"https:\/\/boya-machinery.com\/fr\/wp-json\/wp\/v2\/product_tag?post=834"}],"curies":[{"name":"wp","href":"https:\/\/api.w.org\/{rel}","templated":true}]}}