{"id":836,"date":"2024-10-29T07:58:05","date_gmt":"2024-10-29T07:58:05","guid":{"rendered":"https:\/\/boya-machinery.com\/?post_type=product&#038;p=836"},"modified":"2025-04-09T02:57:09","modified_gmt":"2025-04-09T02:57:09","slug":"tape-edge-machines","status":"publish","type":"product","link":"https:\/\/boya-machinery.com\/fr\/product\/tape-edge-machines\/","title":{"rendered":"Machines \u00e0 border les bandes populaires de Chine"},"content":{"rendered":"<p><strong>Machines \u00e0 border les bandes<\/strong><\/p>\n<p>Ralentissement automatique en virage : oui<\/p>\n<p>T\u00eate de couture : Point de cha\u00eenette<\/p>\n<p>Angle de fonctionnement de la t\u00eate : 35-55<\/p>\n<p>Zone de couture de l'\u00e9paisseur du matelas : 10-480mm<\/p>\n<p>Levage de la table de travail : \u00c9lectrique<\/p>\n<p>Taille de la table de travail : 1600*2050mm<\/p>\n<p>Vitesse de la t\u00eate de couture : 3000r\/min<\/p>\n<p>Type de moteur : moteur monophas\u00e9\/triphas\u00e9<\/p>\n<p>Puissance totale : 1,12 kW<\/p>","protected":false},"excerpt":{"rendered":"<p>https:\/\/youtu.be\/u2prC2N7aaQ<\/p>\n<p>https:\/\/youtu.be\/48BwGqL11Gk<\/p>\n<p>Une machine \u00e0 border les matelas est un \u00e9quipement essentiel con\u00e7u pour apporter la touche finale aux matelas en cousant le bord du ruban autour du p\u00e9rim\u00e8tre du matelas.<\/p>\n<p style=\"font-weight: 100;\">Cette machine est principalement utilis\u00e9e pour les bordures de panneaux de matelas, de sacs de couchage et de canap\u00e9s.<\/p>\n<p style=\"font-weight: 100;\">La table est soutenue par des roulements ind\u00e9pendants \u00e0 haute r\u00e9sistance et une table \u00e9l\u00e9vatrice \u00e9lectrique assure la stabilit\u00e9 du travail de la table.<\/p>\n<p style=\"font-weight: 100;\">Une colonne d'alimentation cach\u00e9e \u00e0 l'int\u00e9rieur permet \u00e0 la machine de ne pas n\u00e9cessiter d'espace d'installation particulier.<\/p>\n<p>Pour cette machine, nous proposons deux options pour le plateau, l'une en acier inoxydable et l'autre en bak\u00e9lite, que le client peut choisir en fonction de ses besoins.<\/p>\n<p>Le plateau de table en bak\u00e9lite r\u00e9siste \u00e0 l'humidit\u00e9 par temps de pluie.<\/p>\n<p>La hauteur de la table \u00e9tant r\u00e9glable, l'appareil s'adapte \u00e0 diff\u00e9rentes \u00e9paisseurs de matelas.<\/p>\n<p>Construite pour l'efficacit\u00e9, la machine fonctionne \u00e0 des vitesses \u00e9lev\u00e9es (2800 tr\/min), d'autres sont \u00e0 1400 tr\/min, ce qui est id\u00e9al pour les fabricants de matelas qui cherchent \u00e0 maintenir un taux de production \u00e9lev\u00e9 sans compromettre la qualit\u00e9 de la piq\u00fbre des bords.<\/p>\n<p>Les machines de bord de bande agissent comme une liaison s\u00fbre qui emp\u00eache les couches de se d\u00e9placer, ce qui aide les matelas \u00e0 conserver leur forme et \u00e0 prolonger leur dur\u00e9e de vie.<\/p>\n<pre id=\"tw-target-text\" class=\"tw-data-text tw-text-large tw-ta\" dir=\"ltr\" data-placeholder=\"Translation\" data-ved=\"2ahUKEwjX5rPcmbiJAxUT2AIHHeVkGaQQ3ewLegQICRAU\" aria-label=\"Texte traduit : R\u00e9sistant \u00e0 l&#039;humidit\u00e9\"><\/pre>","protected":false},"featured_media":1712,"comment_status":"open","ping_status":"closed","template":"","meta":{"rank_math_lock_modified_date":false},"product_cat":[22],"product_tag":[],"class_list":{"0":"post-836","1":"product","2":"type-product","3":"status-publish","4":"has-post-thumbnail","6":"product_cat-tape-edge-machine","8":"first","9":"instock","10":"shipping-taxable","11":"product-type-simple"},"jetpack_sharing_enabled":true,"_links":{"self":[{"href":"https:\/\/boya-machinery.com\/fr\/wp-json\/wp\/v2\/product\/836","targetHints":{"allow":["GET"]}}],"collection":[{"href":"https:\/\/boya-machinery.com\/fr\/wp-json\/wp\/v2\/product"}],"about":[{"href":"https:\/\/boya-machinery.com\/fr\/wp-json\/wp\/v2\/types\/product"}],"replies":[{"embeddable":true,"href":"https:\/\/boya-machinery.com\/fr\/wp-json\/wp\/v2\/comments?post=836"}],"wp:featuredmedia":[{"embeddable":true,"href":"https:\/\/boya-machinery.com\/fr\/wp-json\/wp\/v2\/media\/1712"}],"wp:attachment":[{"href":"https:\/\/boya-machinery.com\/fr\/wp-json\/wp\/v2\/media?parent=836"}],"wp:term":[{"taxonomy":"product_cat","embeddable":true,"href":"https:\/\/boya-machinery.com\/fr\/wp-json\/wp\/v2\/product_cat?post=836"},{"taxonomy":"product_tag","embeddable":true,"href":"https:\/\/boya-machinery.com\/fr\/wp-json\/wp\/v2\/product_tag?post=836"}],"curies":[{"name":"wp","href":"https:\/\/api.w.org\/{rel}","templated":true}]}}