{"id":837,"date":"2024-10-29T07:59:43","date_gmt":"2024-10-29T07:59:43","guid":{"rendered":"https:\/\/boya-machinery.com\/?post_type=product&#038;p=837"},"modified":"2025-03-25T01:08:56","modified_gmt":"2025-03-25T01:08:56","slug":"mattress-smart-sewing-machine","status":"publish","type":"product","link":"https:\/\/boya-machinery.com\/fr\/product\/mattress-smart-sewing-machine\/","title":{"rendered":"Machine \u00e0 coudre intelligente \u00e0 matelas unique"},"content":{"rendered":"<p><strong>Machine \u00e0 coudre intelligente pour matelas<\/strong><\/p>\n<p style=\"font-weight: 100;\">T\u00eate de couture : t\u00eate \u00e0 petite bouche<\/p>\n<p style=\"font-weight: 100;\">Largeur de la bride : 4MM<\/p>\n<p style=\"font-weight: 100;\">Pas de l'aiguille\uff1a3.7MM<\/p>\n<p style=\"font-weight: 100;\">Presser lift\uff1a7MM<\/p>\n<p style=\"font-weight: 100;\">Vitesse max. Vitesse : 3000RPM<\/p>\n<p style=\"font-weight: 100;\">Puissance du moteur : 550W<\/p>","protected":false},"excerpt":{"rendered":"<p>https:\/\/youtu.be\/0r_pc6AZrc8<\/p>\n<p style=\"font-weight: 100;\">Cette machine \u00e0 coudre intelligente pour matelas est principalement utilis\u00e9e pour coudre l'ouverture de la housse en mousse ou en latex.<\/p>\n<p style=\"font-weight: 100;\">L'\u00e9quipement adopte une machine \u00e0 coudre surjeteuse Pegasus \u00e0 petite bouche et une table de transport automatis\u00e9e. L'op\u00e9rateur peut terminer la couture lin\u00e9aire de l'ouverture de la housse en mousse ou en latex sans se d\u00e9placer. Une fois la couture termin\u00e9e, le convoyeur peut acheminer le matelas vers le processus suivant.<\/p>\n<p style=\"font-weight: 100;\">La conception de la table de transport automatis\u00e9e r\u00e9duit la difficult\u00e9 pour l'op\u00e9rateur de d\u00e9placer le matelas avant et apr\u00e8s la couture.<\/p>\n<p style=\"font-weight: 100;\">La position de travail fixe permet \u00e0 l'op\u00e9rateur de se concentrer sur la qualit\u00e9<\/p>\n<p style=\"font-weight: 100;\">Vitesse de couture et de transport r\u00e9glable<\/p>\n<p style=\"font-weight: 100;\">La hauteur et l'angle de la t\u00eate de couture peuvent \u00eatre r\u00e9gl\u00e9s<\/p>","protected":false},"featured_media":838,"comment_status":"open","ping_status":"closed","template":"","meta":{"rank_math_lock_modified_date":false},"product_cat":[23],"product_tag":[],"class_list":{"0":"post-837","1":"product","2":"type-product","3":"status-publish","4":"has-post-thumbnail","6":"product_cat-smart-sewing-machine","8":"first","9":"instock","10":"shipping-taxable","11":"product-type-simple"},"jetpack_sharing_enabled":true,"_links":{"self":[{"href":"https:\/\/boya-machinery.com\/fr\/wp-json\/wp\/v2\/product\/837","targetHints":{"allow":["GET"]}}],"collection":[{"href":"https:\/\/boya-machinery.com\/fr\/wp-json\/wp\/v2\/product"}],"about":[{"href":"https:\/\/boya-machinery.com\/fr\/wp-json\/wp\/v2\/types\/product"}],"replies":[{"embeddable":true,"href":"https:\/\/boya-machinery.com\/fr\/wp-json\/wp\/v2\/comments?post=837"}],"wp:featuredmedia":[{"embeddable":true,"href":"https:\/\/boya-machinery.com\/fr\/wp-json\/wp\/v2\/media\/838"}],"wp:attachment":[{"href":"https:\/\/boya-machinery.com\/fr\/wp-json\/wp\/v2\/media?parent=837"}],"wp:term":[{"taxonomy":"product_cat","embeddable":true,"href":"https:\/\/boya-machinery.com\/fr\/wp-json\/wp\/v2\/product_cat?post=837"},{"taxonomy":"product_tag","embeddable":true,"href":"https:\/\/boya-machinery.com\/fr\/wp-json\/wp\/v2\/product_tag?post=837"}],"curies":[{"name":"wp","href":"https:\/\/api.w.org\/{rel}","templated":true}]}}