{"id":853,"date":"2024-10-29T08:11:35","date_gmt":"2024-10-29T08:11:35","guid":{"rendered":"https:\/\/boya-machinery.com\/?post_type=product&#038;p=853"},"modified":"2025-03-25T01:37:23","modified_gmt":"2025-03-25T01:37:23","slug":"automatic-flanging-mattress-machine","status":"publish","type":"product","link":"https:\/\/boya-machinery.com\/fr\/product\/automatic-flanging-mattress-machine\/","title":{"rendered":"Meilleure machine \u00e0 matelas \u00e0 rebords enti\u00e8rement automatique"},"content":{"rendered":"<p><strong>Machine automatique pour matelas \u00e0 rebords<\/strong><\/p>\n<p>Vitesse de couture maximale : 4000RPM<\/p>\n<p>\u00c9paisseur de la bride : 10-90mm<\/p>\n<p>Largeur des brides : 25 mm et 30 mm en option<\/p>\n<p>Hauteur du pied de presse : 19 mm<\/p>\n<p>&nbsp;<\/p>","protected":false},"excerpt":{"rendered":"<p>https:\/\/youtu.be\/PNdbfQCfhys<\/p>\n<p style=\"font-weight: 100;\">La machine \u00e0 border AFG-009 (t\u00eate alternative), dot\u00e9e d'un syst\u00e8me de contr\u00f4le PLC, peut automatiquement border le mat\u00e9riau afin d'obtenir un panneau de la taille et de la forme voulues.<\/p>\n<p style=\"font-weight: 100;\">Par ailleurs, associ\u00e9 \u00e0 une machine \u00e0 piquer, un op\u00e9rateur peut g\u00e9rer plusieurs \u00e9quipements en m\u00eame temps, ce qui permet de r\u00e9duire les co\u00fbts de main-d'\u0153uvre et d'augmenter la production.<\/p>\n<p style=\"font-weight: 100;\">Bras tournant automatique<\/p>\n<p style=\"font-weight: 100;\">Couture automatique (bride)<\/p>\n<p style=\"font-weight: 100;\">Coupe automatique de fils et de tissus non tiss\u00e9s<\/p>\n<p style=\"font-weight: 100;\">Syst\u00e8me de contr\u00f4le PLC avec interface tactile<\/p>\n<p style=\"font-weight: 100;\">Taille et rayon d'angle homog\u00e8nes<\/p>","protected":false},"featured_media":1703,"comment_status":"open","ping_status":"closed","template":"","meta":{"rank_math_lock_modified_date":false},"product_cat":[23],"product_tag":[],"class_list":{"0":"post-853","1":"product","2":"type-product","3":"status-publish","4":"has-post-thumbnail","6":"product_cat-smart-sewing-machine","8":"first","9":"instock","10":"shipping-taxable","11":"product-type-simple"},"jetpack_sharing_enabled":true,"_links":{"self":[{"href":"https:\/\/boya-machinery.com\/fr\/wp-json\/wp\/v2\/product\/853","targetHints":{"allow":["GET"]}}],"collection":[{"href":"https:\/\/boya-machinery.com\/fr\/wp-json\/wp\/v2\/product"}],"about":[{"href":"https:\/\/boya-machinery.com\/fr\/wp-json\/wp\/v2\/types\/product"}],"replies":[{"embeddable":true,"href":"https:\/\/boya-machinery.com\/fr\/wp-json\/wp\/v2\/comments?post=853"}],"wp:featuredmedia":[{"embeddable":true,"href":"https:\/\/boya-machinery.com\/fr\/wp-json\/wp\/v2\/media\/1703"}],"wp:attachment":[{"href":"https:\/\/boya-machinery.com\/fr\/wp-json\/wp\/v2\/media?parent=853"}],"wp:term":[{"taxonomy":"product_cat","embeddable":true,"href":"https:\/\/boya-machinery.com\/fr\/wp-json\/wp\/v2\/product_cat?post=853"},{"taxonomy":"product_tag","embeddable":true,"href":"https:\/\/boya-machinery.com\/fr\/wp-json\/wp\/v2\/product_tag?post=853"}],"curies":[{"name":"wp","href":"https:\/\/api.w.org\/{rel}","templated":true}]}}