{"id":854,"date":"2024-10-29T08:13:07","date_gmt":"2024-10-29T08:13:07","guid":{"rendered":"https:\/\/boya-machinery.com\/?post_type=product&#038;p=854"},"modified":"2025-03-25T00:47:37","modified_gmt":"2025-03-25T00:47:37","slug":"automatic-mattress-flanging-machine","status":"publish","type":"product","link":"https:\/\/boya-machinery.com\/fr\/product\/automatic-mattress-flanging-machine\/","title":{"rendered":"Profit machine automatique \u00e0 border les matelas"},"content":{"rendered":"<p><strong>Machine automatique \u00e0 border les matelas<\/strong><\/p>\n<p style=\"font-weight: 100;\">Dimensions de la table de travail de la machine : 415*202.5*80CM<\/p>\n<p style=\"font-weight: 100;\">Taille totale de la machine : 415*260CM<\/p>\n<p style=\"font-weight: 100;\">Taille de l'emballage de la machine\uff1a425*215*100cm et 100*100*100CM<\/p>\n<p style=\"font-weight: 100;\">N.W : 350KG G.W : 420kG<\/p>\n<p style=\"font-weight: 100;\">Tension : 220V monophas\u00e9 50\/60Hz<\/p>\n<p style=\"font-weight: 100;\">Puissance : 2.2KW<\/p>","protected":false},"excerpt":{"rendered":"<p>https:\/\/youtube.com\/shorts\/nW7fQysgHFA<\/p>\n<p>Machine automatique \u00e0 border les matelas Con\u00e7ue pour \u00eatre durable, polyvalente et facile \u00e0 utiliser, cette machine assure une finition impeccable des bords avec une qualit\u00e9 constante, ce qui accro\u00eet la productivit\u00e9 et am\u00e9liore l'aspect de vos matelas.<\/p>\n<p>Cette machine automatique \u00e0 border les matelas est \u00e9quip\u00e9e d'une interface intuitive \u00e0 \u00e9cran tactile pour une utilisation ais\u00e9e.<\/p>\n<p>Le moteur puissant permet une couture \u00e0 grande vitesse, r\u00e9duisant ainsi le temps de production tout en maintenant une qualit\u00e9 sup\u00e9rieure.<\/p>\n<p style=\"font-weight: 100;\">La SFG-008 est un mat\u00e9riel livr\u00e9 automatiquement, transport\u00e9 par une machine \u00e0 border les coins tournants, avec une t\u00eate de couture PEGASUS&amp; JUKI modifi\u00e9e pour les mat\u00e9riaux \u00e9pais. Cette machine est facile \u00e0 manipuler, r\u00e9duit le temps de formation, am\u00e9liore l'efficacit\u00e9 du travail et assure la qualit\u00e9 du produit.<\/p>\n<p style=\"font-weight: 100;\">Le convoyeur aide la t\u00eate de couture \u00e0 alimenter le mat\u00e9riau de mani\u00e8re synchronis\u00e9e, r\u00e9duit la charge de la t\u00eate de couture et prolonge la dur\u00e9e de vie de la t\u00eate de couture.<\/p>\n<p style=\"font-weight: 100;\">Cette machine \u00e0 coudre intelligente permet, lors du bordage de mat\u00e9riaux tr\u00e8s \u00e9pais, que le convoyeur de la machine \u00e0 bordage de mat\u00e9riaux \u00e9pais livre les mat\u00e9riaux de mani\u00e8re synchronis\u00e9e, en tournant automatiquement un coin, ce qui r\u00e9duit la fatigue de l'op\u00e9rateur et le temps de formation.<\/p>\n<p style=\"font-weight: 100;\">Prendre automatiquement le virage<\/p>\n<p style=\"font-weight: 100;\">R\u00e9duire la charge de travail, prolonger la dur\u00e9e de vie de la t\u00eate<\/p>\n<p style=\"font-weight: 100;\">Le convoyeur achemine le mat\u00e9riau en ligne droite, cr\u00e9ant ainsi un panneau de m\u00eame taille.<\/p>\n<p style=\"font-weight: 100;\">Am\u00e9liorer l'efficacit\u00e9<\/p>\n<p>Des commandes simples et des fonctions automatis\u00e9es le rendent accessible aux op\u00e9rateurs de tous niveaux.<\/p>","protected":false},"featured_media":1702,"comment_status":"open","ping_status":"closed","template":"","meta":{"rank_math_lock_modified_date":false},"product_cat":[23],"product_tag":[],"class_list":{"0":"post-854","1":"product","2":"type-product","3":"status-publish","4":"has-post-thumbnail","6":"product_cat-smart-sewing-machine","8":"first","9":"instock","10":"shipping-taxable","11":"product-type-simple"},"jetpack_sharing_enabled":true,"_links":{"self":[{"href":"https:\/\/boya-machinery.com\/fr\/wp-json\/wp\/v2\/product\/854","targetHints":{"allow":["GET"]}}],"collection":[{"href":"https:\/\/boya-machinery.com\/fr\/wp-json\/wp\/v2\/product"}],"about":[{"href":"https:\/\/boya-machinery.com\/fr\/wp-json\/wp\/v2\/types\/product"}],"replies":[{"embeddable":true,"href":"https:\/\/boya-machinery.com\/fr\/wp-json\/wp\/v2\/comments?post=854"}],"wp:featuredmedia":[{"embeddable":true,"href":"https:\/\/boya-machinery.com\/fr\/wp-json\/wp\/v2\/media\/1702"}],"wp:attachment":[{"href":"https:\/\/boya-machinery.com\/fr\/wp-json\/wp\/v2\/media?parent=854"}],"wp:term":[{"taxonomy":"product_cat","embeddable":true,"href":"https:\/\/boya-machinery.com\/fr\/wp-json\/wp\/v2\/product_cat?post=854"},{"taxonomy":"product_tag","embeddable":true,"href":"https:\/\/boya-machinery.com\/fr\/wp-json\/wp\/v2\/product_tag?post=854"}],"curies":[{"name":"wp","href":"https:\/\/api.w.org\/{rel}","templated":true}]}}