{"id":856,"date":"2024-10-29T08:14:25","date_gmt":"2024-10-29T08:14:25","guid":{"rendered":"https:\/\/boya-machinery.com\/?post_type=product&#038;p=856"},"modified":"2025-03-25T01:05:26","modified_gmt":"2025-03-25T01:05:26","slug":"mattress-sewing-machine","status":"publish","type":"product","link":"https:\/\/boya-machinery.com\/fr\/product\/mattress-sewing-machine\/","title":{"rendered":"Meilleure machine \u00e0 coudre pour matelas de Chine"},"content":{"rendered":"<p><strong>Machine \u00e0 coudre pour matelas<\/strong><\/p>\n<p style=\"font-weight: 100;\">T\u00eate : PEGASUS t\u00eate \u00e0 petite bouche<\/p>\n<p style=\"font-weight: 100;\">Largeur de la bride : 4MM<\/p>\n<p style=\"font-weight: 100;\">Point d'aiguille\uff1a3.7MM<\/p>\n<p style=\"font-weight: 100;\">Presser lift\uff1a7MM<\/p>\n<p style=\"font-weight: 100;\">Vitesse max. Vitesse : 3000RPM<\/p>\n<p style=\"font-weight: 100;\">Puissance du moteur : 550W<\/p>","protected":false},"excerpt":{"rendered":"<p>https:\/\/youtu.be\/V-FkNP8mfqE<\/p>\n<p style=\"font-weight: 100;\">Cette machine \u00e0 coudre pour matelas est principalement utilis\u00e9e pour coudre l'ouverture de la housse en mousse ou en latex.<\/p>\n<p style=\"font-weight: 100;\">Cette machine adopte une machine \u00e0 coudre \u00e0 petite bouche, avec un mat\u00e9riel de pressage automatique, cousant automatiquement l'ouverture de la mousse ou de la couverture en latex avec une couture lin\u00e9aire, ce qui peut rendre la mousse ou le latex plus plein et plus beau apr\u00e8s le scellement.<\/p>\n<p style=\"font-weight: 100;\">Avec une table de transport automatique, le convoyeur achemine le produit fini vers le processus suivant apr\u00e8s le scellage.<\/p>\n<p>La conception du convoyeur automatique r\u00e9duit la difficult\u00e9 des mouvements de l'op\u00e9rateur avant et apr\u00e8s la couture.<\/p>\n<p>Couture automatique de la t\u00eate<\/p>\n<p>Pressage automatique du mat\u00e9riau<\/p>\n<p>La hauteur de la t\u00eate de couture est r\u00e9glable<\/p>\n<p>La vitesse de couture et de livraison peut \u00eatre r\u00e9gl\u00e9e<\/p>","protected":false},"featured_media":820,"comment_status":"open","ping_status":"closed","template":"","meta":{"rank_math_lock_modified_date":false},"product_cat":[23],"product_tag":[],"class_list":{"0":"post-856","1":"product","2":"type-product","3":"status-publish","4":"has-post-thumbnail","6":"product_cat-smart-sewing-machine","8":"first","9":"instock","10":"shipping-taxable","11":"product-type-simple"},"jetpack_sharing_enabled":true,"_links":{"self":[{"href":"https:\/\/boya-machinery.com\/fr\/wp-json\/wp\/v2\/product\/856","targetHints":{"allow":["GET"]}}],"collection":[{"href":"https:\/\/boya-machinery.com\/fr\/wp-json\/wp\/v2\/product"}],"about":[{"href":"https:\/\/boya-machinery.com\/fr\/wp-json\/wp\/v2\/types\/product"}],"replies":[{"embeddable":true,"href":"https:\/\/boya-machinery.com\/fr\/wp-json\/wp\/v2\/comments?post=856"}],"wp:featuredmedia":[{"embeddable":true,"href":"https:\/\/boya-machinery.com\/fr\/wp-json\/wp\/v2\/media\/820"}],"wp:attachment":[{"href":"https:\/\/boya-machinery.com\/fr\/wp-json\/wp\/v2\/media?parent=856"}],"wp:term":[{"taxonomy":"product_cat","embeddable":true,"href":"https:\/\/boya-machinery.com\/fr\/wp-json\/wp\/v2\/product_cat?post=856"},{"taxonomy":"product_tag","embeddable":true,"href":"https:\/\/boya-machinery.com\/fr\/wp-json\/wp\/v2\/product_tag?post=856"}],"curies":[{"name":"wp","href":"https:\/\/api.w.org\/{rel}","templated":true}]}}