{"id":857,"date":"2024-10-29T08:15:17","date_gmt":"2024-10-29T08:15:17","guid":{"rendered":"https:\/\/boya-machinery.com\/?post_type=product&#038;p=857"},"modified":"2025-04-07T08:07:31","modified_gmt":"2025-04-07T08:07:31","slug":"mattress-air-table","status":"publish","type":"product","link":"https:\/\/boya-machinery.com\/fr\/product\/mattress-air-table\/","title":{"rendered":"Table \u00e0 air puissante pour la fabrication de matelas"},"content":{"rendered":"<p><strong>Matelas table gonflable<\/strong><\/p>\n<p class=\"p\">Mat\u00e9riau antistatique ignifuge pour la table<\/p>\n<p class=\"p\">Surface lisse et durable<\/p>\n<p class=\"p\">Cadre assembl\u00e9 en aluminium<\/p>\n<p class=\"p\">Trois ventilateurs d'alimentation en air direct de 250W (ou 370W)<\/p>\n<p class=\"p\">Flux d'air r\u00e9glable en fonction du tissu du matelas<\/p>\n<p class=\"p\">Taille de la table : 3600 * 2050MM<\/p>\n<p class=\"p\">","protected":false},"excerpt":{"rendered":"<p>https:\/\/youtu.be\/r290ih2Wi_U<\/p>\n<p>Cette table pneumatique pour matelas est utilis\u00e9e pour la couture des tissus de matelas et d'autres op\u00e9rations de couture.<\/p>\n<p>Le ventilateur peut obtenir du gaz dans un espace confin\u00e9. Gr\u00e2ce \u00e0 cette caract\u00e9ristique, le gaz peut \u00eatre distribu\u00e9 de mani\u00e8re moyenne dans chaque trou d'air.<\/p>\n<p>Gr\u00e2ce au coussin d'air du ventilateur, le frottement entre le tissu et la table est consid\u00e9rablement r\u00e9duit, ce qui est plus convivial.<\/p>\n<p>Cette nouvelle conception permet d'\u00e9viter de nombreux mouvements manuels pour les matelas lourds. Les performances les plus \u00e9lev\u00e9es sont possibles !<\/p>","protected":false},"featured_media":810,"comment_status":"open","ping_status":"closed","template":"","meta":{"rank_math_lock_modified_date":false},"product_cat":[23],"product_tag":[],"class_list":{"0":"post-857","1":"product","2":"type-product","3":"status-publish","4":"has-post-thumbnail","6":"product_cat-smart-sewing-machine","8":"first","9":"instock","10":"shipping-taxable","11":"product-type-simple"},"jetpack_sharing_enabled":true,"_links":{"self":[{"href":"https:\/\/boya-machinery.com\/fr\/wp-json\/wp\/v2\/product\/857","targetHints":{"allow":["GET"]}}],"collection":[{"href":"https:\/\/boya-machinery.com\/fr\/wp-json\/wp\/v2\/product"}],"about":[{"href":"https:\/\/boya-machinery.com\/fr\/wp-json\/wp\/v2\/types\/product"}],"replies":[{"embeddable":true,"href":"https:\/\/boya-machinery.com\/fr\/wp-json\/wp\/v2\/comments?post=857"}],"wp:featuredmedia":[{"embeddable":true,"href":"https:\/\/boya-machinery.com\/fr\/wp-json\/wp\/v2\/media\/810"}],"wp:attachment":[{"href":"https:\/\/boya-machinery.com\/fr\/wp-json\/wp\/v2\/media?parent=857"}],"wp:term":[{"taxonomy":"product_cat","embeddable":true,"href":"https:\/\/boya-machinery.com\/fr\/wp-json\/wp\/v2\/product_cat?post=857"},{"taxonomy":"product_tag","embeddable":true,"href":"https:\/\/boya-machinery.com\/fr\/wp-json\/wp\/v2\/product_tag?post=857"}],"curies":[{"name":"wp","href":"https:\/\/api.w.org\/{rel}","templated":true}]}}