{"id":858,"date":"2024-10-29T08:16:54","date_gmt":"2024-10-29T08:16:54","guid":{"rendered":"https:\/\/boya-machinery.com\/?post_type=product&#038;p=858"},"modified":"2024-11-11T09:28:22","modified_gmt":"2024-11-11T09:28:22","slug":"mattress-label-machine","status":"publish","type":"product","link":"https:\/\/boya-machinery.com\/fr\/product\/mattress-label-machine\/","title":{"rendered":"Fabricant de machines \u00e0 \u00e9tiqueter les matelas bon march\u00e9"},"content":{"rendered":"<p><strong>Machine \u00e0 \u00e9tiqueter les matelas<\/strong><\/p>\n<p>Port\u00e9e de la t\u00eate\uff1a780mm<\/p>\n<p>Vitesse de couture\uff1a2500s.p.m<\/p>\n<p>Largeur d'oscillation de l'aiguille\uff1a0 - 10mm<\/p>\n<p>Pas max. de l'aiguille\uff1a6mm<\/p>\n<p>Epaisseur de couture maximale\uff1a60mm<\/p>\n<p>Hauteur de levage du pied presseur\uff1a12mm<\/p>\n<p>Puissance du moteur\uff1a600W<\/p>\n<p>Pression nominale\uff1a 0,5 - 0,8MPa<\/p>","protected":false},"excerpt":{"rendered":"<p>Ces machines n\u00e9cessitent un positionnement et un r\u00e9glage manuels, ce qui les rend adapt\u00e9es aux fabricants de matelas<\/p>\n<p>La machine \u00e0 coudre les \u00e9tiquettes de matelas est un \u00e9quipement sp\u00e9cialis\u00e9 con\u00e7u pour fixer solidement les \u00e9tiquettes sur les matelas, afin qu'elles restent bien en place pendant toute la dur\u00e9e de vie du matelas.<\/p>\n<p>Les machines \u00e0 \u00e9tiqueter les matelas sont essentielles pour les fabricants de matelas, car elles offrent une solution rapide, fiable et professionnelle pour l'application des \u00e9tiquettes.<\/p>\n<p>Dot\u00e9es de fonctions d'\u00e9tiquetage des matelas, ces machines am\u00e9liorent la pr\u00e9sentation de la marque et l'aspect professionnel.<\/p>\n<p>Cette machine adopte un fil de liaison, un grand crochet rotatif, une barre \u00e0 aiguille qui monte et descend simultan\u00e9ment, formant un point de verrouillage en zigzag.<\/p>\n<p>La belle apparence, la structure raisonnable, l'utilisation d'un syst\u00e8me de lubrification automatique \u00e0 l'huile, le fonctionnement en douceur, le faible niveau de bruit, le corps d'aiguille \u00e0 oscillation raisonnable, permettant \u00e0 la machine de zigzag de paix de se convertir librement en haut et en bas simultan\u00e9ment, la structure d'alimentation la rend facile \u00e0 utiliser, la couture a un bon effet, de beaux points.<\/p>\n<p>Assurez-vous que la machine peut traiter les types et tailles d'\u00e9tiquettes que vous utilisez. Aucune \u00e9tiquette ronde ou carr\u00e9e ne peut \u00eatre cousue par cette machine.<\/p>\n<p>Une machine \u00e0 \u00e9tiqueter les matelas est un outil essentiel pour les fabricants de matelas, car elle rationalise le processus d'apposition des \u00e9tiquettes.<\/p>\n<p>&nbsp;<\/p>","protected":false},"featured_media":821,"comment_status":"open","ping_status":"closed","template":"","meta":{"rank_math_lock_modified_date":false},"product_cat":[25],"product_tag":[],"class_list":{"0":"post-858","1":"product","2":"type-product","3":"status-publish","4":"has-post-thumbnail","6":"product_cat-long-arm-machine","8":"first","9":"instock","10":"shipping-taxable","11":"product-type-simple"},"jetpack_sharing_enabled":true,"_links":{"self":[{"href":"https:\/\/boya-machinery.com\/fr\/wp-json\/wp\/v2\/product\/858","targetHints":{"allow":["GET"]}}],"collection":[{"href":"https:\/\/boya-machinery.com\/fr\/wp-json\/wp\/v2\/product"}],"about":[{"href":"https:\/\/boya-machinery.com\/fr\/wp-json\/wp\/v2\/types\/product"}],"replies":[{"embeddable":true,"href":"https:\/\/boya-machinery.com\/fr\/wp-json\/wp\/v2\/comments?post=858"}],"wp:featuredmedia":[{"embeddable":true,"href":"https:\/\/boya-machinery.com\/fr\/wp-json\/wp\/v2\/media\/821"}],"wp:attachment":[{"href":"https:\/\/boya-machinery.com\/fr\/wp-json\/wp\/v2\/media?parent=858"}],"wp:term":[{"taxonomy":"product_cat","embeddable":true,"href":"https:\/\/boya-machinery.com\/fr\/wp-json\/wp\/v2\/product_cat?post=858"},{"taxonomy":"product_tag","embeddable":true,"href":"https:\/\/boya-machinery.com\/fr\/wp-json\/wp\/v2\/product_tag?post=858"}],"curies":[{"name":"wp","href":"https:\/\/api.w.org\/{rel}","templated":true}]}}