{"id":860,"date":"2024-10-29T08:20:59","date_gmt":"2024-10-29T08:20:59","guid":{"rendered":"https:\/\/boya-machinery.com\/?post_type=product&#038;p=860"},"modified":"2025-03-19T09:15:16","modified_gmt":"2025-03-19T09:15:16","slug":"mattress-quilting-machine","status":"publish","type":"product","link":"https:\/\/boya-machinery.com\/fr\/product\/mattress-quilting-machine\/","title":{"rendered":"Machine \u00e0 matelasser \u00e0 grande vitesse populaire"},"content":{"rendered":"<p><strong>Machine \u00e0 piquer les matelas<\/strong><\/p>\n<p>Dimension : 5050*1600*2300mm<\/p>\n<p>Largeur de matelassage : 2450 mm<\/p>\n<p>Rangs d'aiguille : 3<\/p>\n<p>Espace entre les rangs d'aiguilles : 3\u2033+3\u2033<\/p>\n<p>Espace entre les aiguilles : 25,4 mm<\/p>\n<p>D\u00e9placement de l'axe X : 305 mm<\/p>\n<p>\u00c9paisseur du matelassage : moins de 80 mm<\/p>\n<p>Longueur de point : 1-12mm<\/p>\n<p>Vitesse de fonctionnement :  60-230m\/h<\/p>\n<p>Mod\u00e8le d'aiguille : 160\/23<\/p>\n<p>Vitesse de matelassage : 100-1200r\/min<\/p>\n<p>Tension : 380v\/50hz ou 220v\/60hz, triphas\u00e9<\/p>\n<p>Puissance totale : 8 kW<\/p>\n<p>Poids brut : 5000 kg<\/p>","protected":false},"excerpt":{"rendered":"<p>La machine \u00e0 piquer les matelas est \u00e9quip\u00e9e d'une nouvelle barre \u00e0 aiguille en alliage d'aluminium et la plaque de presse est contr\u00f4l\u00e9e par un dispositif \u00e0 double oscillation sans came, ce qui \u00e9vite la lubrification et l'encrassement du mat\u00e9riau.<\/p>\n<p>Protection par infrarouge et fonction de d\u00e9tection automatique du capteur.<\/p>\n<p>Les fonctions puissantes de combinaison de motifs et de quilting \u00e0 plusieurs port\u00e9es (Tack &amp; Jump) vous permettent de quilter diff\u00e9rents motifs sur chaque rang\u00e9e dans des matelas de diff\u00e9rentes tailles.<\/p>\n<p>La machine \u00e0 piquer les matelas adopte une fonction internationale avanc\u00e9e de coupe du fil en tranches, r\u00e9duisant efficacement la probabilit\u00e9 de saut du fil, plus stable.<\/p>\n<p>L'utilisation d'un puissant servomoteur permet \u00e0 la machine de fonctionner plus rapidement que jamais, et sa vitesse de fonctionnement peut atteindre 1200 tours\/minute.<\/p>\n<p>Test de rupture de fil, techniques avanc\u00e9es et pratiques de test de rupture de fil, la machine s'arr\u00eate automatiquement lorsque le fil est rompu.<\/p>\n<p>Une broche entra\u00een\u00e9e par un servomoteur, qui peut modifier la vitesse et l'inversion positive, et coop\u00e9rer avec le logiciel pour compl\u00e9ter la fonction de coupe du fil de coupe.<\/p>\n<p>Corps de machine tr\u00e8s rigide, vitesse de fonctionnement \u00e9lev\u00e9e, fonctionnement \u00e9quilibr\u00e9, haute pr\u00e9cision, taux de saut de fil r\u00e9duit, point de motif parfait.<\/p>\n<p style=\"font-weight: 100;\">Il est largement utilis\u00e9 pour le matelassage de matelas de haute qualit\u00e9, les couvre-lits, les couettes, la literie, les housses de si\u00e8ges, la d\u00e9coration, la tapisserie d'ameublement, etc.<\/p>","protected":false},"featured_media":861,"comment_status":"open","ping_status":"closed","template":"","meta":{"rank_math_lock_modified_date":false},"product_cat":[26],"product_tag":[],"class_list":{"0":"post-860","1":"product","2":"type-product","3":"status-publish","4":"has-post-thumbnail","6":"product_cat-quilting-machine","8":"first","9":"instock","10":"shipping-taxable","11":"product-type-simple"},"jetpack_sharing_enabled":true,"_links":{"self":[{"href":"https:\/\/boya-machinery.com\/fr\/wp-json\/wp\/v2\/product\/860","targetHints":{"allow":["GET"]}}],"collection":[{"href":"https:\/\/boya-machinery.com\/fr\/wp-json\/wp\/v2\/product"}],"about":[{"href":"https:\/\/boya-machinery.com\/fr\/wp-json\/wp\/v2\/types\/product"}],"replies":[{"embeddable":true,"href":"https:\/\/boya-machinery.com\/fr\/wp-json\/wp\/v2\/comments?post=860"}],"wp:featuredmedia":[{"embeddable":true,"href":"https:\/\/boya-machinery.com\/fr\/wp-json\/wp\/v2\/media\/861"}],"wp:attachment":[{"href":"https:\/\/boya-machinery.com\/fr\/wp-json\/wp\/v2\/media?parent=860"}],"wp:term":[{"taxonomy":"product_cat","embeddable":true,"href":"https:\/\/boya-machinery.com\/fr\/wp-json\/wp\/v2\/product_cat?post=860"},{"taxonomy":"product_tag","embeddable":true,"href":"https:\/\/boya-machinery.com\/fr\/wp-json\/wp\/v2\/product_tag?post=860"}],"curies":[{"name":"wp","href":"https:\/\/api.w.org\/{rel}","templated":true}]}}