{"id":862,"date":"2024-10-29T08:23:50","date_gmt":"2024-10-29T08:23:50","guid":{"rendered":"https:\/\/boya-machinery.com\/?post_type=product&#038;p=862"},"modified":"2025-03-19T09:23:59","modified_gmt":"2025-03-19T09:23:59","slug":"multi-needle-quilting-machine","status":"publish","type":"product","link":"https:\/\/boya-machinery.com\/fr\/product\/multi-needle-quilting-machine\/","title":{"rendered":"Machine \u00e0 piquer multi-aiguille populaire de Chine"},"content":{"rendered":"<p><strong>Machine \u00e0 piquer multi-aiguilles<\/strong><\/p>\n<p>Dimension : 4800*1200*1800mm<\/p>\n<p>Largeur de matelassage : 2450 mm<\/p>\n<p>Rangs d'aiguille : 3<\/p>\n<p>Espace entre les rangs d'aiguilles : 3\u2033+3\u2033<\/p>\n<p>Espace entre les aiguilles : 25,4 mm<\/p>\n<p>D\u00e9placement du mouvement de l'axe X : 304,8 mm<\/p>\n<p>\u00c9paisseur du matelassage : moins de 25 mm<\/p>\n<p>Longueur du point : 2-12mm<\/p>\n<p>Vitesse de fonctionnement : 20-160m\/heure<\/p>\n<p>Mod\u00e8le de navette : 10#<\/p>\n<p>Mod\u00e8le d'aiguille : 19#<\/p>\n<p>Vitesse de matelassage : 100-1000r\/min<\/p>\n<p>Tension : 380v\/50hz ou 220v\/60hz, triphas\u00e9<\/p>\n<p>Puissance totale : 5,5 kW<\/p>\n<p>Poids brut : 5000 kg<\/p>","protected":false},"excerpt":{"rendered":"<p>Vitesse ajust\u00e9e par ordinateur et pouvant atteindre 1000r\/min<\/p>\n<p>Les selles et les rouleaux sont entra\u00een\u00e9s par un \u00e9quipement de servocommande, la broche adopte un contr\u00f4le de conversion de fr\u00e9quence.<\/p>\n<p>Selles utilisant une machine \u00e0 piquer de conception tr\u00e8s rigide. Le support du tissu s\u00e9par\u00e9 des selles r\u00e9duit efficacement la charge de fonctionnement du moteur.<\/p>\n<p>L'ordinateur h\u00f4te adopte le syst\u00e8me d'exploitation embarqu\u00e9 le plus avanc\u00e9 et la puce de contr\u00f4le de mouvement d\u00e9velopp\u00e9e par l'entreprise elle-m\u00eame. Vitesse de r\u00e9ponse rapide, longue dur\u00e9e de vie, bonne stabilit\u00e9.<\/p>\n<p>Cette machine \u00e0 piquer multi-aiguille adopte un dispositif de double embrayage, r\u00e9solvant efficacement les probl\u00e8mes de synchronisation des rouleaux (avant et arri\u00e8re).<\/p>\n<p>Tr\u00e8s largement utilis\u00e9 pour le matelassage de v\u00eatements de haute qualit\u00e9, de couvertures de literie, de textiles, de chaussures, de casquettes, de sacs, de gants, de sacs de couchage, de housses de si\u00e8ges, de d\u00e9corations murales, etc.<\/p>\n<p style=\"font-weight: 100;\">\u00a0tige de vis d'importation pr\u00e9cise et de haute rigidit\u00e9<\/p>\n<p>Matelassage al\u00e9atoire \u00e0 360\u00b0 et matelassage ind\u00e9pendant et \u00e0 plusieurs port\u00e9es sans limite.<\/p>\n<p>Test avanc\u00e9 et pratique des techniques de rupture du fil sup\u00e9rieur, la machine s'arr\u00eate automatiquement lorsque le fil est rompu.<\/p>\n<p>Un capteur infrarouge rend l'op\u00e9ration plus s\u00fbre.<\/p>\n<p>Fonctionnement stable, faible bruit, haute pr\u00e9cision, peu de lignes de rupture, facilit\u00e9 d'utilisation.<\/p>\n<p style=\"font-weight: 100;\">Le fonctionnement de la barre \u00e0 aiguille adopte une structure de barre \u00e0 aiguille en alliage d'aluminium. Il n'est pas n\u00e9cessaire d'ajouter un lubrifiant suppl\u00e9mentaire, c'est solide et durable.<\/p>\n<p style=\"font-weight: 100;\">Il est largement utilis\u00e9 pour le matelassage de v\u00eatements de haute qualit\u00e9, de couvertures de literie, de textiles, de chaussures, de casquettes, de sacs, de gants, de sacs de couchage, de housses de si\u00e8ges, de d\u00e9corations murales, etc.<\/p>","protected":false},"featured_media":863,"comment_status":"open","ping_status":"closed","template":"","meta":{"rank_math_lock_modified_date":false},"product_cat":[26],"product_tag":[],"class_list":{"0":"post-862","1":"product","2":"type-product","3":"status-publish","4":"has-post-thumbnail","6":"product_cat-quilting-machine","8":"first","9":"instock","10":"shipping-taxable","11":"product-type-simple"},"jetpack_sharing_enabled":true,"_links":{"self":[{"href":"https:\/\/boya-machinery.com\/fr\/wp-json\/wp\/v2\/product\/862","targetHints":{"allow":["GET"]}}],"collection":[{"href":"https:\/\/boya-machinery.com\/fr\/wp-json\/wp\/v2\/product"}],"about":[{"href":"https:\/\/boya-machinery.com\/fr\/wp-json\/wp\/v2\/types\/product"}],"replies":[{"embeddable":true,"href":"https:\/\/boya-machinery.com\/fr\/wp-json\/wp\/v2\/comments?post=862"}],"wp:featuredmedia":[{"embeddable":true,"href":"https:\/\/boya-machinery.com\/fr\/wp-json\/wp\/v2\/media\/863"}],"wp:attachment":[{"href":"https:\/\/boya-machinery.com\/fr\/wp-json\/wp\/v2\/media?parent=862"}],"wp:term":[{"taxonomy":"product_cat","embeddable":true,"href":"https:\/\/boya-machinery.com\/fr\/wp-json\/wp\/v2\/product_cat?post=862"},{"taxonomy":"product_tag","embeddable":true,"href":"https:\/\/boya-machinery.com\/fr\/wp-json\/wp\/v2\/product_tag?post=862"}],"curies":[{"name":"wp","href":"https:\/\/api.w.org\/{rel}","templated":true}]}}