{"id":864,"date":"2024-10-29T08:43:48","date_gmt":"2024-10-29T08:43:48","guid":{"rendered":"https:\/\/boya-machinery.com\/?post_type=product&#038;p=864"},"modified":"2025-03-19T07:05:07","modified_gmt":"2025-03-19T07:05:07","slug":"border-tape-sewing-machine","status":"publish","type":"product","link":"https:\/\/boya-machinery.com\/fr\/product\/border-tape-sewing-machine\/","title":{"rendered":"Machine \u00e0 coudre pour bordures de matelas populaire"},"content":{"rendered":"<div><strong>Machine \u00e0 coudre pour ruban de bordure<\/strong><\/div>\n<div>Point : 2-5mm<\/div>\n<div>Vitesse de couture : 4-6m\/min<\/div>\n<div>Largeur du tissu de la bordure du matelas : 80-380 mm<\/div>\n<div>Largeur de la fermeture \u00e0 glissi\u00e8re : 32 mm et possibilit\u00e9 de personnalisation<\/div>\n<div>Aiguille automatique : 12\/18mm et accepte \u00e9galement les produits personnalis\u00e9s<\/div>\n<div>Largeur de la bordure du tissu 3D : 85 mm et peut \u00eatre personnalis\u00e9e.<\/div>\n<div>Contacts : 25 et 33<\/div>\n<div>Pas : 6,25 et 4,7 mm<\/div>\n<div>Plage de couture : 152.4mm<\/div>\n<div>Largeur du tissu non tiss\u00e9 : 85 mm et accepte \u00e9galement les produits personnalis\u00e9s.<\/div>\n<div>Puissance : 0,98KW<\/div>\n<div>Dimension : 4.11*1.45*1.47m<\/div>\n<div>Alimentation \u00e9lectrique : 1 phase 220v 50-60hz<\/div>\n<div>Poids : 400 kg<\/div>","protected":false},"excerpt":{"rendered":"<p>https:\/\/www.youtube.com\/embed\/dkTTUeKWD2M<\/p>\n<p>La machine \u00e0 coudre les bandes de bordure de matelas est un outil essentiel pour la fabrication moderne de matelas. Elle est con\u00e7ue pour r\u00e9aliser des coutures pr\u00e9cises et durables sur les bandes de bordure.<\/p>\n<p>Cette machine polyvalente et performante garantit une finition professionnelle et vous aide \u00e0 cr\u00e9er des matelas de qualit\u00e9 sup\u00e9rieure qui r\u00e9pondent aux normes de l'industrie.<\/p>\n<p>Con\u00e7u pour l'efficacit\u00e9 et la fiabilit\u00e9, c'est le choix id\u00e9al pour les fabricants qui cherchent \u00e0 rationaliser leur production et \u00e0 am\u00e9liorer la qualit\u00e9 de leurs produits.<\/p>\n<p>Permet une couture s\u00fbre et r\u00e9guli\u00e8re des rubans de bordure pour un aspect soign\u00e9<\/p>\n<p>La machine \u00e0 coudre pour bandes frontali\u00e8res est compatible avec divers mat\u00e9riaux, ce qui garantit une adaptabilit\u00e9 sans faille.<\/p>\n<p>S'adapte \u00e0 une vari\u00e9t\u00e9 de mod\u00e8les et de tailles de bordures de matelas<\/p>\n<p>Fonctionnement enti\u00e8rement automatique<\/p>\n<p>T\u00eate de couture \u00e0 point de cha\u00eenette (Japon)<\/p>\n<p>La bande contrast\u00e9e peut \u00eatre imprim\u00e9e avec le logo du fabricant ou du client.<\/p>\n<p>Dispositif de traction synchronis\u00e9e pour tissu lisse<\/p>\n<p>Dispositif de d\u00e9tection de rupture de fil, arr\u00eat automatique en cas d'\u00e9puisement du mat\u00e9riau<\/p>\n<p>Moteur de localisation \u00e9lectronique<\/p>\n<p>Taille r\u00e9glable du mat\u00e9riau<\/p>\n<p>Le positionnement flexible de l'appareil permet d'obtenir une vari\u00e9t\u00e9 de styles diff\u00e9rents, et le fonctionnement est simple.<\/p>","protected":false},"featured_media":1674,"comment_status":"open","ping_status":"closed","template":"","meta":{"rank_math_lock_modified_date":false},"product_cat":[24],"product_tag":[],"class_list":{"0":"post-864","1":"product","2":"type-product","3":"status-publish","4":"has-post-thumbnail","6":"product_cat-mattress-border-machine","8":"first","9":"instock","10":"shipping-taxable","11":"product-type-simple"},"jetpack_sharing_enabled":true,"_links":{"self":[{"href":"https:\/\/boya-machinery.com\/fr\/wp-json\/wp\/v2\/product\/864","targetHints":{"allow":["GET"]}}],"collection":[{"href":"https:\/\/boya-machinery.com\/fr\/wp-json\/wp\/v2\/product"}],"about":[{"href":"https:\/\/boya-machinery.com\/fr\/wp-json\/wp\/v2\/types\/product"}],"replies":[{"embeddable":true,"href":"https:\/\/boya-machinery.com\/fr\/wp-json\/wp\/v2\/comments?post=864"}],"wp:featuredmedia":[{"embeddable":true,"href":"https:\/\/boya-machinery.com\/fr\/wp-json\/wp\/v2\/media\/1674"}],"wp:attachment":[{"href":"https:\/\/boya-machinery.com\/fr\/wp-json\/wp\/v2\/media?parent=864"}],"wp:term":[{"taxonomy":"product_cat","embeddable":true,"href":"https:\/\/boya-machinery.com\/fr\/wp-json\/wp\/v2\/product_cat?post=864"},{"taxonomy":"product_tag","embeddable":true,"href":"https:\/\/boya-machinery.com\/fr\/wp-json\/wp\/v2\/product_tag?post=864"}],"curies":[{"name":"wp","href":"https:\/\/api.w.org\/{rel}","templated":true}]}}