{"id":865,"date":"2024-10-29T08:45:30","date_gmt":"2024-10-29T08:45:30","guid":{"rendered":"https:\/\/boya-machinery.com\/?post_type=product&#038;p=865"},"modified":"2025-03-19T07:33:03","modified_gmt":"2025-03-19T07:33:03","slug":"border-sewing-machine","status":"publish","type":"product","link":"https:\/\/boya-machinery.com\/fr\/product\/border-sewing-machine\/","title":{"rendered":"Machine \u00e0 coudre \u00e0 bordure productive pour matelas"},"content":{"rendered":"<p><strong>Machine \u00e0 coudre pour bordures<\/strong><\/p>\n<p>Mode de bordage : un c\u00f4t\u00e9 et deux c\u00f4t\u00e9s disponibles<\/p>\n<p>Largeur de la bride : 6,0 mm<\/p>\n<p>Largeur du tissu d'application : 50-500mm (r\u00e9glable)<\/p>\n<p>Vitesse de bordage : 10-3000 tours\/min<\/p>\n<p>\u00c9paisseur maximale des bordures : moins de 20 mm pour les tissus de bourgeons d'\u00e9ponge de densit\u00e9 moyenne<\/p>\n<p>Pas de l'aiguille : 5mm<\/p>\n<p>Levage maximal du presseur : 8 mm<\/p>\n<p>Pression d'air nominale : 0,8Mpa<\/p>\n<p>Puissance : 1,5KW<\/p>","protected":false},"excerpt":{"rendered":"<p>https:\/\/youtu.be\/KTdb31Gbt9c<\/p>\n<p>&nbsp;<\/p>\n<p>Cette machine \u00e0 coudre pour bordures est utilis\u00e9e pour cr\u00e9er des bords dentel\u00e9s durables et de haute qualit\u00e9 sur les panneaux de matelas, garantissant des coutures solides qui r\u00e9sistent \u00e0 un usage r\u00e9gulier.<\/p>\n<p>Les machines \u00e0 double serge, \u00e9quip\u00e9es d'aiguilles doubles et de m\u00e9canismes de couture avanc\u00e9s, fournissent un bord net et renforc\u00e9 des deux c\u00f4t\u00e9s du tissu, am\u00e9liorant ainsi l'int\u00e9grit\u00e9 structurelle et la qualit\u00e9 esth\u00e9tique des matelas.<\/p>\n<p style=\"font-weight: 100;\">Cette machine est principalement utilis\u00e9e pour les panneaux de bord de matelas \u00e0 double sertissage. Elle poss\u00e8de deux t\u00eates ind\u00e9pendantes, l'une sup\u00e9rieure et l'autre inf\u00e9rieure.<\/p>\n<p style=\"font-weight: 100;\">Dot\u00e9e d'une commande de conversion \u00e0 fr\u00e9quence variable et d'une fonction d'entra\u00eenement simultan\u00e9, d'une alimentation par rouleaux en polyur\u00e9thane motoris\u00e9s, la machine \u00e0 border permet \u00e9galement de tendre le tissu et de l'enrouler de mani\u00e8re r\u00e9glable. Elle peut couper automatiquement les tissus excessifs.<\/p>\n<p style=\"font-weight: 100;\">La machine de verrouillage synchrone \u00e0 double t\u00eate est \u00e9galement \u00e9quip\u00e9e d'un collecteur de d\u00e9chets, d'un d\u00e9tecteur de rupture de fil et d'un dispositif d'arr\u00eat automatique de l'\u00e9pissure. Il s'agit d'une nouvelle machine de bordage intelligente.<\/p>\n<p>Pour cette machine \u00e0 coudre pour bordures, nous adoptons une t\u00eate de couture japonaise PEGASUS, le mod\u00e8le de t\u00eate de couture est sup\u00e9rieur et inf\u00e9rieur, par rapport \u00e0 un autre fabricant, qui adopte des mod\u00e8les de t\u00eate de couture gauche et droite, dont la t\u00eate de couture pr\u00e9sente toujours des probl\u00e8mes d'apr\u00e8s les commentaires de certains clients.<\/p>","protected":false},"featured_media":818,"comment_status":"open","ping_status":"closed","template":"","meta":{"rank_math_lock_modified_date":false},"product_cat":[24],"product_tag":[],"class_list":{"0":"post-865","1":"product","2":"type-product","3":"status-publish","4":"has-post-thumbnail","6":"product_cat-mattress-border-machine","8":"first","9":"instock","10":"shipping-taxable","11":"product-type-simple"},"jetpack_sharing_enabled":true,"_links":{"self":[{"href":"https:\/\/boya-machinery.com\/fr\/wp-json\/wp\/v2\/product\/865","targetHints":{"allow":["GET"]}}],"collection":[{"href":"https:\/\/boya-machinery.com\/fr\/wp-json\/wp\/v2\/product"}],"about":[{"href":"https:\/\/boya-machinery.com\/fr\/wp-json\/wp\/v2\/types\/product"}],"replies":[{"embeddable":true,"href":"https:\/\/boya-machinery.com\/fr\/wp-json\/wp\/v2\/comments?post=865"}],"wp:featuredmedia":[{"embeddable":true,"href":"https:\/\/boya-machinery.com\/fr\/wp-json\/wp\/v2\/media\/818"}],"wp:attachment":[{"href":"https:\/\/boya-machinery.com\/fr\/wp-json\/wp\/v2\/media?parent=865"}],"wp:term":[{"taxonomy":"product_cat","embeddable":true,"href":"https:\/\/boya-machinery.com\/fr\/wp-json\/wp\/v2\/product_cat?post=865"},{"taxonomy":"product_tag","embeddable":true,"href":"https:\/\/boya-machinery.com\/fr\/wp-json\/wp\/v2\/product_tag?post=865"}],"curies":[{"name":"wp","href":"https:\/\/api.w.org\/{rel}","templated":true}]}}